{"id":46769,"date":"2025-01-26T02:22:26","date_gmt":"2025-01-26T02:22:26","guid":{"rendered":"https:\/\/nexgendecors.com\/product\/acrylic-coffee-table-transparent-living-room-special-shaped-creative-irregular-villa-italian-designer-water-ripple-crystal-side-table\/"},"modified":"2025-04-06T08:12:04","modified_gmt":"2025-04-06T08:12:04","slug":"acrylic-coffee-table-transparent-living-room-special-shaped-creative-irregular-villa-italian-designer-water-ripple-crystal-side-table","status":"publish","type":"product","link":"https:\/\/nexgendecors.com\/es\/product\/acrylic-coffee-table-transparent-living-room-special-shaped-creative-irregular-villa-italian-designer-water-ripple-crystal-side-table\/","title":{"rendered":"Mesa de centro irregular de acr\u00edlico de dise\u00f1o italiano \u2013 Ondulaci\u00f3n de agua"},"content":{"rendered":"<ul>\n<li>\n<strong>marca<\/strong>:Shengbang Songya<\/li>\n<li>\n<strong>modelo<\/strong>:XL-2023516<\/li>\n<li>\n<strong>Material<\/strong>:pl\u00e1stico<\/li>\n<li>\n<strong>Material pl\u00e1stico<\/strong>:Plexigl\u00e1s<\/li>\n<li>\n<strong>estilo<\/strong>:Estilo de lujo ligero<\/li>\n<li>\n<strong>forma<\/strong>:Cuadrado<\/li>\n<li>\n<strong>Instalaci\u00f3n<\/strong>:Embalar<\/li>\n<li>\n<strong>elementos populares<\/strong>:Master design, special shape, tea glass<\/li>\n<li>\n<strong>ordenar por color<\/strong>:Small acrylic coffee table, medium acrylic coffee table, large acrylic coffee table, large, medium and small combination acrylic coffee table<\/li>\n<li>\n<strong>Material de acabado<\/strong>:Vaso<\/li>\n<li>\n<strong>Tecnolog\u00eda estructural<\/strong>:Proceso pl\u00e1stico<\/li>\n<li>\n<strong>Tecnolog\u00eda de estructuras pl\u00e1sticas<\/strong>:Casting<\/li>\n<li>\n<strong>Tecnolog\u00eda de acabado<\/strong>:Artesan\u00eda de vidrio<\/li>\n<li>\n<strong>Artesan\u00eda en vidrio<\/strong>:otro<\/li>\n<li>\n<strong>\u00bfEs personalizable?<\/strong>:S\u00ed<\/li>\n<li>\n<strong>Ya sea con rodillo<\/strong>:No<\/li>\n<li>\n<strong>N\u00famero de puertas<\/strong>:Sin puerta<\/li>\n<li>\n<strong>\u00bfHay espacio de almacenamiento?<\/strong>:No<\/li>\n<li>\n<strong>Entrega\/instalaci\u00f3n disponible<\/strong>:Otros, Nanjing, Nanchang, Harbin, Dalian, Tianjin, Ningbo, Chengdu, Hangzhou, Wuhan, Shenyang, Wenzhou, Suzhou, Xi&#039;an, Guiyang, Zhengzhou, Chongqing, Jinhua, Changsha, Shanghai, Dongguan, Beijing, Guangzhou, Shenzhen, Fuzhou, Qingdao, Wuxi, Taizhou, Changzhou, Foshan, Xiamen, Nanning<\/li>\n<li>\n<strong>ciudad<\/strong>:Ciudad de Dongguan<\/li>\n<li>\n<strong>Distritos y condados<\/strong>Distrito de la ciudad de Dongguan<\/li>\n<li>\n<strong>Armar<\/strong>:No<\/li>\n<li>\n<strong>volumen del paquete<\/strong>:0.34m\u00b3<\/li>\n<li>\n<strong>\u00bfHay taxi disponible para transporte?<\/strong>:S\u00ed<\/li>\n<li>\n<strong>Forma de esquina de mesa de caf\u00e9<\/strong>:Cuadrado<\/li>\n<li>\n<strong>Posicionamiento de estilo<\/strong>:Estilo art\u00edstico<\/li>\n<li>\n<strong>Detalles de las instrucciones de instalaci\u00f3n<\/strong>:Provides simple installation tools, no installation instructions<\/li>\n<li>\n<strong>Peso bruto<\/strong>:15 kilos<\/li>\n<li>\n<strong>tama\u00f1o<\/strong>:1.4&#215;0.77&#215;0.32m<\/li>\n<\/ul>\n<p><img><\/p>","protected":false},"excerpt":{"rendered":"<p>Marca: Shengbang Songya Modelo: XL-2023516 Material: Pl\u00e1stico Material pl\u00e1stico: Plexigl\u00e1s Estilo: Estilo de lujo ligero Forma: Cuadrado Instalaci\u00f3n: Paquete Elementos populares: Dise\u00f1o maestro, forma especial, vaso de t\u00e9 Ordenar por<\/p>","protected":false},"featured_media":103382,"comment_status":"open","ping_status":"closed","template":"","meta":[],"product_brand":[],"product_cat":[30862,30971,30850,30857],"product_tag":[],"class_list":{"0":"post-46769","1":"product","2":"type-product","3":"status-publish","4":"has-post-thumbnail","6":"product_cat-wholesales-hotels","7":"product_cat-hp","8":"product_cat-wholesale-furniture","9":"product_cat-wholesale-sofa-table","11":"first","12":"instock","13":"taxable","14":"shipping-taxable","15":"purchasable","16":"product-type-variable"},"_links":{"self":[{"href":"https:\/\/nexgendecors.com\/es\/wp-json\/wp\/v2\/product\/46769","targetHints":{"allow":["GET"]}}],"collection":[{"href":"https:\/\/nexgendecors.com\/es\/wp-json\/wp\/v2\/product"}],"about":[{"href":"https:\/\/nexgendecors.com\/es\/wp-json\/wp\/v2\/types\/product"}],"replies":[{"embeddable":true,"href":"https:\/\/nexgendecors.com\/es\/wp-json\/wp\/v2\/comments?post=46769"}],"version-history":[{"count":0,"href":"https:\/\/nexgendecors.com\/es\/wp-json\/wp\/v2\/product\/46769\/revisions"}],"wp:featuredmedia":[{"embeddable":true,"href":"https:\/\/nexgendecors.com\/es\/wp-json\/wp\/v2\/media\/103382"}],"wp:attachment":[{"href":"https:\/\/nexgendecors.com\/es\/wp-json\/wp\/v2\/media?parent=46769"}],"wp:term":[{"taxonomy":"product_brand","embeddable":true,"href":"https:\/\/nexgendecors.com\/es\/wp-json\/wp\/v2\/product_brand?post=46769"},{"taxonomy":"product_cat","embeddable":true,"href":"https:\/\/nexgendecors.com\/es\/wp-json\/wp\/v2\/product_cat?post=46769"},{"taxonomy":"product_tag","embeddable":true,"href":"https:\/\/nexgendecors.com\/es\/wp-json\/wp\/v2\/product_tag?post=46769"}],"curies":[{"name":"wp","href":"https:\/\/api.w.org\/{rel}","templated":true}]}}