{"id":47136,"date":"2025-01-26T02:22:59","date_gmt":"2025-01-26T02:22:59","guid":{"rendered":"https:\/\/nexgendecors.com\/product\/adjustable-height-portable-folding-telescopic-chair-perfect-for-outdoor-camping-traveling-1706356548732\/"},"modified":"2025-04-06T08:12:25","modified_gmt":"2025-04-06T08:12:25","slug":"silla-telescopica-plegable-portatil-de-altura-ajustable-perfecta-para-acampar-al-aire-libre-y-viajar-1706356548732","status":"publish","type":"product","link":"https:\/\/nexgendecors.com\/es\/product\/silla-telescopica-plegable-portatil-de-altura-ajustable-perfecta-para-acampar-al-aire-libre-y-viajar-1706356548732\/","title":{"rendered":"Silla plegable telesc\u00f3pica ajustable para acampar y viajar"},"content":{"rendered":"<div>\n<p>\ud83c\udfa3 <strong>Nombre del producto:<\/strong> Taburete de pesca retr\u00e1ctil port\u00e1til<\/p>\n<p>\ud83d\udecb\ufe0f <strong>Material del producto:<\/strong> Fabricado en polipropileno (pl\u00e1stico PP)<\/p>\n<p>\ud83c\udfde\ufe0f <strong>Categor\u00eda de producto:<\/strong> Pertenece a las categor\u00edas de taburetes plegables de pl\u00e1stico, taburetes telesc\u00f3picos para cola, taburetes de pesca y taburetes de exterior.<\/p>\n<p>\ud83c\udf33 <strong>Entorno aplicable:<\/strong> Ideal para usar en parques, entornos exteriores, estaciones, supermercados, hogares y uso diario.<\/p>\n<p>\ud83e\ude91 <strong>Descripci\u00f3n del Producto:<\/strong> Este taburete compacto es perfecto para sentarse o descansar los pies, brindando conveniencia y comodidad dondequiera que vaya.<\/p>\n<\/div>","protected":false},"excerpt":{"rendered":"<p>\ud83c\udfa3 Nombre del producto: Taburete de pesca retr\u00e1ctil port\u00e1til \ud83d\udecb\ufe0f Material del producto: Hecho de polipropileno (pl\u00e1stico PP) \ud83c\udfde\ufe0f Categor\u00eda del producto: Se incluye en<\/p>","protected":false},"featured_media":103561,"comment_status":"open","ping_status":"closed","template":"","meta":[],"product_brand":[],"product_cat":[30818,30971],"product_tag":[],"class_list":{"0":"post-47136","1":"product","2":"type-product","3":"status-publish","4":"has-post-thumbnail","6":"product_cat-camping-furniture","7":"product_cat-hp","9":"first","10":"instock","11":"sale","12":"taxable","13":"shipping-taxable","14":"purchasable","15":"product-type-variable"},"_links":{"self":[{"href":"https:\/\/nexgendecors.com\/es\/wp-json\/wp\/v2\/product\/47136","targetHints":{"allow":["GET"]}}],"collection":[{"href":"https:\/\/nexgendecors.com\/es\/wp-json\/wp\/v2\/product"}],"about":[{"href":"https:\/\/nexgendecors.com\/es\/wp-json\/wp\/v2\/types\/product"}],"replies":[{"embeddable":true,"href":"https:\/\/nexgendecors.com\/es\/wp-json\/wp\/v2\/comments?post=47136"}],"version-history":[{"count":0,"href":"https:\/\/nexgendecors.com\/es\/wp-json\/wp\/v2\/product\/47136\/revisions"}],"wp:featuredmedia":[{"embeddable":true,"href":"https:\/\/nexgendecors.com\/es\/wp-json\/wp\/v2\/media\/103561"}],"wp:attachment":[{"href":"https:\/\/nexgendecors.com\/es\/wp-json\/wp\/v2\/media?parent=47136"}],"wp:term":[{"taxonomy":"product_brand","embeddable":true,"href":"https:\/\/nexgendecors.com\/es\/wp-json\/wp\/v2\/product_brand?post=47136"},{"taxonomy":"product_cat","embeddable":true,"href":"https:\/\/nexgendecors.com\/es\/wp-json\/wp\/v2\/product_cat?post=47136"},{"taxonomy":"product_tag","embeddable":true,"href":"https:\/\/nexgendecors.com\/es\/wp-json\/wp\/v2\/product_tag?post=47136"}],"curies":[{"name":"wp","href":"https:\/\/api.w.org\/{rel}","templated":true}]}}