{"id":47296,"date":"2025-01-26T02:23:15","date_gmt":"2025-01-26T02:23:15","guid":{"rendered":"https:\/\/nexgendecors.com\/product\/alimorden-kids-ultra-soft-snuggle-foam-filled-chair-single-cuddly-sherpa-reading-couch-for-boys-and-girls-grey1711880132817\/"},"modified":"2025-04-06T08:12:28","modified_gmt":"2025-04-06T08:12:28","slug":"sillon-infantil-alimorden-ultra-suave-y-acogedor-relleno-de-espuma-sherpa-sofa-de-lectura-individual-para-ninos-y-ninas-gris-1711880132817","status":"publish","type":"product","link":"https:\/\/nexgendecors.com\/es\/product\/sillon-infantil-alimorden-ultra-suave-y-acogedor-relleno-de-espuma-sherpa-sofa-de-lectura-individual-para-ninos-y-ninas-gris-1711880132817\/","title":{"rendered":"Silla de lectura infantil ALIMORDEN Ultra Soft Sherpa, gris"},"content":{"rendered":"<div class=\"flex-1 overflow-hidden\" data-mce-fragment=\"1\">\n<div class=\"react-scroll-to-bottom--css-pyouc-79elbk h-full\" data-mce-fragment=\"1\">\n<div class=\"react-scroll-to-bottom--css-pyouc-1n7m0yu\" data-mce-fragment=\"1\">\n<div data-mce-fragment=\"1\">\n<div class=\"flex flex-col text-sm pb-9\" data-mce-fragment=\"1\">\n<div class=\"w-full text-token-text-primary\" dir=\"auto\" data-testid=\"conversation-turn-67\" data-mce-fragment=\"1\">\n<div class=\"px-4 py-2 justify-center text-base md:gap-6 m-auto\" data-mce-fragment=\"1\">\n<div class=\"flex flex-1 text-base mx-auto gap-3 juice:gap-4 juice:md:gap-6 md:px-5 lg:px-1 xl:px-5 md:max-w-3xl lg:max-w-[40rem] xl:max-w-[48rem]\" data-mce-fragment=\"1\">\n<div class=\"relative flex w-full flex-col agent-turn\" data-mce-fragment=\"1\">\n<div class=\"flex-col gap-1 md:gap-3\" data-mce-fragment=\"1\">\n<div class=\"flex flex-grow flex-col max-w-full\" data-mce-fragment=\"1\">\n<div data-message-author-role=\"assistant\" data-message-id=\"e7ffd4e9-d65f-4613-83e9-76b2a65e1f14\" dir=\"auto\" class=\"min-h-[20px] text-message flex flex-col items-start gap-3 whitespace-pre-wrap break-words [.text-message+&#038;]:mt-5 overflow-x-auto\" data-mce-fragment=\"1\">\n<div class=\"markdown prose w-full break-words dark:prose-invert light\" data-mce-fragment=\"1\">\n<p data-mce-fragment=\"1\">\ud83e\ude91 <strong data-mce-fragment=\"1\">Soporte de espalda medio alto:<\/strong> Dise\u00f1ada pensando en los m\u00e1s peque\u00f1os, esta suave silla para ni\u00f1os peque\u00f1os ofrece un lugar acogedor para leer, relajarse o acurrucarse. Su suave respaldo de altura media ofrece un amplio soporte, garantizando la comodidad durante su uso. Un regalo ideal para beb\u00e9s que fomenta la relajaci\u00f3n y el tiempo libre.<\/p>\n<p data-mce-fragment=\"1\">\ud83c\udf88 <strong data-mce-fragment=\"1\">Dise\u00f1o ligero:<\/strong> Dise\u00f1ada pensando en la comodidad, esta silla para ni\u00f1os peque\u00f1os cuenta con una construcci\u00f3n ligera y un asa pr\u00e1ctica para transportarla f\u00e1cilmente. Mu\u00e9vela f\u00e1cilmente a diferentes habitaciones, como el dormitorio, la sala, el balc\u00f3n o la sala de juegos. Su hermosa tela de color liso a\u00f1ade un toque de elegancia a cualquier espacio.<\/p>\n<p data-mce-fragment=\"1\">\ud83c\udf08 <strong data-mce-fragment=\"1\">C\u00f3modo y suave al tacto:<\/strong> Envuelta en algod\u00f3n 100% extra suave y duradero, la funda para sill\u00f3n infantil proporciona una sensaci\u00f3n lujosamente suave y acogedora. Disponible en varios colores, como verde lima, crema y gris, puedes elegir el tono perfecto para complementar tu decoraci\u00f3n.<\/p>\n<p data-mce-fragment=\"1\">\ud83d\udee1\ufe0f <strong data-mce-fragment=\"1\">Dise\u00f1o seguro y c\u00f3modo:<\/strong> Fabricada con un grueso acolchado de espuma, esta silla infantil garantiza durabilidad y resistencia contra saltos o trepadas. Sin esquinas afiladas ni bordes duros, prioriza la seguridad infantil. Los brazos de apoyo del sof\u00e1 infantil ofrecen estabilidad adicional, previniendo ca\u00eddas accidentales.<\/p>\n<p data-mce-fragment=\"1\">\ud83e\uddfc <strong data-mce-fragment=\"1\">Cubierta f\u00e1cil de quitar:<\/strong> Para mayor comodidad, el sill\u00f3n incluye una funda extra\u00edble y lavable a m\u00e1quina que se quita f\u00e1cilmente con cremallera para una limpieza f\u00e1cil. Simplemente l\u00e1velo a m\u00e1quina con agua fr\u00eda y s\u00e9quelo a la temperatura m\u00e1s baja para un mantenimiento sin complicaciones.<\/p>\n<p data-mce-fragment=\"1\">\ud83d\udd27 <strong data-mce-fragment=\"1\">No requiere instalaci\u00f3n:<\/strong> Olv\u00eddate de los complicados procesos de montaje. La silla infantil viene envasada al vac\u00edo para mayor comodidad. Simplemente s\u00e1cala y deja que se infle durante unas horas, preferiblemente 24 horas para que alcance su tama\u00f1o \u00f3ptimo. Despu\u00e9s, disfruta de su acogedora comodidad sin demora.<\/p>\n<\/div>\n<\/div>\n<\/div>\n<\/div>\n<\/div>\n<\/div>\n<\/div>\n<\/div>\n<\/div>\n<\/div>\n<\/div>\n<\/div>\n<\/div>\n<div><\/div>","protected":false},"excerpt":{"rendered":"<p>\ud83e\ude91 Soporte de espalda medio alto: Dise\u00f1ada pensando en los m\u00e1s peque\u00f1os, esta mullida silla para ni\u00f1os peque\u00f1os brinda un lugar acogedor para<\/p>","protected":false},"featured_media":103702,"comment_status":"open","ping_status":"closed","template":"","meta":[],"product_brand":[],"product_cat":[30971,30837,30849],"product_tag":[],"class_list":{"0":"post-47296","1":"product","2":"type-product","3":"status-publish","4":"has-post-thumbnail","6":"product_cat-hp","7":"product_cat-kids-sofa","8":"product_cat-kindergarten-school-furniture","10":"first","11":"instock","12":"taxable","13":"shipping-taxable","14":"purchasable","15":"product-type-variable"},"_links":{"self":[{"href":"https:\/\/nexgendecors.com\/es\/wp-json\/wp\/v2\/product\/47296","targetHints":{"allow":["GET"]}}],"collection":[{"href":"https:\/\/nexgendecors.com\/es\/wp-json\/wp\/v2\/product"}],"about":[{"href":"https:\/\/nexgendecors.com\/es\/wp-json\/wp\/v2\/types\/product"}],"replies":[{"embeddable":true,"href":"https:\/\/nexgendecors.com\/es\/wp-json\/wp\/v2\/comments?post=47296"}],"version-history":[{"count":0,"href":"https:\/\/nexgendecors.com\/es\/wp-json\/wp\/v2\/product\/47296\/revisions"}],"wp:featuredmedia":[{"embeddable":true,"href":"https:\/\/nexgendecors.com\/es\/wp-json\/wp\/v2\/media\/103702"}],"wp:attachment":[{"href":"https:\/\/nexgendecors.com\/es\/wp-json\/wp\/v2\/media?parent=47296"}],"wp:term":[{"taxonomy":"product_brand","embeddable":true,"href":"https:\/\/nexgendecors.com\/es\/wp-json\/wp\/v2\/product_brand?post=47296"},{"taxonomy":"product_cat","embeddable":true,"href":"https:\/\/nexgendecors.com\/es\/wp-json\/wp\/v2\/product_cat?post=47296"},{"taxonomy":"product_tag","embeddable":true,"href":"https:\/\/nexgendecors.com\/es\/wp-json\/wp\/v2\/product_tag?post=47296"}],"curies":[{"name":"wp","href":"https:\/\/api.w.org\/{rel}","templated":true}]}}