{"id":47516,"date":"2025-01-26T02:23:40","date_gmt":"2025-01-26T02:23:40","guid":{"rendered":"https:\/\/nexgendecors.com\/product\/aluminum-alloy-auditorium-chair-row-chair-theater-chair-lecture-hall-seat-cinema-seat-theater-chair-stepped-classroom-row-chair-2\/"},"modified":"2025-04-06T08:12:51","modified_gmt":"2025-04-06T08:12:51","slug":"aluminum-alloy-auditorium-chair-row-chair-theater-chair-lecture-hall-seat-cinema-seat-theater-chair-stepped-classroom-row-chair-2","status":"publish","type":"product","link":"https:\/\/nexgendecors.com\/es\/product\/aluminum-alloy-auditorium-chair-row-chair-theater-chair-lecture-hall-seat-cinema-seat-theater-chair-stepped-classroom-row-chair-2\/","title":{"rendered":"Silla de teatro de aleaci\u00f3n de aluminio: elegante y duradera"},"content":{"rendered":"<ul>\n<li>\n<strong>marca<\/strong>:Constitutivo<\/li>\n<li>\n<strong>modelo<\/strong>:BG-820-3<\/li>\n<li>\n<strong>\u00bfHay un tablero para escribir?<\/strong>:S\u00ed<\/li>\n<li>\n<strong>Material<\/strong>:Tela<\/li>\n<li>\n<strong>Tama\u00f1o del paquete<\/strong>:0,42 metros c\u00fabicos<\/li>\n<li>\n<strong>Peso del paquete<\/strong>:25 kilos<\/li>\n<li>\n<strong>Servicio en la ciudad<\/strong>:Log\u00edstica intraurbana de entrega puerta a puerta<\/li>\n<li>\n<strong>\u00bfHay un canal para cables?<\/strong>:No<\/li>\n<li>\n<strong>ordenar por color<\/strong>:BG-2881,BG-7581,BG-7576,BG-7516,BG-9671,BG-9672,BG-9673,BG-9674,BG-967SU,BG-2863,BG-2857,BG-2814,BG- 2000,BG-2885,BG-2833,BG-7533,BG-6321,BG-8587,BG-8583,BG-7595,BG-5375,BG-1385,BG-6669,BG-6397<\/li>\n<\/ul>\n<p><img><\/p>","protected":false},"excerpt":{"rendered":"<p>Marca:Constitutive Modelo:BG-820-3 \u00bfHay un tablero de escritura?:S\u00ed Material:Tela Tama\u00f1o del paquete:0,42 metros c\u00fabicos Peso del paquete:25 kg Servicio en la ciudad:Entrega puerta a puerta de log\u00edstica intraurbana<\/p>","protected":false},"featured_media":103965,"comment_status":"open","ping_status":"closed","template":"","meta":[],"product_brand":[],"product_cat":[30863,30971,30866],"product_tag":[],"class_list":{"0":"post-47516","1":"product","2":"type-product","3":"status-publish","4":"has-post-thumbnail","6":"product_cat-wholesales-cinema-theater","7":"product_cat-hp","8":"product_cat-wholesales-university-high-schools","10":"first","11":"instock","12":"taxable","13":"shipping-taxable","14":"purchasable","15":"product-type-variable"},"_links":{"self":[{"href":"https:\/\/nexgendecors.com\/es\/wp-json\/wp\/v2\/product\/47516","targetHints":{"allow":["GET"]}}],"collection":[{"href":"https:\/\/nexgendecors.com\/es\/wp-json\/wp\/v2\/product"}],"about":[{"href":"https:\/\/nexgendecors.com\/es\/wp-json\/wp\/v2\/types\/product"}],"replies":[{"embeddable":true,"href":"https:\/\/nexgendecors.com\/es\/wp-json\/wp\/v2\/comments?post=47516"}],"version-history":[{"count":0,"href":"https:\/\/nexgendecors.com\/es\/wp-json\/wp\/v2\/product\/47516\/revisions"}],"wp:featuredmedia":[{"embeddable":true,"href":"https:\/\/nexgendecors.com\/es\/wp-json\/wp\/v2\/media\/103965"}],"wp:attachment":[{"href":"https:\/\/nexgendecors.com\/es\/wp-json\/wp\/v2\/media?parent=47516"}],"wp:term":[{"taxonomy":"product_brand","embeddable":true,"href":"https:\/\/nexgendecors.com\/es\/wp-json\/wp\/v2\/product_brand?post=47516"},{"taxonomy":"product_cat","embeddable":true,"href":"https:\/\/nexgendecors.com\/es\/wp-json\/wp\/v2\/product_cat?post=47516"},{"taxonomy":"product_tag","embeddable":true,"href":"https:\/\/nexgendecors.com\/es\/wp-json\/wp\/v2\/product_tag?post=47516"}],"curies":[{"name":"wp","href":"https:\/\/api.w.org\/{rel}","templated":true}]}}