{"id":47954,"date":"2025-01-26T02:24:41","date_gmt":"2025-01-26T02:24:41","guid":{"rendered":"https:\/\/nexgendecors.com\/product\/aoduo-italian-minimalist-restaurant-pendant-lamp-log-style-hand-sweep-long-strip-lamp-creative-personality-walnut-color-lamp\/"},"modified":"2025-04-06T08:13:47","modified_gmt":"2025-04-06T08:13:47","slug":"aoduo-italian-minimalist-restaurant-pendant-lamp-log-style-hand-sweep-long-strip-lamp-creative-personality-walnut-color-lamp","status":"publish","type":"product","link":"https:\/\/nexgendecors.com\/es\/product\/aoduo-italian-minimalist-restaurant-pendant-lamp-log-style-hand-sweep-long-strip-lamp-creative-personality-walnut-color-lamp\/","title":{"rendered":"L\u00e1mpara colgante minimalista Aoduo de nogal \u2013 Dise\u00f1o creativo"},"content":{"rendered":"<ul>\n<li>\n<strong>marca<\/strong>:AOZZO\/AODO<\/li>\n<li>\n<strong>modelo<\/strong>:NPL030636 Walnut SS<\/li>\n<li>\n<strong>estilo<\/strong>:Europa del Norte<\/li>\n<li>\n<strong>Tipo de l\u00e1mpara de ara\u00f1a<\/strong>:L\u00e1mpara de ara\u00f1a de hierro forjado<\/li>\n<li>\n<strong>Material principal del cuerpo de la l\u00e1mpara.<\/strong>:ABS + chasis de hardware<\/li>\n<li>\n<strong>Material principal de la pantalla de la l\u00e1mpara<\/strong>:Pantalla de PMMA de alta transmitancia de luz<\/li>\n<li>\n<strong>Voltaje<\/strong>:111 V ~ 240 V (inclusive)<\/li>\n<li>\n<strong>Tipo inteligente<\/strong>:Conectado a Tmall Genie<\/li>\n<li>\n<strong>\u00c1rea de irradiaci\u00f3n<\/strong>:10\u33a1-15\u33a1<\/li>\n<li>\n<strong>Forma de la l\u00e1mpara<\/strong>:L\u00e1mpara de ara\u00f1a de l\u00ednea de pescado<\/li>\n<li>\n<strong>Ya sea control inteligente<\/strong>:S\u00ed<\/li>\n<li>\n<strong>N\u00famero de cabezales de l\u00e1mpara<\/strong>:1<\/li>\n<li>\n<strong>ordenar por color<\/strong>:A1 living room and dining room TCLE7454 grab A1 living room and dining room TCLE7462 grab A1 living room and dining room TCLE7470 grab A2 living room and dining room TCLE7455 grab A2 living room and dining room TCLE7463 grab A8 three bedrooms and two living rooms TCLE7461 grab [original Pu Rui lamp beads] floodlight walnut color 112CM hand-sweep three colors 32W grab [original Pu Rui lamp beads] floodlight walnut + dark green 112CM hand-sweep three colors 32W grab [original Pu Rui lamp beads] grille fine sand black 112CM hand-sweep single color 32W grab [original Pu Rui lamp beads] floodlight walnut color 145CM hand-sweep three colors 56W grab [original Pu Rui lamp beads] floodlight walnut + dark green 145CM hand-sweep three colors 42W grab [original Pu Rui lamp beads] grille walnut + dark green 145CM hand-sweep single color 42W Grab [original Puli lamp beads] flood light milky white 112CM hand sweep three colors 32W Grab [original Puli lamp beads] flood light milky white 145CM hand sweep three colors 56W Grab [original Puli lamp beads] grille walnut color 145CM hand sweep single color 56W Grab<\/li>\n<li>\n<strong>N\u00famero de certificado 3C<\/strong>:2019171001002973<\/li>\n<\/ul>\n<p><img><\/p>","protected":false},"excerpt":{"rendered":"<p>Marca: AOZZO\/AODO Modelo: NPL030636 Nogal SS Estilo: Europa del Norte Tipo de ara\u00f1a: Ara\u00f1a de hierro forjado Material principal del cuerpo de la l\u00e1mpara: ABS + chasis de hardware Material principal de la pantalla de la l\u00e1mpara: PMMA de alta<\/p>","protected":false},"featured_media":104465,"comment_status":"open","ping_status":"closed","template":"","meta":[],"product_brand":[],"product_cat":[30971,30864],"product_tag":[],"class_list":{"0":"post-47954","1":"product","2":"type-product","3":"status-publish","4":"has-post-thumbnail","6":"product_cat-hp","7":"product_cat-new-wholesales-lights","9":"first","10":"instock","11":"taxable","12":"shipping-taxable","13":"purchasable","14":"product-type-variable"},"_links":{"self":[{"href":"https:\/\/nexgendecors.com\/es\/wp-json\/wp\/v2\/product\/47954","targetHints":{"allow":["GET"]}}],"collection":[{"href":"https:\/\/nexgendecors.com\/es\/wp-json\/wp\/v2\/product"}],"about":[{"href":"https:\/\/nexgendecors.com\/es\/wp-json\/wp\/v2\/types\/product"}],"replies":[{"embeddable":true,"href":"https:\/\/nexgendecors.com\/es\/wp-json\/wp\/v2\/comments?post=47954"}],"version-history":[{"count":0,"href":"https:\/\/nexgendecors.com\/es\/wp-json\/wp\/v2\/product\/47954\/revisions"}],"wp:featuredmedia":[{"embeddable":true,"href":"https:\/\/nexgendecors.com\/es\/wp-json\/wp\/v2\/media\/104465"}],"wp:attachment":[{"href":"https:\/\/nexgendecors.com\/es\/wp-json\/wp\/v2\/media?parent=47954"}],"wp:term":[{"taxonomy":"product_brand","embeddable":true,"href":"https:\/\/nexgendecors.com\/es\/wp-json\/wp\/v2\/product_brand?post=47954"},{"taxonomy":"product_cat","embeddable":true,"href":"https:\/\/nexgendecors.com\/es\/wp-json\/wp\/v2\/product_cat?post=47954"},{"taxonomy":"product_tag","embeddable":true,"href":"https:\/\/nexgendecors.com\/es\/wp-json\/wp\/v2\/product_tag?post=47954"}],"curies":[{"name":"wp","href":"https:\/\/api.w.org\/{rel}","templated":true}]}}