{"id":48060,"date":"2025-01-26T02:24:55","date_gmt":"2025-01-26T02:24:55","guid":{"rendered":"https:\/\/nexgendecors.com\/product\/armen-living-butterfly-mid-century-modern-upholstered-fabric-wood-dining-accent-chair-for-kitchen-table-desk-vanity-21d-x-22w-x-29h-in-blue-walnut1711877003015\/"},"modified":"2025-04-06T08:13:59","modified_gmt":"2025-04-06T08:13:59","slug":"silla-de-comedor-armen-living-butterfly-moderna-de-mediados-de-siglo-tapizada-en-tela-y-madera-para-mesa-de-cocina-escritorio-y-tocador-53-cm-de-profundidad-x-56-cm-de-ancho-x-74-cm-de-alto-en-n","status":"publish","type":"product","link":"https:\/\/nexgendecors.com\/es\/product\/silla-de-comedor-armen-living-butterfly-moderna-de-mediados-de-siglo-tapizada-en-tela-y-madera-para-mesa-de-cocina-escritorio-y-tocador-53-cm-de-profundidad-x-56-cm-de-ancho-x-74-cm-de-alto-en-n\/","title":{"rendered":"Armen Living Silla acentuada Butterfly Mid-Century - Azul\/Nogal"},"content":{"rendered":"<p data-mce-fragment=\"1\"><strong data-mce-fragment=\"1\">Silla de comedor Butterfly de Armen Living<\/strong><\/p>\n<p data-mce-fragment=\"1\"><strong data-mce-fragment=\"1\">\ud83c\udff7\ufe0f Marca<\/strong>: Armen Living<br data-mce-fragment=\"1\"><strong data-mce-fragment=\"1\">\ud83c\udfa8 Color<\/strong>:Azul\/Nogal<br data-mce-fragment=\"1\"><strong data-mce-fragment=\"1\">\ud83d\udccf Dimensiones del producto<\/strong>: 21\u2033 de profundidad x 22\u2033 de ancho x 29\u2033 de alto<br data-mce-fragment=\"1\"><strong data-mce-fragment=\"1\">\ud83d\udccf Tama\u00f1o<\/strong>: 21D x 22W x 29H pulgadas<br data-mce-fragment=\"1\"><strong data-mce-fragment=\"1\">\ud83d\udd19 Estilo de espalda<\/strong>: Espalda s\u00f3lida<br data-mce-fragment=\"1\"><strong data-mce-fragment=\"1\">\ud83d\udee0\ufe0fMaterial<\/strong>: Madera<br data-mce-fragment=\"1\"><strong data-mce-fragment=\"1\">\u2696\ufe0f Peso del art\u00edculo<\/strong>:15 libras<br data-mce-fragment=\"1\"><strong data-mce-fragment=\"1\">\ud83e\udeb5 Material del marco<\/strong>: Madera<br data-mce-fragment=\"1\"><strong data-mce-fragment=\"1\">\ud83e\ude91 Material del asiento<\/strong>: Madera<\/p>\n<p data-mce-fragment=\"1\"><strong data-mce-fragment=\"1\">Acerca de esta elegante silla de comedor<\/strong><\/p>\n<ul data-mce-fragment=\"1\">\n<li data-mce-fragment=\"1\">\n<p data-mce-fragment=\"1\"><strong data-mce-fragment=\"1\">Dise\u00f1o moderno de mediados de siglo<\/strong>La silla de comedor Butterfly de Armen Living combina la est\u00e9tica moderna de mediados de siglo con el estilo contempor\u00e1neo, lo que la convierte en una adici\u00f3n vers\u00e1til y atemporal a cualquier decoraci\u00f3n.<\/p>\n<\/li>\n<li data-mce-fragment=\"1\">\n<p data-mce-fragment=\"1\"><strong data-mce-fragment=\"1\">\ud83d\udecb\ufe0f Dise\u00f1ado para la comodidad<\/strong>Con c\u00f3modos apoyabrazos y un dise\u00f1o de asiento con respaldo bajo abierto, la silla Butterfly ofrece una comodidad \u00f3ptima para sentarse durante per\u00edodos prolongados, mejorando su experiencia gastron\u00f3mica o de estar.<\/p>\n<\/li>\n<li data-mce-fragment=\"1\">\n<p data-mce-fragment=\"1\"><strong data-mce-fragment=\"1\">Acabado en madera de nogal<\/strong>Bellamente elaborada con un acabado de madera de nogal, esta silla combina durabilidad con belleza natural, lo que garantiza que resista el uso diario manteniendo su apariencia elegante.<\/p>\n<\/li>\n<li data-mce-fragment=\"1\">\n<p data-mce-fragment=\"1\"><strong data-mce-fragment=\"1\">\ud83c\udfe0 Uso vers\u00e1til<\/strong>Ideal para cocinas, comedores, oficinas en el hogar o entornos comerciales, la silla Butterfly se adapta sin esfuerzo a diversos entornos y sirve como una acogedora pieza central para los invitados.<\/p>\n<\/li>\n<li data-mce-fragment=\"1\">\n<p data-mce-fragment=\"1\"><strong data-mce-fragment=\"1\">\ud83d\udd27 F\u00e1cil montaje<\/strong>Incluye un manual de usuario (en formato PDF) para un montaje sencillo. Sigue los pasos para una instalaci\u00f3n correcta y disfruta de tu nueva silla Butterfly en un abrir y cerrar de ojos.<\/p>\n<\/li>\n<\/ul>\n<div><\/div>","protected":false},"excerpt":{"rendered":"<p>\ud83e\ude91 Armen Living Silla de comedor Butterfly \ud83c\udff7\ufe0f Marca: Armen Living\ud83c\udfa8 Color: Azul\/Nogal\ud83d\udccf Dimensiones del producto: 21\u2033D x 22\u2033W x 29\u2033H\ud83d\udccf Tama\u00f1o:<\/p>","protected":false},"featured_media":104569,"comment_status":"open","ping_status":"closed","template":"","meta":[],"product_brand":[],"product_cat":[30811,30858,30902,30971,30846,32],"product_tag":[],"class_list":{"0":"post-48060","1":"product","2":"type-product","3":"status-publish","4":"has-post-thumbnail","6":"product_cat-armchairs","7":"product_cat-wholesale-bedroom","8":"product_cat-bs-chairs","9":"product_cat-hp","10":"product_cat-living-room","11":"product_cat-residential-furniture","13":"first","14":"instock","15":"sale","16":"taxable","17":"shipping-taxable","18":"purchasable","19":"product-type-variable"},"_links":{"self":[{"href":"https:\/\/nexgendecors.com\/es\/wp-json\/wp\/v2\/product\/48060","targetHints":{"allow":["GET"]}}],"collection":[{"href":"https:\/\/nexgendecors.com\/es\/wp-json\/wp\/v2\/product"}],"about":[{"href":"https:\/\/nexgendecors.com\/es\/wp-json\/wp\/v2\/types\/product"}],"replies":[{"embeddable":true,"href":"https:\/\/nexgendecors.com\/es\/wp-json\/wp\/v2\/comments?post=48060"}],"version-history":[{"count":0,"href":"https:\/\/nexgendecors.com\/es\/wp-json\/wp\/v2\/product\/48060\/revisions"}],"wp:featuredmedia":[{"embeddable":true,"href":"https:\/\/nexgendecors.com\/es\/wp-json\/wp\/v2\/media\/104569"}],"wp:attachment":[{"href":"https:\/\/nexgendecors.com\/es\/wp-json\/wp\/v2\/media?parent=48060"}],"wp:term":[{"taxonomy":"product_brand","embeddable":true,"href":"https:\/\/nexgendecors.com\/es\/wp-json\/wp\/v2\/product_brand?post=48060"},{"taxonomy":"product_cat","embeddable":true,"href":"https:\/\/nexgendecors.com\/es\/wp-json\/wp\/v2\/product_cat?post=48060"},{"taxonomy":"product_tag","embeddable":true,"href":"https:\/\/nexgendecors.com\/es\/wp-json\/wp\/v2\/product_tag?post=48060"}],"curies":[{"name":"wp","href":"https:\/\/api.w.org\/{rel}","templated":true}]}}