{"id":48072,"date":"2025-01-26T02:24:58","date_gmt":"2025-01-26T02:24:58","guid":{"rendered":"https:\/\/nexgendecors.com\/product\/armen-living-grand-outdoor-patio-swivel-lounge-chair-standard-black-aluminum-with-gray-cushion1711877002794\/"},"modified":"2025-04-06T08:14:09","modified_gmt":"2025-04-06T08:14:09","slug":"sillon-giratorio-para-patio-exterior-armen-living-grand-de-aluminio-negro-estandar-con-cojin-gris-1711877002794","status":"publish","type":"product","link":"https:\/\/nexgendecors.com\/es\/product\/sillon-giratorio-para-patio-exterior-armen-living-grand-de-aluminio-negro-estandar-con-cojin-gris-1711877002794\/","title":{"rendered":"Armen Living Silla Lounge Giratoria - Aluminio Negro, Coj\u00edn Gris"},"content":{"rendered":"<p data-mce-fragment=\"1\"><strong data-mce-fragment=\"1\">Sill\u00f3n giratorio de exterior Armen Living \ud83e\ude91\ud83c\udf3f<\/strong><\/p>\n<p data-mce-fragment=\"1\"><strong data-mce-fragment=\"1\">Marca<\/strong>: Armen Living<br data-mce-fragment=\"1\"><strong data-mce-fragment=\"1\">Color<\/strong>:Aluminio negro con coj\u00edn gris<br data-mce-fragment=\"1\"><strong data-mce-fragment=\"1\">Dimensiones del producto<\/strong>: 32\u2033 de profundidad x 31\u2033 de ancho x 35\u2033 de alto<br data-mce-fragment=\"1\"><strong data-mce-fragment=\"1\">Tama\u00f1o<\/strong>: Est\u00e1ndar<br data-mce-fragment=\"1\"><strong data-mce-fragment=\"1\">Estilo de espalda<\/strong>: Espalda s\u00f3lida<\/p>\n<p data-mce-fragment=\"1\"><strong data-mce-fragment=\"1\">Caracter\u00edsticas principales<\/strong>:<\/p>\n<p data-mce-fragment=\"1\"><strong data-mce-fragment=\"1\">Materiales de calidad<\/strong>:<\/p>\n<ul data-mce-fragment=\"1\">\n<li data-mce-fragment=\"1\">\n<strong data-mce-fragment=\"1\">Aluminio ecol\u00f3gico<\/strong>:F\u00e1cilmente reciclable, duradero y resistente a la corrosi\u00f3n \ud83c\udf31\ud83d\udd29<\/li>\n<li data-mce-fragment=\"1\">\n<strong data-mce-fragment=\"1\">Dise\u00f1o ligero<\/strong>:F\u00e1cil de mover y reposicionar seg\u00fan sea necesario \u2696\ufe0f<\/li>\n<\/ul>\n<p data-mce-fragment=\"1\"><strong data-mce-fragment=\"1\">Tapicer\u00eda resistente a la intemperie<\/strong>:<\/p>\n<ul data-mce-fragment=\"1\">\n<li data-mce-fragment=\"1\">\n<strong data-mce-fragment=\"1\">Tejido de poli\u00e9ster duradero<\/strong>:Perfecto para uso al aire libre \ud83c\udf26\ufe0f<\/li>\n<li data-mce-fragment=\"1\">\n<strong data-mce-fragment=\"1\">Resiste el estiramiento, la abrasi\u00f3n, la podredumbre, el da\u00f1o solar y el agua.<\/strong>:Asegura longevidad y resiliencia \ud83c\udf1e\ud83d\udca7<\/li>\n<\/ul>\n<p data-mce-fragment=\"1\"><strong data-mce-fragment=\"1\">Cojines extra\u00edbles para exterior<\/strong>:<\/p>\n<ul data-mce-fragment=\"1\">\n<li data-mce-fragment=\"1\">\n<strong data-mce-fragment=\"1\">Espuma de alta densidad<\/strong>: Proporciona comodidad y soporte \ud83d\udecb\ufe0f<\/li>\n<li data-mce-fragment=\"1\">\n<strong data-mce-fragment=\"1\">F\u00e1cil mantenimiento<\/strong>:Los cojines se pueden quitar para limpiarlos o reemplazarlos con facilidad \ud83e\uddfc<\/li>\n<\/ul>\n<p data-mce-fragment=\"1\"><strong data-mce-fragment=\"1\">Configuraci\u00f3n vers\u00e1til<\/strong>:<\/p>\n<ul data-mce-fragment=\"1\">\n<li data-mce-fragment=\"1\">\n<strong data-mce-fragment=\"1\">Dise\u00f1o adaptable<\/strong>:Se adapta a cualquier espacio al aire libre, incluido patio, jard\u00edn, balc\u00f3n o \u00e1rea de piscina \ud83c\udf33\ud83c\udfca<\/li>\n<\/ul>\n<p data-mce-fragment=\"1\"><strong data-mce-fragment=\"1\">Funcionalidad giratoria\/deslizante<\/strong>:<\/p>\n<ul data-mce-fragment=\"1\">\n<li data-mce-fragment=\"1\">\n<strong data-mce-fragment=\"1\">La comodidad es lo primero<\/strong>:Dise\u00f1ado para m\u00e1xima comodidad y relajaci\u00f3n \ud83d\udecb\ufe0f<\/li>\n<li data-mce-fragment=\"1\">\n<strong data-mce-fragment=\"1\">Lugar favorito<\/strong>:Esta silla seguramente se convertir\u00e1 en tu lugar ideal para relajarte al aire libre \ud83c\udf3f<\/li>\n<\/ul>\n<p data-mce-fragment=\"1\">Realza tu espacio al aire libre con la silla giratoria deslizable de Armen Living. Con su construcci\u00f3n de aluminio ecol\u00f3gico, tapizado resistente a la intemperie y c\u00f3modos cojines, est\u00e1 dise\u00f1ada para ofrecer estilo y durabilidad. Disfruta de su versatilidad para adaptarse a cualquier espacio exterior y la comodidad adicional de su funci\u00f3n giratoria\/deslizante. \u00a1Convierte esta silla en tu lugar favorito para relajarte y desconectar al aire libre!<\/p>\n<div><\/div>","protected":false},"excerpt":{"rendered":"<p>Armen Living Silla giratoria deslizante para exteriores \ud83e\ude91\ud83c\udf3f Marca: Armen LivingColor: Aluminio negro con coj\u00edn grisDimensiones del producto: 32\u2033D x 31\u2033W x<\/p>","protected":false},"featured_media":104597,"comment_status":"open","ping_status":"closed","template":"","meta":[],"product_brand":[],"product_cat":[30971,30856,32],"product_tag":[],"class_list":{"0":"post-48072","1":"product","2":"type-product","3":"status-publish","4":"has-post-thumbnail","6":"product_cat-hp","7":"product_cat-outdoor-furniture","8":"product_cat-residential-furniture","10":"first","11":"instock","12":"sale","13":"taxable","14":"shipping-taxable","15":"purchasable","16":"product-type-simple"},"_links":{"self":[{"href":"https:\/\/nexgendecors.com\/es\/wp-json\/wp\/v2\/product\/48072","targetHints":{"allow":["GET"]}}],"collection":[{"href":"https:\/\/nexgendecors.com\/es\/wp-json\/wp\/v2\/product"}],"about":[{"href":"https:\/\/nexgendecors.com\/es\/wp-json\/wp\/v2\/types\/product"}],"replies":[{"embeddable":true,"href":"https:\/\/nexgendecors.com\/es\/wp-json\/wp\/v2\/comments?post=48072"}],"version-history":[{"count":0,"href":"https:\/\/nexgendecors.com\/es\/wp-json\/wp\/v2\/product\/48072\/revisions"}],"wp:featuredmedia":[{"embeddable":true,"href":"https:\/\/nexgendecors.com\/es\/wp-json\/wp\/v2\/media\/104597"}],"wp:attachment":[{"href":"https:\/\/nexgendecors.com\/es\/wp-json\/wp\/v2\/media?parent=48072"}],"wp:term":[{"taxonomy":"product_brand","embeddable":true,"href":"https:\/\/nexgendecors.com\/es\/wp-json\/wp\/v2\/product_brand?post=48072"},{"taxonomy":"product_cat","embeddable":true,"href":"https:\/\/nexgendecors.com\/es\/wp-json\/wp\/v2\/product_cat?post=48072"},{"taxonomy":"product_tag","embeddable":true,"href":"https:\/\/nexgendecors.com\/es\/wp-json\/wp\/v2\/product_tag?post=48072"}],"curies":[{"name":"wp","href":"https:\/\/api.w.org\/{rel}","templated":true}]}}