{"id":48082,"date":"2025-01-26T02:25:03","date_gmt":"2025-01-26T02:25:03","guid":{"rendered":"https:\/\/nexgendecors.com\/product\/armen-living-java-barstool-in-black-faux-leather-walnut-wood-and-chrome-finish-24-33-adjustable-seat-height1711879049973\/"},"modified":"2025-04-06T08:14:14","modified_gmt":"2025-04-06T08:14:14","slug":"taburete-de-bar-armen-living-java-en-piel-sintetica-negra-madera-de-nogal-y-acabado-cromado-altura-del-asiento-ajustable-24-x-33-1711879049973","status":"publish","type":"product","link":"https:\/\/nexgendecors.com\/es\/product\/taburete-de-bar-armen-living-java-en-piel-sintetica-negra-madera-de-nogal-y-acabado-cromado-altura-del-asiento-ajustable-24-x-33-1711879049973\/","title":{"rendered":"Armen Living Java Taburete de Bar Ajustable - Piel sint\u00e9tica negra"},"content":{"rendered":"<p data-mce-fragment=\"1\"><strong data-mce-fragment=\"1\">Taburete Java elegante y con estilo:<\/strong> \ud83c\udf1f\ud83e\ude91<\/p>\n<p data-mce-fragment=\"1\"><strong data-mce-fragment=\"1\">Dise\u00f1o moderno:<\/strong><\/p>\n<ul data-mce-fragment=\"1\">\n<li data-mce-fragment=\"1\">Estilo chic de mediados de siglo para un look atemporal.<\/li>\n<li data-mce-fragment=\"1\">El dise\u00f1o sin respaldo agrega un toque contempor\u00e1neo a cualquier espacio.<\/li>\n<\/ul>\n<p data-mce-fragment=\"1\"><strong data-mce-fragment=\"1\">Comodidad y funcionalidad:<\/strong><\/p>\n<ul data-mce-fragment=\"1\">\n<li data-mce-fragment=\"1\">\ud83c\udf21\ufe0f Base elevadora hidr\u00e1ulica cromada para altura ajustable (24-33\u2033H).<\/li>\n<li data-mce-fragment=\"1\">\ud83e\ude91El asiento acolchado de PU garantiza comodidad al sentarse.<\/li>\n<li data-mce-fragment=\"1\">\ud83e\uddb6 C\u00f3modo reposapi\u00e9s para mayor relajaci\u00f3n.<\/li>\n<li data-mce-fragment=\"1\">\ud83d\udd04El asiento giratorio permite un f\u00e1cil movimiento.<\/li>\n<\/ul>\n<p data-mce-fragment=\"1\"><strong data-mce-fragment=\"1\">Dimensiones y especificaciones:<\/strong><\/p>\n<ul data-mce-fragment=\"1\">\n<li data-mce-fragment=\"1\">Dimensiones del producto: 17\u2033 de ancho x 19\u2033 de profundidad x 24-33\u2033 de alto<\/li>\n<\/ul>\n<p data-mce-fragment=\"1\">Renueva tu bar o encimera de cocina con nuestro elegante y vers\u00e1til taburete Java. \u00a1Disfruta de comodidad, estilo y funcionalidad, todo en uno! \ud83c\udf1f\ud83c\udfe0\ud83c\udf78<\/p>\n<div><\/div>","protected":false},"excerpt":{"rendered":"<p>Sleek &amp; Stylish Java Barstool: \ud83c\udf1f\ud83e\ude91 Dise\u00f1o moderno: \ud83d\udd70\ufe0f Estilo chic de mediados de siglo para un look atemporal. \ud83c\udf10 El dise\u00f1o sin respaldo a\u00f1ade<\/p>","protected":false},"featured_media":104632,"comment_status":"open","ping_status":"closed","template":"","meta":[],"product_brand":[],"product_cat":[30813,30826,30971,32],"product_tag":[],"class_list":{"0":"post-48082","1":"product","2":"type-product","3":"status-publish","4":"has-post-thumbnail","6":"product_cat-bar-stools","7":"product_cat-dining-room","8":"product_cat-hp","9":"product_cat-residential-furniture","11":"first","12":"instock","13":"sale","14":"taxable","15":"shipping-taxable","16":"purchasable","17":"product-type-simple"},"_links":{"self":[{"href":"https:\/\/nexgendecors.com\/es\/wp-json\/wp\/v2\/product\/48082","targetHints":{"allow":["GET"]}}],"collection":[{"href":"https:\/\/nexgendecors.com\/es\/wp-json\/wp\/v2\/product"}],"about":[{"href":"https:\/\/nexgendecors.com\/es\/wp-json\/wp\/v2\/types\/product"}],"replies":[{"embeddable":true,"href":"https:\/\/nexgendecors.com\/es\/wp-json\/wp\/v2\/comments?post=48082"}],"version-history":[{"count":0,"href":"https:\/\/nexgendecors.com\/es\/wp-json\/wp\/v2\/product\/48082\/revisions"}],"wp:featuredmedia":[{"embeddable":true,"href":"https:\/\/nexgendecors.com\/es\/wp-json\/wp\/v2\/media\/104632"}],"wp:attachment":[{"href":"https:\/\/nexgendecors.com\/es\/wp-json\/wp\/v2\/media?parent=48082"}],"wp:term":[{"taxonomy":"product_brand","embeddable":true,"href":"https:\/\/nexgendecors.com\/es\/wp-json\/wp\/v2\/product_brand?post=48082"},{"taxonomy":"product_cat","embeddable":true,"href":"https:\/\/nexgendecors.com\/es\/wp-json\/wp\/v2\/product_cat?post=48082"},{"taxonomy":"product_tag","embeddable":true,"href":"https:\/\/nexgendecors.com\/es\/wp-json\/wp\/v2\/product_tag?post=48082"}],"curies":[{"name":"wp","href":"https:\/\/api.w.org\/{rel}","templated":true}]}}