{"id":48145,"date":"2025-01-26T02:25:14","date_gmt":"2025-01-26T02:25:14","guid":{"rendered":"https:\/\/nexgendecors.com\/product\/armen-living-shelly-mid-century-faux-leather-swivel-kitchen-barstool-26-counter-height-cream1711877003001\/"},"modified":"2025-04-06T08:14:33","modified_gmt":"2025-04-06T08:14:33","slug":"taburete-de-cocina-giratorio-armen-living-shelly-de-mediados-de-siglo-de-piel-sintetica-altura-de-mostrador-de-26-pulgadas-color-crema-1711877003001","status":"publish","type":"product","link":"https:\/\/nexgendecors.com\/es\/product\/taburete-de-cocina-giratorio-armen-living-shelly-de-mediados-de-siglo-de-piel-sintetica-altura-de-mostrador-de-26-pulgadas-color-crema-1711877003001\/","title":{"rendered":"Armen Living Shelly Taburete giratorio de piel sint\u00e9tica color crema"},"content":{"rendered":"<p data-mce-fragment=\"1\"><strong data-mce-fragment=\"1\">Taburete de bar moderno de mediados de siglo Shelly de Armen Living<\/strong><\/p>\n<p data-mce-fragment=\"1\"><strong data-mce-fragment=\"1\">\ud83d\udccf Dimensiones del producto<\/strong>: 18\u2033 de profundidad x 18\u2033 de ancho x 37\u2033 de alto<br data-mce-fragment=\"1\"><strong data-mce-fragment=\"1\">\ud83c\udfa8 Color<\/strong>:Crema\/Nuez<br data-mce-fragment=\"1\"><strong data-mce-fragment=\"1\">\ud83c\udff7\ufe0f Marca<\/strong>: Armen Living<br data-mce-fragment=\"1\"><strong data-mce-fragment=\"1\">\ud83d\udccf Tama\u00f1o<\/strong>: Altura del mostrador de 26\u2033<br data-mce-fragment=\"1\"><strong data-mce-fragment=\"1\">\ud83c\udfa8 Estilo<\/strong>: Madera de nogal<br data-mce-fragment=\"1\"><strong data-mce-fragment=\"1\">\ud83e\udeb5 Material del marco<\/strong>: Madera<br data-mce-fragment=\"1\"><strong data-mce-fragment=\"1\">\ud83e\ude91 Material del asiento<\/strong>: Cuero de imitaci\u00f3n<br data-mce-fragment=\"1\"><strong data-mce-fragment=\"1\">\ud83d\udd32 Forma<\/strong>: Redondo<br data-mce-fragment=\"1\"><strong data-mce-fragment=\"1\">\u2696\ufe0f Peso del art\u00edculo<\/strong>:16 libras<\/p>\n<p data-mce-fragment=\"1\"><strong data-mce-fragment=\"1\">Acerca de este elegante taburete de bar<\/strong><\/p>\n<ul data-mce-fragment=\"1\">\n<li data-mce-fragment=\"1\">\n<p data-mce-fragment=\"1\"><strong data-mce-fragment=\"1\">Elegancia atemporal<\/strong>Combinando el encanto moderno de mediados de siglo con un toque de glamour, el taburete de bar Shelly de Armen Living eleva el estilo de su hogar y se adapta perfectamente a cualquier tema de dise\u00f1o.<\/p>\n<\/li>\n<li data-mce-fragment=\"1\">\n<p data-mce-fragment=\"1\"><strong data-mce-fragment=\"1\">\ud83d\udd04 Funci\u00f3n giratoria inigualable<\/strong>Dise\u00f1ado para la comodidad y la movilidad, el taburete Shelly cuenta con una funci\u00f3n giratoria de 360 grados para cambios de direcci\u00f3n sin esfuerzo, lo que lo hace perfecto para relajarse y socializar.<\/p>\n<\/li>\n<li data-mce-fragment=\"1\">\n<p data-mce-fragment=\"1\"><strong data-mce-fragment=\"1\">\ud83c\udfe0 Opciones de altura<\/strong>:Ya sea una isla de cocina, una mesa de bar o una pen\u00ednsula, elija entre la altura de barra de 30\u2033 o la altura de mostrador de 26\u2033 para adaptarse perfectamente a su espacio y necesidades de asientos.<\/p>\n<\/li>\n<li data-mce-fragment=\"1\">\n<p data-mce-fragment=\"1\"><strong data-mce-fragment=\"1\">\ud83c\udfa8 Colores personalizables<\/strong>:Disponible en acabado de madera de nogal con tapizado de cuero sint\u00e9tico crema, gris o marr\u00f3n para una apariencia c\u00e1lida, o acabado de madera negra con cuero sint\u00e9tico gris para un toque moderno.<\/p>\n<\/li>\n<li data-mce-fragment=\"1\">\n<p data-mce-fragment=\"1\"><strong data-mce-fragment=\"1\">\ud83d\udecb\ufe0f Comodidad excepcional<\/strong>Cuenta con respaldo y asiento acolchados con espuma de alta densidad y tapizados en suave piel sint\u00e9tica. El dise\u00f1o abierto del respaldo garantiza una sensaci\u00f3n transpirable, ideal para uso prolongado en cocinas, oficinas, bares o salas de estar.<\/p>\n<\/li>\n<\/ul>\n<div><\/div>","protected":false},"excerpt":{"rendered":"<p>\ud83e\ude91 Armen Living Shelly Mid Century Modern Barstool \ud83d\udccf Dimensiones del producto: 18\u2033D x 18\u2033W x 37\u2033H\ud83c\udfa8 Color: Crema\/Walnut\ud83c\udff7\ufe0f Marca: Armen<\/p>","protected":false},"featured_media":104777,"comment_status":"open","ping_status":"closed","template":"","meta":[],"product_brand":[],"product_cat":[30813,30826,30971,32],"product_tag":[],"class_list":{"0":"post-48145","1":"product","2":"type-product","3":"status-publish","4":"has-post-thumbnail","6":"product_cat-bar-stools","7":"product_cat-dining-room","8":"product_cat-hp","9":"product_cat-residential-furniture","11":"first","12":"instock","13":"sale","14":"taxable","15":"shipping-taxable","16":"purchasable","17":"product-type-variable"},"_links":{"self":[{"href":"https:\/\/nexgendecors.com\/es\/wp-json\/wp\/v2\/product\/48145","targetHints":{"allow":["GET"]}}],"collection":[{"href":"https:\/\/nexgendecors.com\/es\/wp-json\/wp\/v2\/product"}],"about":[{"href":"https:\/\/nexgendecors.com\/es\/wp-json\/wp\/v2\/types\/product"}],"replies":[{"embeddable":true,"href":"https:\/\/nexgendecors.com\/es\/wp-json\/wp\/v2\/comments?post=48145"}],"version-history":[{"count":0,"href":"https:\/\/nexgendecors.com\/es\/wp-json\/wp\/v2\/product\/48145\/revisions"}],"wp:featuredmedia":[{"embeddable":true,"href":"https:\/\/nexgendecors.com\/es\/wp-json\/wp\/v2\/media\/104777"}],"wp:attachment":[{"href":"https:\/\/nexgendecors.com\/es\/wp-json\/wp\/v2\/media?parent=48145"}],"wp:term":[{"taxonomy":"product_brand","embeddable":true,"href":"https:\/\/nexgendecors.com\/es\/wp-json\/wp\/v2\/product_brand?post=48145"},{"taxonomy":"product_cat","embeddable":true,"href":"https:\/\/nexgendecors.com\/es\/wp-json\/wp\/v2\/product_cat?post=48145"},{"taxonomy":"product_tag","embeddable":true,"href":"https:\/\/nexgendecors.com\/es\/wp-json\/wp\/v2\/product_tag?post=48145"}],"curies":[{"name":"wp","href":"https:\/\/api.w.org\/{rel}","templated":true}]}}