{"id":48158,"date":"2025-01-26T02:25:20","date_gmt":"2025-01-26T02:25:20","guid":{"rendered":"https:\/\/nexgendecors.com\/product\/art-chaojiang-lawrence-leather-sofa-villa-large-flat-designer-lawrence-sofa-living-room-large-apartment\/"},"modified":"2025-03-08T14:20:33","modified_gmt":"2025-03-08T14:20:33","slug":"art-chaojiang-lawrence-leather-sofa-villa-large-flat-designer-lawrence-sofa-living-room-large-apartment","status":"publish","type":"product","link":"https:\/\/nexgendecors.com\/es\/product\/art-chaojiang-lawrence-leather-sofa-villa-large-flat-designer-lawrence-sofa-living-room-large-apartment\/","title":{"rendered":"Lawrence Leather Sofa &#8211; Luxury Villa Living Room Design"},"content":{"rendered":"<ul>\n<li>\n<strong>marca<\/strong>:Artesano de tendencias art\u00edsticas<\/li>\n<li>\n<strong>modelo<\/strong>:Lawrence Designer A2<\/li>\n<li>\n<strong>elementos populares<\/strong>:Metal<\/li>\n<li>\n<strong>volumen del paquete<\/strong>:2<\/li>\n<li>\n<strong>\u00bfEs personalizable?<\/strong>:No<\/li>\n<li>\n<strong>Material<\/strong>:Piel genuina<\/li>\n<li>\n<strong>\u00bfHay taxi disponible para transporte?<\/strong>:S\u00ed<\/li>\n<li>\n<strong>Posicionamiento de estilo<\/strong>:Lujo de calidad<\/li>\n<li>\n<strong>Entrega\/instalaci\u00f3n disponible<\/strong>:Foshan Zhengzhou Guiyang Guangzhou Fuzhou Harbin Xiamen Chongqing Changzhou Suzhou Xi&#039;an Shenzhen Nanjing Changsha Beijing Qingdao Wuxi Chengdu Shanghai Wuhan Nanning Shenyang Dalian Taizhou Dongguan Tianjin Otros Jinhua Hangzhou Nanchang Ningbo Wenzhou<\/li>\n<li>\n<strong>ordenar por color<\/strong>:[Entrega gratuita a domicilio en todo el pa\u00eds] Para conocer la direcci\u00f3n de cada tienda, consulte con el departamento de atenci\u00f3n al cliente 140 cm + reposapi\u00e9s [Versi\u00f3n de moda] Pie recto de cuero\/madera maciza con superficie de contacto abatanada de 2,0 mm y 224 cm [Versi\u00f3n de moda] Pie recto de cuero\/madera maciza con superficie de contacto abatanada de 2,0 mm y 280 cm [Versi\u00f3n de moda] Pie recto de cuero\/madera maciza con superficie de contacto abatanada de 2,0 mm y 308 cm [Versi\u00f3n de moda] Pie recto de cuero\/madera maciza con superficie de contacto abatanada de 2,0 mm y 336 cm [Versi\u00f3n de moda] Pie recto de cuero\/madera maciza con superficie de contacto abatanada de 2,0 mm y 392 cm [Versi\u00f3n de moda] Esquina del pie de cuero\/madera maciza con superficie de contacto abatanada de 2,0 mm y 336 x 168 cm [Versi\u00f3n de moda] Esquina del pie de cuero\/madera maciza con superficie de contacto abatanada de 2,0 mm y 364 x 168 cm [Versi\u00f3n de moda] Superficie de contacto de cuero pulido de 2,0 mm o m\u00e1s \/ madera maciza Unidad de pie 140 cm + reposapi\u00e9s [Ultimate Edition] Marco inferior recto de acero inoxidable \/ cuero pulido de 2,0 mm o m\u00e1s 224 cm [Ultimate Edition] Marco inferior recto de acero inoxidable \/ cuero pulido de 2,0 mm o m\u00e1s 280 cm [Ultimate Edition] Marco inferior recto de acero inoxidable \/ cuero pulido de 2,0 mm o m\u00e1s 308 cm [Ultimate Edition] Marco inferior recto de acero inoxidable \/ cuero pulido de 2,0 mm o m\u00e1s 336 cm [Ultimate Edition] Marco inferior recto de acero inoxidable \/ cuero pulido de 2,0 mm o m\u00e1s 392 cm [Ultimate Edition] Marco inferior de acero inoxidable \/ cuero pulido de 2,0 mm o m\u00e1s 336 x 168 cm [Ultimate Edition] Marco inferior de acero inoxidable \/ cuero pulido de 2,0 mm o m\u00e1s 364 x 168 cm [Ultimate Edition] Marco inferior de acero inoxidable \/ cuero pulido de 2,0 mm o m\u00e1s 364 x 168 cm \/ Marco inferior de acero inoxidable [Admite colores y tama\u00f1os personalizados] [Gabinete intermedio 500 yuanes cada uno]<\/li>\n<li>\n<strong><\/strong>:<\/li>\n<\/ul>\n<p><img><\/p>","protected":false},"excerpt":{"rendered":"<p>brand:Art Trend Craftsman model:Lawrence Designer A2 popular elements:Metal package volume:2 Is it customizable?:no Material:Genuine Leather Is taxi available for transportation?:yes<\/p>","protected":false},"featured_media":104835,"comment_status":"open","ping_status":"closed","template":"","meta":[],"product_brand":[],"product_cat":[30971,30850],"product_tag":[],"class_list":{"0":"post-48158","1":"product","2":"type-product","3":"status-publish","4":"has-post-thumbnail","6":"product_cat-hp","7":"product_cat-wholesale-furniture","9":"first","10":"instock","11":"taxable","12":"shipping-taxable","13":"purchasable","14":"product-type-simple"},"_links":{"self":[{"href":"https:\/\/nexgendecors.com\/es\/wp-json\/wp\/v2\/product\/48158","targetHints":{"allow":["GET"]}}],"collection":[{"href":"https:\/\/nexgendecors.com\/es\/wp-json\/wp\/v2\/product"}],"about":[{"href":"https:\/\/nexgendecors.com\/es\/wp-json\/wp\/v2\/types\/product"}],"replies":[{"embeddable":true,"href":"https:\/\/nexgendecors.com\/es\/wp-json\/wp\/v2\/comments?post=48158"}],"version-history":[{"count":0,"href":"https:\/\/nexgendecors.com\/es\/wp-json\/wp\/v2\/product\/48158\/revisions"}],"wp:featuredmedia":[{"embeddable":true,"href":"https:\/\/nexgendecors.com\/es\/wp-json\/wp\/v2\/media\/104835"}],"wp:attachment":[{"href":"https:\/\/nexgendecors.com\/es\/wp-json\/wp\/v2\/media?parent=48158"}],"wp:term":[{"taxonomy":"product_brand","embeddable":true,"href":"https:\/\/nexgendecors.com\/es\/wp-json\/wp\/v2\/product_brand?post=48158"},{"taxonomy":"product_cat","embeddable":true,"href":"https:\/\/nexgendecors.com\/es\/wp-json\/wp\/v2\/product_cat?post=48158"},{"taxonomy":"product_tag","embeddable":true,"href":"https:\/\/nexgendecors.com\/es\/wp-json\/wp\/v2\/product_tag?post=48158"}],"curies":[{"name":"wp","href":"https:\/\/api.w.org\/{rel}","templated":true}]}}