{"id":48163,"date":"2025-01-26T02:25:24","date_gmt":"2025-01-26T02:25:24","guid":{"rendered":"https:\/\/nexgendecors.com\/product\/art-chaojiang-lawrence-sofa-leather-chaise-longue-balcony-leisure-beauty-couch-small-apartment-living-room-chaise-longue-sofa\/"},"modified":"2025-04-06T08:14:51","modified_gmt":"2025-04-06T08:14:51","slug":"sofa-chaise-longue-de-cuero-estilo-lawrence-de-chaojiang-ideal-para-balcon-ocio-belleza-apartamento-pequeno-sala-de-estar-sofa-chaise-longue","status":"publish","type":"product","link":"https:\/\/nexgendecors.com\/es\/product\/sofa-chaise-longue-de-cuero-estilo-lawrence-de-chaojiang-ideal-para-balcon-ocio-belleza-apartamento-pequeno-sala-de-estar-sofa-chaise-longue\/","title":{"rendered":"Chaise longue de cuero Art Chaojiang para espacios peque\u00f1os"},"content":{"rendered":"<ul>\n<li>\n<strong>\u00bfHay espacio de almacenamiento?<\/strong>:No<\/li>\n<li>\n<strong>estilo<\/strong>:Italiano<\/li>\n<li>\n<strong>Armar<\/strong>:No<\/li>\n<li>\n<strong>\u00bfEst\u00e1 disponible la preventa?<\/strong>:S\u00ed<\/li>\n<li>\n<strong>Material de acabado<\/strong>:cuero<\/li>\n<li>\n<strong>Material de cuero<\/strong>:Piel genuina<\/li>\n<li>\n<strong>Caracter\u00edsticas adicionales<\/strong>:puede moverse<\/li>\n<li>\n<strong>volumen del paquete<\/strong>:2<\/li>\n<li>\n<strong>Relleno<\/strong>:esponja<\/li>\n<li>\n<strong>Para la gente<\/strong>:adulto<\/li>\n<li>\n<strong>Combinaci\u00f3n de sof\u00e1s<\/strong>:Forma de L<\/li>\n<li>\n<strong>Posicionamiento de estilo<\/strong>:Lujo de calidad<\/li>\n<li>\n<strong>ordenar por color<\/strong>:[Entrega gratuita a domicilio en todo el pa\u00eds] Para conocer la direcci\u00f3n de cada tienda, consulte con el departamento de atenci\u00f3n al cliente 140 cm + reposapi\u00e9s [Versi\u00f3n de moda] Pie recto de cuero\/madera maciza con superficie de contacto abatanada de 2,0 mm y 224 cm [Versi\u00f3n de moda] Pie recto de cuero\/madera maciza con superficie de contacto abatanada de 2,0 mm y 280 cm [Versi\u00f3n de moda] Pie recto de cuero\/madera maciza con superficie de contacto abatanada de 2,0 mm y 308 cm [Versi\u00f3n de moda] Pie recto de cuero\/madera maciza con superficie de contacto abatanada de 2,0 mm y 336 cm [Versi\u00f3n de moda] Pie recto de cuero\/madera maciza con superficie de contacto abatanada de 2,0 mm y 392 cm [Versi\u00f3n de moda] Esquina del pie de cuero\/madera maciza con superficie de contacto abatanada de 2,0 mm y 336 x 168 cm [Versi\u00f3n de moda] Esquina del pie de cuero\/madera maciza con superficie de contacto abatanada de 2,0 mm y 364 x 168 cm [Versi\u00f3n de moda] Superficie de contacto de cuero pulido de 2,0 mm o m\u00e1s \/ madera maciza Unidad de pie 140 cm + reposapi\u00e9s [Ultimate Edition] Marco inferior recto de acero inoxidable \/ cuero pulido de 2,0 mm o m\u00e1s 224 cm [Ultimate Edition] Marco inferior recto de acero inoxidable \/ cuero pulido de 2,0 mm o m\u00e1s 280 cm [Ultimate Edition] Marco inferior recto de acero inoxidable \/ cuero pulido de 2,0 mm o m\u00e1s 308 cm [Ultimate Edition] Marco inferior recto de acero inoxidable \/ cuero pulido de 2,0 mm o m\u00e1s 336 cm [Ultimate Edition] Marco inferior recto de acero inoxidable \/ cuero pulido de 2,0 mm o m\u00e1s 392 cm [Ultimate Edition] Marco inferior de acero inoxidable \/ cuero pulido de 2,0 mm o m\u00e1s 336 x 168 cm [Ultimate Edition] Marco inferior de acero inoxidable \/ cuero pulido de 2,0 mm o m\u00e1s 364 x 168 cm [Ultimate Edition] Marco inferior de acero inoxidable \/ cuero pulido de 2,0 mm o m\u00e1s 364 x 168 cm \/ Marco inferior de acero inoxidable [Admite colores y tama\u00f1os personalizados] [Gabinete intermedio 500 yuanes cada uno]<\/li>\n<li>\n<strong>marca<\/strong>:Artesano de tendencias art\u00edsticas<\/li>\n<li>\n<strong>modelo<\/strong>:Lawrence Chaise A1<\/li>\n<li>\n<strong>elementos populares<\/strong>:Metal<\/li>\n<li>\n<strong>Adecuado<\/strong>:Adultos<\/li>\n<li>\n<strong>Tecnolog\u00eda estructural<\/strong>:Artesan\u00eda en madera<\/li>\n<li>\n<strong>Tecnolog\u00eda de estructura de madera<\/strong>:otro<\/li>\n<li>\n<strong>Tecnolog\u00eda de acabado<\/strong>:Artesan\u00eda del cuero<\/li>\n<li>\n<strong>Proceso de acabado del cuero<\/strong>:impresi\u00f3n<\/li>\n<li>\n<strong>\u00bfEs personalizable?<\/strong>:No<\/li>\n<li>\n<strong>\u00bfEs desmontable y lavable?<\/strong>:No<\/li>\n<li>\n<strong>Material<\/strong>:Madera<\/li>\n<li>\n<strong>Material de madera<\/strong>:otro<\/li>\n<li>\n<strong>N\u00famero de personas aplicable<\/strong>:combinaci\u00f3n<\/li>\n<li>\n<strong>patr\u00f3n<\/strong>:Arte<\/li>\n<li>\n<strong>\u00bfHay taxi disponible para transporte?<\/strong>:S\u00ed<\/li>\n<li>\n<strong>Entrega\/instalaci\u00f3n disponible<\/strong>:Foshan Zhengzhou Guiyang Guangzhou Fuzhou Harbin Xiamen Chongqing Changzhou Suzhou Xi&#039;an Shenzhen Nanjing Changsha Beijing Qingdao Wuxi Chengdu Shanghai Wuhan Nanning Shenyang Dalian Taizhou Dongguan Tianjin Otros Jinhua Hangzhou Nanchang Ningbo Wenzhou<\/li>\n<\/ul>\n<p><img><\/p>","protected":false},"excerpt":{"rendered":"<p>\u00bfHay espacio de almacenamiento?:no Estilo:italiano Ensamblaje:no \u00bfHay preventa disponible?:si Material de acabado:cuero Material de cuero:cuero genuino Caracter\u00edsticas adicionales:se puede mover volumen del paquete:2<\/p>","protected":false},"featured_media":104847,"comment_status":"open","ping_status":"closed","template":"","meta":[],"product_brand":[],"product_cat":[30971,30850],"product_tag":[],"class_list":{"0":"post-48163","1":"product","2":"type-product","3":"status-publish","4":"has-post-thumbnail","6":"product_cat-hp","7":"product_cat-wholesale-furniture","9":"first","10":"instock","11":"taxable","12":"shipping-taxable","13":"purchasable","14":"product-type-simple"},"_links":{"self":[{"href":"https:\/\/nexgendecors.com\/es\/wp-json\/wp\/v2\/product\/48163","targetHints":{"allow":["GET"]}}],"collection":[{"href":"https:\/\/nexgendecors.com\/es\/wp-json\/wp\/v2\/product"}],"about":[{"href":"https:\/\/nexgendecors.com\/es\/wp-json\/wp\/v2\/types\/product"}],"replies":[{"embeddable":true,"href":"https:\/\/nexgendecors.com\/es\/wp-json\/wp\/v2\/comments?post=48163"}],"version-history":[{"count":0,"href":"https:\/\/nexgendecors.com\/es\/wp-json\/wp\/v2\/product\/48163\/revisions"}],"wp:featuredmedia":[{"embeddable":true,"href":"https:\/\/nexgendecors.com\/es\/wp-json\/wp\/v2\/media\/104847"}],"wp:attachment":[{"href":"https:\/\/nexgendecors.com\/es\/wp-json\/wp\/v2\/media?parent=48163"}],"wp:term":[{"taxonomy":"product_brand","embeddable":true,"href":"https:\/\/nexgendecors.com\/es\/wp-json\/wp\/v2\/product_brand?post=48163"},{"taxonomy":"product_cat","embeddable":true,"href":"https:\/\/nexgendecors.com\/es\/wp-json\/wp\/v2\/product_cat?post=48163"},{"taxonomy":"product_tag","embeddable":true,"href":"https:\/\/nexgendecors.com\/es\/wp-json\/wp\/v2\/product_tag?post=48163"}],"curies":[{"name":"wp","href":"https:\/\/api.w.org\/{rel}","templated":true}]}}