{"id":48178,"date":"2025-01-26T02:25:29","date_gmt":"2025-01-26T02:25:29","guid":{"rendered":"https:\/\/nexgendecors.com\/product\/art3d-10-sheet-herringbone-peel-and-stick-backsplash-self-adhesive-marble-tiles-stick-on-wall-tiles-for-kitchen-bathroom-white-mixed-gold-metal1706337335467\/"},"modified":"2025-04-15T11:18:12","modified_gmt":"2025-04-15T11:18:12","slug":"azulejos-autoadhesivos-de-marmol-art3d-con-diseno-de-espiga-10-laminas-para-cocina-y-bano-para-pared-despegables-y-pegables-metal-blanco-dorado-mixto-1706337335467","status":"publish","type":"product","link":"https:\/\/nexgendecors.com\/es\/product\/azulejos-autoadhesivos-de-marmol-art3d-con-diseno-de-espiga-10-laminas-para-cocina-y-bano-para-pared-despegables-y-pegables-metal-blanco-dorado-mixto-1706337335467\/","title":{"rendered":"Azulejos autoadhesivos para salpicadero con dise\u00f1o de espiga Art3d"},"content":{"rendered":"<p>\ud83c\udf1f <strong>Transforme su espacio con azulejos autoadhesivos con dise\u00f1o en espiga<\/strong> \ud83c\udf1f<\/p>\n<p>\u2728 <strong>Elegante y conveniente:<\/strong> Recibe 10 l\u00e1minas de azulejos con dise\u00f1o de espiga, que cubren aproximadamente 9 metros cuadrados, para realzar f\u00e1cilmente tu espacio con un toque moderno. Solo desp\u00e9galos y p\u00e9galos; no se requieren herramientas especiales. C\u00f3rtalos con c\u00fater o sierra el\u00e9ctrica para una f\u00e1cil instalaci\u00f3n. \u2702\ufe0f<\/p>\n<p>\ud83d\udcaa <strong>Calidad Premium:<\/strong> Fabricadas con compuesto de PVC de alta calidad, nuestras baldosas son firmes, r\u00edgidas y duraderas. El adhesivo de alta densidad mejorado garantiza una adhesi\u00f3n segura a diversas superficies, ofreciendo durabilidad y estilo a largo plazo. \ud83d\udcbc<\/p>\n<p>\ud83d\udca7 <strong>Durable y vers\u00e1til:<\/strong> Nuestras baldosas son impermeables, resistentes al calor, a las manchas, a los ara\u00f1azos y a los impactos, lo que garantiza su resistencia al uso diario. Adem\u00e1s, no se decoloran y son f\u00e1ciles de limpiar, manteniendo su belleza con el tiempo. Disfrute de la tranquilidad de saber que su espacio es elegante y funcional. \ud83c\udf08<\/p>\n<p>\ud83c\udfe1 <strong>Amplia compatibilidad:<\/strong> Adecuado para una variedad de superficies, como yeso pintado, baldosas de cer\u00e1mica, lin\u00f3leo, vidrio, m\u00e1rmol, granito, metal, acero y madera sellada, pulida o pintada. Ya sea que est\u00e9 renovando su cocina, ba\u00f1o o cualquier otra habitaci\u00f3n, nuestros azulejos ofrecen una soluci\u00f3n vers\u00e1til para cualquier espacio. \ud83d\udec1<\/p>\n<p>\u2728 <strong>Eleve su hogar:<\/strong> Con nuestros azulejos autoadhesivos con dise\u00f1o de espiga, puedes transformar f\u00e1cilmente tu espacio en un oasis de estilo. Disfruta de la belleza de una est\u00e9tica moderna sin las complicaciones de la instalaci\u00f3n tradicional. Renueva tu hogar con facilidad y sofisticaci\u00f3n. \ud83c\udf1f\ud83c\udfe0<\/p>\n<p>Revitaliza tu espacio y da rienda suelta a tu creatividad con nuestros azulejos autoadhesivos con dise\u00f1o de espiga. Experimenta la combinaci\u00f3n perfecta de estilo, comodidad y durabilidad para un espacio en el que te encantar\u00e1 vivir. \u2728\ud83d\udd33<\/p>","protected":false},"excerpt":{"rendered":"<p>\ud83c\udf1f Transforma tu espacio con azulejos autoadhesivos con dise\u00f1o de espiga \ud83c\udf1f \u2728 Elegantes y pr\u00e1cticos: recibe 10 l\u00e1minas de<\/p>","protected":false},"featured_media":104886,"comment_status":"open","ping_status":"closed","template":"","meta":[],"product_brand":[],"product_cat":[30971,30986,30878],"product_tag":[],"class_list":{"0":"post-48178","1":"product","2":"type-product","3":"status-publish","4":"has-post-thumbnail","6":"product_cat-hp","7":"product_cat-tiles-wall-bricks","8":"product_cat-wall-panel","10":"first","11":"instock","12":"sale","13":"taxable","14":"shipping-taxable","15":"purchasable","16":"product-type-variable"},"_links":{"self":[{"href":"https:\/\/nexgendecors.com\/es\/wp-json\/wp\/v2\/product\/48178","targetHints":{"allow":["GET"]}}],"collection":[{"href":"https:\/\/nexgendecors.com\/es\/wp-json\/wp\/v2\/product"}],"about":[{"href":"https:\/\/nexgendecors.com\/es\/wp-json\/wp\/v2\/types\/product"}],"replies":[{"embeddable":true,"href":"https:\/\/nexgendecors.com\/es\/wp-json\/wp\/v2\/comments?post=48178"}],"version-history":[{"count":0,"href":"https:\/\/nexgendecors.com\/es\/wp-json\/wp\/v2\/product\/48178\/revisions"}],"wp:featuredmedia":[{"embeddable":true,"href":"https:\/\/nexgendecors.com\/es\/wp-json\/wp\/v2\/media\/104886"}],"wp:attachment":[{"href":"https:\/\/nexgendecors.com\/es\/wp-json\/wp\/v2\/media?parent=48178"}],"wp:term":[{"taxonomy":"product_brand","embeddable":true,"href":"https:\/\/nexgendecors.com\/es\/wp-json\/wp\/v2\/product_brand?post=48178"},{"taxonomy":"product_cat","embeddable":true,"href":"https:\/\/nexgendecors.com\/es\/wp-json\/wp\/v2\/product_cat?post=48178"},{"taxonomy":"product_tag","embeddable":true,"href":"https:\/\/nexgendecors.com\/es\/wp-json\/wp\/v2\/product_tag?post=48178"}],"curies":[{"name":"wp","href":"https:\/\/api.w.org\/{rel}","templated":true}]}}