{"id":48324,"date":"2025-01-26T02:25:50","date_gmt":"2025-01-26T02:25:50","guid":{"rendered":"https:\/\/nexgendecors.com\/product\/artistic-ribbon-restaurant-bar-chandelier-creative-bar-clothing-store-cash-register-tea-room-hotel-model-room-loft-lamp\/"},"modified":"2025-04-06T08:15:22","modified_gmt":"2025-04-06T08:15:22","slug":"artistic-ribbon-restaurant-bar-chandelier-creative-bar-clothing-store-cash-register-tea-room-hotel-model-room-loft-lamp","status":"publish","type":"product","link":"https:\/\/nexgendecors.com\/es\/product\/artistic-ribbon-restaurant-bar-chandelier-creative-bar-clothing-store-cash-register-tea-room-hotel-model-room-loft-lamp\/","title":{"rendered":"Chic Ribbon Chandelier for Stylish Bars &#038; Hotels"},"content":{"rendered":"<ul>\n<li>\n<strong>fuerza<\/strong>:41W (incluido) \u2013 50W (incluido)<\/li>\n<li>\n<strong>estilo<\/strong>:Posmoderno<\/li>\n<li>\n<strong>Origen<\/strong>:China continental<\/li>\n<li>\n<strong>Espacio aplicable<\/strong>:Hotel\/Banquet Hall\/Catering<\/li>\n<li>\n<strong>ordenar por color<\/strong>:Customizable 2.5 meters, 3 meters, 3.5 meters, [Hot selling recommendation] Starry sky 0.8 meters, three-color light, [Hot selling recommendation] Starry sky 0.8 meters, stepless dimming + remote control, [Hot selling recommendation] Starry sky 1 meter, three-color light, [Hot selling recommendation] Starry sky 1 meter, stepless dimming + remote control, [Hot selling recommendation] Starry sky 1.2 meters, three-color light, [Hot selling recommendation] Starry sky 1.2 meters, stepless dimming + remote control, [Hot selling recommendation] Starry sky 1.5 meters, three-color light, [Hot selling recommendation] Starry sky 1.5 meters, stepless dimming + remote control, [Hot selling recommendation] Starry sky 1.8 meters, three-color light, [Hot selling recommendation] Starry sky 1.8 meters, stepless dimming + remote control, [Hot selling recommendation] \u3011Starry sky 2 meters, three-color light, [Hot selling recommendation] Starry sky 2 meters, stepless dimming + remote control, [Hot selling recommendation] Starry sky 2.2 meters, three-color light, [Hot selling recommendation] Starry sky 2.2 meters, stepless dimming + remote control, Mosaic 1 meter, three-color light, Mosaic 1 meter, stepless dimming + remote control, Mosaic 1.2 meters, three-color light, Mosaic 1.2 meters, stepless dimming + remote control, Mosaic 1.5 meters, three-color light, Mosaic 1.5 meters, stepless dimming + remote control, Mosaic 1.8 meters, three-color light, Mosaic 1.8 meters, stepless dimming + remote control, Mosaic 2 meters, three-color light, Mosaic 2 meters, stepless dimming + remote control, Mosaic 2.2 meters, Three-color light, mosaic 2.2 meters, stepless dimming + remote control, water ripple 1 meter, three-color light, water ripple 1 meter, stepless dimming + remote control, water ripple 1.2 meters, three-color light, water ripple 1.2 meters, stepless dimming + remote control, water ripple 1.5 meters, three-color light, water ripple 1.5 meters, stepless dimming + remote control, water ripple 1.8 meters, three-color light, water ripple 1.8 meters, stepless dimming + remote control, water ripple 2 meters, three-color light, water ripple 2 meters, stepless dimming + remote control, water ripple 2.2 meters, three-color light, water ripple 2.2 meters, stepless dimming + remote control, [full spectrum eye protection] starry sky 1 meter, three-color light, [full spectrum eye protection] starry sky 1 meter, stepless dimming + remote control, [full light [Full spectrum eye protection] starry sky 1.2 meters, three-color light, [full spectrum eye protection] starry sky 1.2 meters, stepless dimming + remote control, [full spectrum eye protection] starry sky 1.5 meters, three-color light, [full spectrum eye protection] starry sky 1.5 meters, stepless dimming + remote control, [full spectrum eye protection] starry sky 1.8 meters, three-color light, [full spectrum eye protection] starry sky 1.8 meters, stepless dimming + remote control, [full spectrum eye protection] starry sky 2 meters, three-color light, [full spectrum eye protection] starry sky 2 meters, stepless dimming + remote control, [full spectrum eye protection] starry sky 2.2 meters, three-color light, [full spectrum eye protection] starry sky 2.2 meters, stepless dimming + remote control, [full spectrum eye protection] mosaic and water pattern are the same price<\/li>\n<li>\n<strong>Voltaje<\/strong>:111 V ~ 240 V (inclusive)<\/li>\n<li>\n<strong>Material principal del cuerpo de la l\u00e1mpara.<\/strong>:aluminio<\/li>\n<li>\n<strong>Material principal de la pantalla de la l\u00e1mpara<\/strong>:Pantalla de PMMA de alta transmitancia de luz<\/li>\n<li>\n<strong>tipo de fuente de luz<\/strong>:Luces LED<\/li>\n<li>\n<strong>Tecnolog\u00eda<\/strong>:Doblado en caliente<\/li>\n<li>\n<strong>\u00c1rea de irradiaci\u00f3n<\/strong>:10\u33a1-15\u33a1<\/li>\n<li>\n<strong>Tipo de control<\/strong>:otro<\/li>\n<li>\n<strong>Material auxiliar para pantallas de l\u00e1mparas<\/strong>:Pantalla de PMMA de alta transmitancia de luz<\/li>\n<li>\n<strong>Per\u00edodo de garant\u00eda<\/strong>:2 years<\/li>\n<li>\n<strong>Material auxiliar del cuerpo de la l\u00e1mpara<\/strong>:ABS + chasis de hardware<\/li>\n<li>\n<strong>Tipo inteligente<\/strong>:Conectado a Tmall Genie<\/li>\n<li>\n<strong>Ya sea control inteligente<\/strong>:S\u00ed<\/li>\n<li>\n<strong>Forma de la l\u00e1mpara<\/strong>:L\u00e1mpara de ara\u00f1a de l\u00ednea de pescado<\/li>\n<li>\n<strong>N\u00famero de cabezales de l\u00e1mpara<\/strong>:1<\/li>\n<li>\n<strong>Tipo de l\u00e1mpara de ara\u00f1a<\/strong>:Otro<\/li>\n<li>\n<strong>N\u00famero de certificado 3C<\/strong>:2020171001003903<\/li>\n<li>\n<strong><\/strong>:<\/li>\n<\/ul>\n<p><img><\/p>","protected":false},"excerpt":{"rendered":"<p>power:41W (inclusive) &#8211; 50W (inclusive) style:Postmodern Origin:Chinese mainland Applicable space:Hotel\/Banquet Hall\/Catering sort by color:Customizable 2.5 meters, 3 meters, 3.5 meters,<\/p>","protected":false},"featured_media":105488,"comment_status":"open","ping_status":"closed","template":"","meta":[],"product_brand":[],"product_cat":[30971,30864],"product_tag":[],"class_list":{"0":"post-48324","1":"product","2":"type-product","3":"status-publish","4":"has-post-thumbnail","6":"product_cat-hp","7":"product_cat-new-wholesales-lights","9":"first","10":"instock","11":"taxable","12":"shipping-taxable","13":"purchasable","14":"product-type-variable"},"_links":{"self":[{"href":"https:\/\/nexgendecors.com\/es\/wp-json\/wp\/v2\/product\/48324","targetHints":{"allow":["GET"]}}],"collection":[{"href":"https:\/\/nexgendecors.com\/es\/wp-json\/wp\/v2\/product"}],"about":[{"href":"https:\/\/nexgendecors.com\/es\/wp-json\/wp\/v2\/types\/product"}],"replies":[{"embeddable":true,"href":"https:\/\/nexgendecors.com\/es\/wp-json\/wp\/v2\/comments?post=48324"}],"version-history":[{"count":0,"href":"https:\/\/nexgendecors.com\/es\/wp-json\/wp\/v2\/product\/48324\/revisions"}],"wp:featuredmedia":[{"embeddable":true,"href":"https:\/\/nexgendecors.com\/es\/wp-json\/wp\/v2\/media\/105488"}],"wp:attachment":[{"href":"https:\/\/nexgendecors.com\/es\/wp-json\/wp\/v2\/media?parent=48324"}],"wp:term":[{"taxonomy":"product_brand","embeddable":true,"href":"https:\/\/nexgendecors.com\/es\/wp-json\/wp\/v2\/product_brand?post=48324"},{"taxonomy":"product_cat","embeddable":true,"href":"https:\/\/nexgendecors.com\/es\/wp-json\/wp\/v2\/product_cat?post=48324"},{"taxonomy":"product_tag","embeddable":true,"href":"https:\/\/nexgendecors.com\/es\/wp-json\/wp\/v2\/product_tag?post=48324"}],"curies":[{"name":"wp","href":"https:\/\/api.w.org\/{rel}","templated":true}]}}