{"id":48457,"date":"2025-01-26T02:26:14","date_gmt":"2025-01-26T02:26:14","guid":{"rendered":"https:\/\/nexgendecors.com\/product\/auditorium-chair-row-chair-huawei-conference-room-row-chair-multimedia-stepped-classroom-theater-chair-row-lecture-hall-seat\/"},"modified":"2025-04-06T08:15:45","modified_gmt":"2025-04-06T08:15:45","slug":"auditorium-chair-row-chair-huawei-conference-room-row-chair-multimedia-stepped-classroom-theater-chair-row-lecture-hall-seat","status":"publish","type":"product","link":"https:\/\/nexgendecors.com\/es\/product\/auditorium-chair-row-chair-huawei-conference-room-row-chair-multimedia-stepped-classroom-theater-chair-row-lecture-hall-seat\/","title":{"rendered":"Silla Huawei Multimedia Auditorium Row para teatros"},"content":{"rendered":"<ul>\n<li>\n<strong>marca<\/strong>:Rongyi<\/li>\n<li>\n<strong>modelo<\/strong>:SY2405<\/li>\n<li>\n<strong>Material<\/strong>:Tela<\/li>\n<li>\n<strong>ordenar por color<\/strong>:red<\/li>\n<li>\n<strong>Servicio en la ciudad<\/strong>:Instalaci\u00f3n a domicilio por vendedores locales<\/li>\n<li>\n<strong>Tama\u00f1o del paquete<\/strong>:56x50x70cm<\/li>\n<li>\n<strong>Peso del paquete<\/strong>:87 catties<\/li>\n<li>\n<strong>Normas ambientales<\/strong>:E1<\/li>\n<li>\n<strong>\u00bfEs personalizable?<\/strong>:S\u00ed<\/li>\n<li>\n<strong>\u00bfHay un tablero para escribir?<\/strong>:S\u00ed<\/li>\n<li>\n<strong>\u00bfHay un canal para cables?<\/strong>:No<\/li>\n<\/ul>\n<p><img><\/p>","protected":false},"excerpt":{"rendered":"<p>Marca: Rongyi Modelo: SY2405 Material: Tela Ordenar por color: rojo Servicio en la ciudad: Instalaci\u00f3n a domicilio por vendedores locales Tama\u00f1o del paquete: 56 x 50 x 70 cm Peso del paquete: 87 catties Est\u00e1ndares ambientales: E1 Is<\/p>","protected":false},"featured_media":105668,"comment_status":"open","ping_status":"closed","template":"","meta":[],"product_brand":[],"product_cat":[30863,30971],"product_tag":[],"class_list":{"0":"post-48457","1":"product","2":"type-product","3":"status-publish","4":"has-post-thumbnail","6":"product_cat-wholesales-cinema-theater","7":"product_cat-hp","9":"first","10":"instock","11":"sale","12":"taxable","13":"shipping-taxable","14":"purchasable","15":"product-type-simple"},"_links":{"self":[{"href":"https:\/\/nexgendecors.com\/es\/wp-json\/wp\/v2\/product\/48457","targetHints":{"allow":["GET"]}}],"collection":[{"href":"https:\/\/nexgendecors.com\/es\/wp-json\/wp\/v2\/product"}],"about":[{"href":"https:\/\/nexgendecors.com\/es\/wp-json\/wp\/v2\/types\/product"}],"replies":[{"embeddable":true,"href":"https:\/\/nexgendecors.com\/es\/wp-json\/wp\/v2\/comments?post=48457"}],"version-history":[{"count":0,"href":"https:\/\/nexgendecors.com\/es\/wp-json\/wp\/v2\/product\/48457\/revisions"}],"wp:featuredmedia":[{"embeddable":true,"href":"https:\/\/nexgendecors.com\/es\/wp-json\/wp\/v2\/media\/105668"}],"wp:attachment":[{"href":"https:\/\/nexgendecors.com\/es\/wp-json\/wp\/v2\/media?parent=48457"}],"wp:term":[{"taxonomy":"product_brand","embeddable":true,"href":"https:\/\/nexgendecors.com\/es\/wp-json\/wp\/v2\/product_brand?post=48457"},{"taxonomy":"product_cat","embeddable":true,"href":"https:\/\/nexgendecors.com\/es\/wp-json\/wp\/v2\/product_cat?post=48457"},{"taxonomy":"product_tag","embeddable":true,"href":"https:\/\/nexgendecors.com\/es\/wp-json\/wp\/v2\/product_tag?post=48457"}],"curies":[{"name":"wp","href":"https:\/\/api.w.org\/{rel}","templated":true}]}}