{"id":48458,"date":"2025-01-26T02:26:15","date_gmt":"2025-01-26T02:26:15","guid":{"rendered":"https:\/\/nexgendecors.com\/product\/auditorium-chair-row-chair-school-stepped-classroom-conference-room-aluminum-alloy-lecture-hall-seat-control-standard-cinema-table-chair\/"},"modified":"2025-03-09T08:56:48","modified_gmt":"2025-03-09T08:56:48","slug":"silla-de-auditorio-silla-de-fila-escuela-aula-escalonada-sala-de-conferencias-aleacion-de-aluminio-sala-de-conferencias-asiento-control-silla-de-mesa-de-cine-estandar","status":"publish","type":"product","link":"https:\/\/nexgendecors.com\/es\/product\/silla-de-auditorio-silla-de-fila-escuela-aula-escalonada-sala-de-conferencias-aleacion-de-aluminio-sala-de-conferencias-asiento-control-silla-de-mesa-de-cine-estandar\/","title":{"rendered":"Sillas de auditorio de aleaci\u00f3n de aluminio para salas de conferencias"},"content":{"rendered":"<ul>\n<li>\n<strong>\u00bfHay un tablero para escribir?<\/strong>:S\u00ed<\/li>\n<li>\n<strong>Material<\/strong>:Madera maciza<\/li>\n<li>\n<strong>Servicio en la ciudad<\/strong>:Entrega a domicilio por vendedores locales<\/li>\n<li>\n<strong>\u00bfHay un canal para cables?<\/strong>:No<\/li>\n<li>\n<strong>ordenar por color<\/strong>:Carcasa de pl\u00e1stico convencional con tablero de escritura, tablero de madera convencional con tablero de escritura, dep\u00f3sito de hipop\u00f3tamo YJ-006K, dep\u00f3sito de Shuer YJ-005K, dep\u00f3sito de concha YJ-004K, dep\u00f3sito de morsa YJ-003K, dep\u00f3sito de mara YJ-007K, dep\u00f3sito de campana de viento YJ-011K, dep\u00f3sito de tambor YJ-13K, dep\u00f3sito de \u00f1u YJ-015K, dep\u00f3sito de Xingyue YJ-016K, dep\u00f3sito de Mamre YJ-018K, dep\u00f3sito de YJ-3012P, dep\u00f3sito de Ouka YJ-002K<\/li>\n<\/ul>\n<p><img><\/p>","protected":false},"excerpt":{"rendered":"<p>\u00bfHay un tablero para escribir?:S\u00ed Material:Madera maciza Servicio en la ciudad:Entrega a domicilio por vendedores locales \u00bfHay un canal para cables?:No Ordenar por<\/p>","protected":false},"featured_media":105674,"comment_status":"open","ping_status":"closed","template":"","meta":[],"product_brand":[],"product_cat":[30863,30971,30866],"product_tag":[],"class_list":{"0":"post-48458","1":"product","2":"type-product","3":"status-publish","4":"has-post-thumbnail","6":"product_cat-wholesales-cinema-theater","7":"product_cat-hp","8":"product_cat-wholesales-university-high-schools","10":"first","11":"instock","12":"taxable","13":"shipping-taxable","14":"purchasable","15":"product-type-variable"},"_links":{"self":[{"href":"https:\/\/nexgendecors.com\/es\/wp-json\/wp\/v2\/product\/48458","targetHints":{"allow":["GET"]}}],"collection":[{"href":"https:\/\/nexgendecors.com\/es\/wp-json\/wp\/v2\/product"}],"about":[{"href":"https:\/\/nexgendecors.com\/es\/wp-json\/wp\/v2\/types\/product"}],"replies":[{"embeddable":true,"href":"https:\/\/nexgendecors.com\/es\/wp-json\/wp\/v2\/comments?post=48458"}],"version-history":[{"count":0,"href":"https:\/\/nexgendecors.com\/es\/wp-json\/wp\/v2\/product\/48458\/revisions"}],"wp:featuredmedia":[{"embeddable":true,"href":"https:\/\/nexgendecors.com\/es\/wp-json\/wp\/v2\/media\/105674"}],"wp:attachment":[{"href":"https:\/\/nexgendecors.com\/es\/wp-json\/wp\/v2\/media?parent=48458"}],"wp:term":[{"taxonomy":"product_brand","embeddable":true,"href":"https:\/\/nexgendecors.com\/es\/wp-json\/wp\/v2\/product_brand?post=48458"},{"taxonomy":"product_cat","embeddable":true,"href":"https:\/\/nexgendecors.com\/es\/wp-json\/wp\/v2\/product_cat?post=48458"},{"taxonomy":"product_tag","embeddable":true,"href":"https:\/\/nexgendecors.com\/es\/wp-json\/wp\/v2\/product_tag?post=48458"}],"curies":[{"name":"wp","href":"https:\/\/api.w.org\/{rel}","templated":true}]}}