{"id":48487,"date":"2025-01-26T02:26:23","date_gmt":"2025-01-26T02:26:23","guid":{"rendered":"https:\/\/nexgendecors.com\/product\/auditorium-chairs-row-chairs-cinema-seats-theater-chairs-theater-chairs-stepped-classrooms-conference-room-rows-of-chairs-lecture-hall-seats\/"},"modified":"2025-04-06T08:15:57","modified_gmt":"2025-04-06T08:15:57","slug":"sillas-de-auditorio-filas-de-sillas-butacas-de-cine-sillas-de-teatro-sillas-de-teatro-aulas-escalonadas-sala-de-conferencias-filas-de-sillas-asientos-de-sala-de-conferencias","status":"publish","type":"product","link":"https:\/\/nexgendecors.com\/es\/product\/sillas-de-auditorio-filas-de-sillas-butacas-de-cine-sillas-de-teatro-sillas-de-teatro-aulas-escalonadas-sala-de-conferencias-filas-de-sillas-asientos-de-sala-de-conferencias\/","title":{"rendered":"Sillas de auditorio elegantes para espacios modernos"},"content":{"rendered":"<ul>\n<li>\n<strong>marca<\/strong>:Constitutivo<\/li>\n<li>\n<strong>modelo<\/strong>:BG-909<\/li>\n<li>\n<strong>\u00bfHay un tablero para escribir?<\/strong>:S\u00ed<\/li>\n<li>\n<strong>Material<\/strong>:Tela<\/li>\n<li>\n<strong>Tama\u00f1o del paquete<\/strong>:0,4 metros c\u00fabicos<\/li>\n<li>\n<strong>Peso del paquete<\/strong>:25 kg<\/li>\n<li>\n<strong>Servicio en la ciudad<\/strong>:Log\u00edstica intraurbana de entrega puerta a puerta<\/li>\n<li>\n<strong>\u00bfHay un canal para cables?<\/strong>:S\u00ed<\/li>\n<li>\n<strong>ordenar por color<\/strong>:BG-909 rojo, BG-909 gris, BG-909 morado, BG-909 rojo oscuro, BG-909 pies m\u00f3viles grises, BG-909 pies fijos azules, BG-8027, precio de f\u00e1brica (gran cantidad, preferencial), BG-820-4, BG-820-5, BG-965J, BG-803h, BG-909 carcasa de pl\u00e1stico engrosada, BG-8037 tablero de madera, BG-909-2, BG-8037B, BG-73A, BG-802-3 tablero de madera, BG-909 tablero de madera post-escritura, BG-909 pies m\u00f3viles, BG-8037 marca de control, BG-820-3 esta secci\u00f3n, BG-8037 pies oblicuos, BG-820-3 aleaci\u00f3n de aluminio<\/li>\n<\/ul>\n<p><img><\/p>","protected":false},"excerpt":{"rendered":"<p>Marca:Constitutive Modelo:BG-909 \u00bfHay un tablero de escritura?:S\u00ed Material:Tela Tama\u00f1o del paquete:0,4 metros c\u00fabicos Peso del paquete:25KG Servicio en la ciudad:Entrega puerta a puerta de log\u00edstica intraurbana<\/p>","protected":false},"featured_media":105722,"comment_status":"open","ping_status":"closed","template":"","meta":[],"product_brand":[],"product_cat":[30863,30971,30866],"product_tag":[],"class_list":{"0":"post-48487","1":"product","2":"type-product","3":"status-publish","4":"has-post-thumbnail","6":"product_cat-wholesales-cinema-theater","7":"product_cat-hp","8":"product_cat-wholesales-university-high-schools","10":"first","11":"instock","12":"taxable","13":"shipping-taxable","14":"purchasable","15":"product-type-variable"},"_links":{"self":[{"href":"https:\/\/nexgendecors.com\/es\/wp-json\/wp\/v2\/product\/48487","targetHints":{"allow":["GET"]}}],"collection":[{"href":"https:\/\/nexgendecors.com\/es\/wp-json\/wp\/v2\/product"}],"about":[{"href":"https:\/\/nexgendecors.com\/es\/wp-json\/wp\/v2\/types\/product"}],"replies":[{"embeddable":true,"href":"https:\/\/nexgendecors.com\/es\/wp-json\/wp\/v2\/comments?post=48487"}],"version-history":[{"count":0,"href":"https:\/\/nexgendecors.com\/es\/wp-json\/wp\/v2\/product\/48487\/revisions"}],"wp:featuredmedia":[{"embeddable":true,"href":"https:\/\/nexgendecors.com\/es\/wp-json\/wp\/v2\/media\/105722"}],"wp:attachment":[{"href":"https:\/\/nexgendecors.com\/es\/wp-json\/wp\/v2\/media?parent=48487"}],"wp:term":[{"taxonomy":"product_brand","embeddable":true,"href":"https:\/\/nexgendecors.com\/es\/wp-json\/wp\/v2\/product_brand?post=48487"},{"taxonomy":"product_cat","embeddable":true,"href":"https:\/\/nexgendecors.com\/es\/wp-json\/wp\/v2\/product_cat?post=48487"},{"taxonomy":"product_tag","embeddable":true,"href":"https:\/\/nexgendecors.com\/es\/wp-json\/wp\/v2\/product_tag?post=48487"}],"curies":[{"name":"wp","href":"https:\/\/api.w.org\/{rel}","templated":true}]}}