{"id":48813,"date":"2025-01-26T02:27:03","date_gmt":"2025-01-26T02:27:03","guid":{"rendered":"https:\/\/nexgendecors.com\/product\/bar-stool-modern-simple-high-stool-home-lift-chair-bar-stool-front-desk-bar-stool-cash-register-high-bar-chair\/"},"modified":"2025-04-06T08:16:37","modified_gmt":"2025-04-06T08:16:37","slug":"taburete-de-bar-moderno-sencillo-y-alto-silla-elevadora-para-el-hogar-taburete-de-bar-para-recepcion-taburete-de-bar-para-caja-registradora-silla-alta-de-bar","status":"publish","type":"product","link":"https:\/\/nexgendecors.com\/es\/product\/taburete-de-bar-moderno-sencillo-y-alto-silla-elevadora-para-el-hogar-taburete-de-bar-para-recepcion-taburete-de-bar-para-caja-registradora-silla-alta-de-bar\/","title":{"rendered":"Taburete alto de bar moderno: dise\u00f1o elegante para el hogar y el bar"},"content":{"rendered":"<ul>\n<li>\n<strong>marca<\/strong>:AOERPU<\/li>\n<li>\n<strong>modelo<\/strong>:003..<\/li>\n<li>\n<strong>estilo<\/strong>:Moderno y sencillo<\/li>\n<li>\n<strong>Origen<\/strong>:Provincia de Hebei<\/li>\n<li>\n<strong>ordenar por color<\/strong>:[Calidad de comercio exterior] Chapado en oro naranja, [Calidad de comercio exterior] Combinaci\u00f3n de colores gris claro y gris oscuro con chapado en oro, [Calidad de comercio exterior] Combinaci\u00f3n de colores naranja carne con chapado en oro, [Calidad de comercio exterior] Combinaci\u00f3n de colores azul carne con chapado en oro, Silla de computadora<\/li>\n<li>\n<strong>Normas ambientales<\/strong>:Otro<\/li>\n<li>\n<strong>\u00bfEs personalizable?<\/strong>:No<\/li>\n<li>\n<strong>\u00bfSe puede subir o bajar?<\/strong>:S\u00ed<\/li>\n<li>\n<strong>\u00bfEs giratorio?<\/strong>:S\u00ed<\/li>\n<li>\n<strong><\/strong>:<\/li>\n<\/ul>\n<p><img><\/p>","protected":false},"excerpt":{"rendered":"<p>brand:AOERPU model:003.. style:Modern and simple Origin:Hebei Province sort by color:[Foreign trade quality] Orange-gold plate, [Foreign trade quality] Light gray and<\/p>","protected":false},"featured_media":106130,"comment_status":"open","ping_status":"closed","template":"","meta":[],"product_brand":[],"product_cat":[30852,30862,30971],"product_tag":[],"class_list":{"0":"post-48813","1":"product","2":"type-product","3":"status-publish","4":"has-post-thumbnail","6":"product_cat-dining-set","7":"product_cat-wholesales-hotels","8":"product_cat-hp","10":"first","11":"instock","12":"sale","13":"taxable","14":"shipping-taxable","15":"purchasable","16":"product-type-variable"},"_links":{"self":[{"href":"https:\/\/nexgendecors.com\/es\/wp-json\/wp\/v2\/product\/48813","targetHints":{"allow":["GET"]}}],"collection":[{"href":"https:\/\/nexgendecors.com\/es\/wp-json\/wp\/v2\/product"}],"about":[{"href":"https:\/\/nexgendecors.com\/es\/wp-json\/wp\/v2\/types\/product"}],"replies":[{"embeddable":true,"href":"https:\/\/nexgendecors.com\/es\/wp-json\/wp\/v2\/comments?post=48813"}],"version-history":[{"count":0,"href":"https:\/\/nexgendecors.com\/es\/wp-json\/wp\/v2\/product\/48813\/revisions"}],"wp:featuredmedia":[{"embeddable":true,"href":"https:\/\/nexgendecors.com\/es\/wp-json\/wp\/v2\/media\/106130"}],"wp:attachment":[{"href":"https:\/\/nexgendecors.com\/es\/wp-json\/wp\/v2\/media?parent=48813"}],"wp:term":[{"taxonomy":"product_brand","embeddable":true,"href":"https:\/\/nexgendecors.com\/es\/wp-json\/wp\/v2\/product_brand?post=48813"},{"taxonomy":"product_cat","embeddable":true,"href":"https:\/\/nexgendecors.com\/es\/wp-json\/wp\/v2\/product_cat?post=48813"},{"taxonomy":"product_tag","embeddable":true,"href":"https:\/\/nexgendecors.com\/es\/wp-json\/wp\/v2\/product_tag?post=48813"}],"curies":[{"name":"wp","href":"https:\/\/api.w.org\/{rel}","templated":true}]}}