{"id":48862,"date":"2025-01-26T02:27:08","date_gmt":"2025-01-26T02:27:08","guid":{"rendered":"https:\/\/nexgendecors.com\/product\/bar-bar-barbecue-restaurant-leisure-negotiation-coffee-restaurant-music-bar-commercial-studio-sofa-booth-table-and-chair\/"},"modified":"2025-04-06T08:16:43","modified_gmt":"2025-04-06T08:16:43","slug":"bar-bar-barbecue-restaurant-leisure-negotiation-coffee-restaurant-music-bar-commercial-studio-sofa-booth-table-and-chair","status":"publish","type":"product","link":"https:\/\/nexgendecors.com\/es\/product\/bar-bar-barbecue-restaurant-leisure-negotiation-coffee-restaurant-music-bar-commercial-studio-sofa-booth-table-and-chair\/","title":{"rendered":"Chic Bar &amp; BBQ: Cabinas acogedoras, m\u00fasica y ambiente de caf\u00e9"},"content":{"rendered":"<ul>\n<li>\n<strong>estilo<\/strong>:Moderno y sencillo<\/li>\n<li>\n<strong>Origen<\/strong>:Provincia de Fujian<\/li>\n<li>\n<strong>N\u00famero de personas aplicable<\/strong>:4 personas<\/li>\n<li>\n<strong>ordenar por color<\/strong>:Single sofa [style 1], double sofa [style 1], single sofa [style 2], double sofa [style 2], 1 bar chair [color of your choice], square table 70*70*75cm high, long table 120*70*75cm high, color and size can be customized, 1 table + 2 chairs [single chair] [color of your choice], 1 table + 2 chairs [double chair] [color of your choice]<\/li>\n<li>\n<strong>\u00bfEs personalizable?<\/strong>:S\u00ed<\/li>\n<li>\n<strong><\/strong>:<\/li>\n<\/ul>\n<p><img><\/p>","protected":false},"excerpt":{"rendered":"<p>Estilo: moderno y sencillo Origen: provincia de Fujian N\u00famero de personas aplicable: 4 personas Ordenar por color: sof\u00e1 individual [estilo 1], sof\u00e1 doble [estilo 1],<\/p>","protected":false},"featured_media":106189,"comment_status":"open","ping_status":"closed","template":"","meta":[],"product_brand":[],"product_cat":[30862,30971,30860],"product_tag":[],"class_list":{"0":"post-48862","1":"product","2":"type-product","3":"status-publish","4":"has-post-thumbnail","6":"product_cat-wholesales-hotels","7":"product_cat-hp","8":"product_cat-wholesale-restaurant","10":"first","11":"instock","12":"sale","13":"taxable","14":"shipping-taxable","15":"purchasable","16":"product-type-variable"},"_links":{"self":[{"href":"https:\/\/nexgendecors.com\/es\/wp-json\/wp\/v2\/product\/48862","targetHints":{"allow":["GET"]}}],"collection":[{"href":"https:\/\/nexgendecors.com\/es\/wp-json\/wp\/v2\/product"}],"about":[{"href":"https:\/\/nexgendecors.com\/es\/wp-json\/wp\/v2\/types\/product"}],"replies":[{"embeddable":true,"href":"https:\/\/nexgendecors.com\/es\/wp-json\/wp\/v2\/comments?post=48862"}],"version-history":[{"count":0,"href":"https:\/\/nexgendecors.com\/es\/wp-json\/wp\/v2\/product\/48862\/revisions"}],"wp:featuredmedia":[{"embeddable":true,"href":"https:\/\/nexgendecors.com\/es\/wp-json\/wp\/v2\/media\/106189"}],"wp:attachment":[{"href":"https:\/\/nexgendecors.com\/es\/wp-json\/wp\/v2\/media?parent=48862"}],"wp:term":[{"taxonomy":"product_brand","embeddable":true,"href":"https:\/\/nexgendecors.com\/es\/wp-json\/wp\/v2\/product_brand?post=48862"},{"taxonomy":"product_cat","embeddable":true,"href":"https:\/\/nexgendecors.com\/es\/wp-json\/wp\/v2\/product_cat?post=48862"},{"taxonomy":"product_tag","embeddable":true,"href":"https:\/\/nexgendecors.com\/es\/wp-json\/wp\/v2\/product_tag?post=48862"}],"curies":[{"name":"wp","href":"https:\/\/api.w.org\/{rel}","templated":true}]}}