{"id":49059,"date":"2025-01-26T02:27:29","date_gmt":"2025-01-26T02:27:29","guid":{"rendered":"https:\/\/nexgendecors.com\/product\/bedroom-bedside-chandelier-nordic-creative-hotel-bar-designer-room-full-spectrum-eye-protection-small-chandelier-restaurant-lamp\/"},"modified":"2025-04-06T08:17:11","modified_gmt":"2025-04-06T08:17:11","slug":"bedroom-bedside-chandelier-nordic-creative-hotel-bar-designer-room-full-spectrum-eye-protection-small-chandelier-restaurant-lamp","status":"publish","type":"product","link":"https:\/\/nexgendecors.com\/es\/product\/bedroom-bedside-chandelier-nordic-creative-hotel-bar-designer-room-full-spectrum-eye-protection-small-chandelier-restaurant-lamp\/","title":{"rendered":"Nordic Creative Bedside Chandelier &#8211; Eye Protection Design"},"content":{"rendered":"<ul>\n<li>\n<strong>marca<\/strong>:Kim Landa<\/li>\n<li>\n<strong>modelo<\/strong>:JLD3289<\/li>\n<li>\n<strong>estilo<\/strong>:Simple y moderno<\/li>\n<li>\n<strong>Origen<\/strong>:China continental<\/li>\n<li>\n<strong>ordenar por color<\/strong>:White single-head full-spectrum eye protection light \u226597 display finger [8*120CM] white light, white single-head full-spectrum eye protection light \u226597 display finger [8*120CM] warm light, white single-head full-spectrum eye protection light \u226597 display finger [8*120CM] three-color, white three-head round disc full-spectrum eye protection light \u226597 display finger [20*120CM] white light, white three-head round disc full-spectrum eye protection light \u226597 display finger [20*120CM] warm light, white three-head round disc full-spectrum eye protection light \u226597 display finger [20*120CM] three-color, white three-head long disc full-spectrum eye protection light \u226597 display finger [60*6*120CM] white light, white three-head long disc full-spectrum eye protection light \u226597 display finger [60*6*120CM] warm light, white three-head long disc full-spectrum eye protection light \u226597 display finger [60*6*120CM] three-color , Black single-head full-spectrum eye protection light \u226597 display finger [8*120CM] white light, black single-head full-spectrum eye protection light \u226597 display finger [8*120CM] warm light, black single-head full-spectrum eye protection light \u226597 display finger [8*120CM] three-color, black three-head disc full-spectrum eye protection light \u226597 display finger [20*120CM] white light, black three-head disc full-spectrum eye protection light \u226597 display finger [20*120CM] warm light, black three-head disc full-spectrum eye protection light \u226597 display finger [20*120CM] three-color, black three-head long disc full-spectrum eye protection light \u226597 display finger [60*6*120CM] white light, black three-head long disc full-spectrum eye protection light \u226597 display finger [60*6*120CM] warm light, black three-head long disc full-spectrum eye protection light \u226597 display finger [60*6*120CM] three-color<\/li>\n<li>\n<strong>\u00bfLa l\u00e1mpara tiene una fuente de luz?<\/strong>:S\u00ed<\/li>\n<li>\n<strong>Voltaje<\/strong>:111 V ~ 240 V (inclusive)<\/li>\n<li>\n<strong>Material principal del cuerpo de la l\u00e1mpara.<\/strong>:aluminio<\/li>\n<li>\n<strong>Material principal de la pantalla de la l\u00e1mpara<\/strong>:aluminio<\/li>\n<li>\n<strong>tipo de fuente de luz<\/strong>:Luces LED<\/li>\n<li>\n<strong>\u00c1rea de irradiaci\u00f3n<\/strong>:10\u33a1-15\u33a1,5\u33a1-10\u33a1<\/li>\n<li>\n<strong>Tipo de control<\/strong>:Intelligent voice control, APP control, intelligent switch control<\/li>\n<li>\n<strong>Per\u00edodo de garant\u00eda<\/strong>:3 a\u00f1os<\/li>\n<li>\n<strong>Tipo inteligente<\/strong>:Conectado a Tmall Genie<\/li>\n<li>\n<strong>Ya sea control inteligente<\/strong>:S\u00ed<\/li>\n<li>\n<strong>Forma de la l\u00e1mpara<\/strong>:L\u00e1mpara de ara\u00f1a de l\u00ednea de pescado<\/li>\n<li>\n<strong>N\u00famero de cabezales de l\u00e1mpara<\/strong>:1<\/li>\n<li>\n<strong>Tipo de l\u00e1mpara de ara\u00f1a<\/strong>:L\u00e1mpara de ara\u00f1a de hierro forjado<\/li>\n<li>\n<strong>N\u00famero de certificado 3C<\/strong>:2020011001350286<\/li>\n<li>\n<strong><\/strong>:<\/li>\n<\/ul>","protected":false},"excerpt":{"rendered":"<p>brand:Kim Landa model:JLD3289 style:Simple and modern Origin:Chinese mainland sort by color:White single-head full-spectrum eye protection light \u226597 display finger [8*120CM]<\/p>","protected":false},"featured_media":106403,"comment_status":"open","ping_status":"closed","template":"","meta":[],"product_brand":[],"product_cat":[30971,30864],"product_tag":[],"class_list":{"0":"post-49059","1":"product","2":"type-product","3":"status-publish","4":"has-post-thumbnail","6":"product_cat-hp","7":"product_cat-new-wholesales-lights","9":"first","10":"instock","11":"taxable","12":"shipping-taxable","13":"purchasable","14":"product-type-variable"},"_links":{"self":[{"href":"https:\/\/nexgendecors.com\/es\/wp-json\/wp\/v2\/product\/49059","targetHints":{"allow":["GET"]}}],"collection":[{"href":"https:\/\/nexgendecors.com\/es\/wp-json\/wp\/v2\/product"}],"about":[{"href":"https:\/\/nexgendecors.com\/es\/wp-json\/wp\/v2\/types\/product"}],"replies":[{"embeddable":true,"href":"https:\/\/nexgendecors.com\/es\/wp-json\/wp\/v2\/comments?post=49059"}],"version-history":[{"count":0,"href":"https:\/\/nexgendecors.com\/es\/wp-json\/wp\/v2\/product\/49059\/revisions"}],"wp:featuredmedia":[{"embeddable":true,"href":"https:\/\/nexgendecors.com\/es\/wp-json\/wp\/v2\/media\/106403"}],"wp:attachment":[{"href":"https:\/\/nexgendecors.com\/es\/wp-json\/wp\/v2\/media?parent=49059"}],"wp:term":[{"taxonomy":"product_brand","embeddable":true,"href":"https:\/\/nexgendecors.com\/es\/wp-json\/wp\/v2\/product_brand?post=49059"},{"taxonomy":"product_cat","embeddable":true,"href":"https:\/\/nexgendecors.com\/es\/wp-json\/wp\/v2\/product_cat?post=49059"},{"taxonomy":"product_tag","embeddable":true,"href":"https:\/\/nexgendecors.com\/es\/wp-json\/wp\/v2\/product_tag?post=49059"}],"curies":[{"name":"wp","href":"https:\/\/api.w.org\/{rel}","templated":true}]}}