{"id":49126,"date":"2025-01-26T02:27:36","date_gmt":"2025-01-26T02:27:36","guid":{"rendered":"https:\/\/nexgendecors.com\/product\/bedside-chandelier-modern-simple-light-luxury-nordic-living-room-background-wall-long-line-chandelier-net-celebrity-bedroom-bedside-small-chandelier\/"},"modified":"2025-04-06T08:17:15","modified_gmt":"2025-04-06T08:17:15","slug":"bedside-chandelier-modern-simple-light-luxury-nordic-living-room-background-wall-long-line-chandelier-net-celebrity-bedroom-bedside-small-chandelier","status":"publish","type":"product","link":"https:\/\/nexgendecors.com\/es\/product\/bedside-chandelier-modern-simple-light-luxury-nordic-living-room-background-wall-long-line-chandelier-net-celebrity-bedroom-bedside-small-chandelier\/","title":{"rendered":"Nordic Luxury Bedside Chandelier &#8211; Modern Simple Design"},"content":{"rendered":"<ul>\n<li>\n<strong>marca<\/strong>:Schmidt<\/li>\n<li>\n<strong>modelo<\/strong>:D8997-1<\/li>\n<li>\n<strong>fuerza<\/strong>:5W y menos<\/li>\n<li>\n<strong>estilo<\/strong>:Europa del Norte<\/li>\n<li>\n<strong>Valor K de la temperatura de color de la fuente de luz<\/strong>:3000K<\/li>\n<li>\n<strong>Espacio aplicable<\/strong>:Dormitorio\/Estudio<\/li>\n<li>\n<strong>ordenar por color<\/strong>:Long black + E bronze + warm light (hanging line length 2 meters adjustable) Long black + E bronze + warm light (with Philips energy-saving eye protection light source) Long black + E bronze + three-color light change (hanging line length 2 meters adjustable) Long black + E bronze + smart Tmall Genie (hanging line length 2 meters adjustable) Long black + E bronze + smart Tmall Genie-2 packs (hanging line length 2 meters adjustable) Long black + E bronze + warm light-2 packs Long black + E bronze + three-color light change-2 packs Long bronze + E bronze + warm light (hanging line length 2 meters adjustable) Long bronze + E bronze + warm light (with Philips energy-saving eye protection light source) Long bronze + E bronze + three-color light change (hanging line length 2 meters adjustable) Long bronze + E bronze + smart Tmall Genie (hanging line length 2 meters adjustable) Long bronze + E bronze + smart Tmall Genie-2 packs (hanging line length 2 meters adjustable) Long bronze + E bronze + warm light-2 packsLong bronze + E bronze + three-color light-changing-2 packsLong black + E black + warm light (hanging line length 2 meters adjustable)Long black + E black + warm light (with Philips energy-saving eye protection light source)Long black + E black + three-color light-changing (hanging line length 2 meters adjustable)Long black + E black + smart Tmall Genie (hanging line length 2 meters adjustable)Long black + E black + smart Tmall Genie-2 packs (hanging line length 2 meters adjustable)Long black + E black + warm light-2 packsLong black + E black + three-color light-changing-2 packs<\/li>\n<li>\n<strong>\u00bfLa l\u00e1mpara tiene una fuente de luz?<\/strong>:No<\/li>\n<li>\n<strong>Servicio en la ciudad<\/strong>:Entrega a domicilio por vendedores locales<\/li>\n<li>\n<strong>Voltaje<\/strong>:111 V ~ 240 V (inclusive)<\/li>\n<li>\n<strong>Material principal del cuerpo de la l\u00e1mpara.<\/strong>:aluminio<\/li>\n<li>\n<strong>Material principal de la pantalla de la l\u00e1mpara<\/strong>:aluminio<\/li>\n<li>\n<strong>tipo de fuente de luz<\/strong>:LED lamp incandescent lamp<\/li>\n<li>\n<strong>N\u00famero de fuentes de luz<\/strong>:1<\/li>\n<li>\n<strong>Tecnolog\u00eda<\/strong>:Escarchado de pintura en aerosol<\/li>\n<li>\n<strong>\u00c1rea de irradiaci\u00f3n<\/strong>:3\u33a1-5\u33a1<\/li>\n<li>\n<strong>Tipo de control<\/strong>:Other intelligent voice control APP control intelligent switch control<\/li>\n<li>\n<strong>Material auxiliar para pantallas de l\u00e1mparas<\/strong>:aluminio<\/li>\n<li>\n<strong>Material auxiliar del cuerpo de la l\u00e1mpara<\/strong>:aluminio<\/li>\n<li>\n<strong>Tipo inteligente<\/strong>:Conectado a Tmall Genie<\/li>\n<li>\n<strong>Ya sea control inteligente<\/strong>:S\u00ed<\/li>\n<li>\n<strong>Forma de la l\u00e1mpara<\/strong>:L\u00e1mpara de ara\u00f1a de l\u00ednea de pescado<\/li>\n<li>\n<strong>N\u00famero de cabezales de l\u00e1mpara<\/strong>:1<\/li>\n<li>\n<strong>Tipo de l\u00e1mpara de ara\u00f1a<\/strong>:L\u00e1mpara de ara\u00f1a de hierro forjado<\/li>\n<li>\n<strong>Per\u00edodo de garant\u00eda<\/strong>:3 a\u00f1os<\/li>\n<li>\n<strong>N\u00famero de certificado 3C<\/strong>:2023011001539682<\/li>\n<\/ul>\n<p><img><\/p>","protected":false},"excerpt":{"rendered":"<p>brand:Schmidt model:D8997-1 power:5W and below style:Northern Europe Light source color temperature K value:3000K Applicable space:Bedroom\/Study sort by color:Long black +<\/p>","protected":false},"featured_media":106485,"comment_status":"open","ping_status":"closed","template":"","meta":[],"product_brand":[],"product_cat":[30971,30864],"product_tag":[],"class_list":{"0":"post-49126","1":"product","2":"type-product","3":"status-publish","4":"has-post-thumbnail","6":"product_cat-hp","7":"product_cat-new-wholesales-lights","9":"first","10":"instock","11":"taxable","12":"shipping-taxable","13":"purchasable","14":"product-type-variable"},"_links":{"self":[{"href":"https:\/\/nexgendecors.com\/es\/wp-json\/wp\/v2\/product\/49126","targetHints":{"allow":["GET"]}}],"collection":[{"href":"https:\/\/nexgendecors.com\/es\/wp-json\/wp\/v2\/product"}],"about":[{"href":"https:\/\/nexgendecors.com\/es\/wp-json\/wp\/v2\/types\/product"}],"replies":[{"embeddable":true,"href":"https:\/\/nexgendecors.com\/es\/wp-json\/wp\/v2\/comments?post=49126"}],"version-history":[{"count":0,"href":"https:\/\/nexgendecors.com\/es\/wp-json\/wp\/v2\/product\/49126\/revisions"}],"wp:featuredmedia":[{"embeddable":true,"href":"https:\/\/nexgendecors.com\/es\/wp-json\/wp\/v2\/media\/106485"}],"wp:attachment":[{"href":"https:\/\/nexgendecors.com\/es\/wp-json\/wp\/v2\/media?parent=49126"}],"wp:term":[{"taxonomy":"product_brand","embeddable":true,"href":"https:\/\/nexgendecors.com\/es\/wp-json\/wp\/v2\/product_brand?post=49126"},{"taxonomy":"product_cat","embeddable":true,"href":"https:\/\/nexgendecors.com\/es\/wp-json\/wp\/v2\/product_cat?post=49126"},{"taxonomy":"product_tag","embeddable":true,"href":"https:\/\/nexgendecors.com\/es\/wp-json\/wp\/v2\/product_tag?post=49126"}],"curies":[{"name":"wp","href":"https:\/\/api.w.org\/{rel}","templated":true}]}}