{"id":49150,"date":"2025-01-26T02:27:39","date_gmt":"2025-01-26T02:27:39","guid":{"rendered":"https:\/\/nexgendecors.com\/product\/bedside-table-light-luxury-simple-modern-high-end-artistic-acrylic-storage-cabinet-creative-bedside-storage-cabinet-side-cabinet-2\/"},"modified":"2025-04-06T08:17:18","modified_gmt":"2025-04-06T08:17:18","slug":"bedside-table-light-luxury-simple-modern-high-end-artistic-acrylic-storage-cabinet-creative-bedside-storage-cabinet-side-cabinet-2","status":"publish","type":"product","link":"https:\/\/nexgendecors.com\/es\/product\/bedside-table-light-luxury-simple-modern-high-end-artistic-acrylic-storage-cabinet-creative-bedside-storage-cabinet-side-cabinet-2\/","title":{"rendered":"Mesita de noche moderna de acr\u00edlico de lujo"},"content":{"rendered":"<ul>\n<li>\n<strong>marca<\/strong>:OTRO<\/li>\n<li>\n<strong>modelo<\/strong>:Acrylic Decorative Art<\/li>\n<li>\n<strong>Material<\/strong>:Madera<\/li>\n<li>\n<strong>Material de madera<\/strong>:Pino<\/li>\n<li>\n<strong>patr\u00f3n<\/strong>:Arte<\/li>\n<li>\n<strong>estilo<\/strong>:Simple y moderno<\/li>\n<li>\n<strong>Instalaci\u00f3n<\/strong>:Completely packaged (no installation required, ready to use out of the box)<\/li>\n<li>\n<strong>ordenar por color<\/strong>:Fashionable patterns, low-key stripes, customized colors<\/li>\n<li>\n<strong>Peso bruto<\/strong>:10KG<\/li>\n<li>\n<strong>Material de acabado<\/strong>:Madera<\/li>\n<li>\n<strong>Ya sea con amortiguaci\u00f3n<\/strong>:S\u00ed<\/li>\n<li>\n<strong>alto<\/strong>:600 mm o menos<\/li>\n<li>\n<strong>\u00bfEs personalizable?<\/strong>:No<\/li>\n<li>\n<strong>Ya sea con rodillo<\/strong>:No<\/li>\n<li>\n<strong>N\u00famero de puertas<\/strong>:Sin puerta<\/li>\n<li>\n<strong>Caracter\u00edsticas adicionales<\/strong>:Empujar y tirar<\/li>\n<li>\n<strong>Adecuado<\/strong>:Adultos<\/li>\n<li>\n<strong>Estructura del mobiliario<\/strong>:Estructura<\/li>\n<li>\n<strong>Entrega\/instalaci\u00f3n disponible<\/strong>:otro<\/li>\n<li>\n<strong>Armar<\/strong>:No<\/li>\n<li>\n<strong>volumen del paquete<\/strong>:0.6<\/li>\n<li>\n<strong>N\u00famero de secci\u00f3n de la gu\u00eda del caj\u00f3n<\/strong>:2 sections<\/li>\n<li>\n<strong>Detalles de las instrucciones de instalaci\u00f3n<\/strong>:No hay instrucciones de instalaci\u00f3n<\/li>\n<li>\n<strong>tama\u00f1o<\/strong>:50x40x43cm<\/li>\n<li>\n<strong><\/strong>:<\/li>\n<\/ul>\n<p><img><\/p>","protected":false},"excerpt":{"rendered":"<p>Marca: OTRO Modelo: Arte decorativo acr\u00edlico Material: Madera Material de madera: Pino Patr\u00f3n: Arte Estilo: Simple y moderno Instalaci\u00f3n: Completamente empaquetado (no requiere instalaci\u00f3n, listo para usar)<\/p>","protected":false},"featured_media":106490,"comment_status":"open","ping_status":"closed","template":"","meta":[],"product_brand":[],"product_cat":[30858,30862,30971,30850,30854],"product_tag":[],"class_list":{"0":"post-49150","1":"product","2":"type-product","3":"status-publish","4":"has-post-thumbnail","6":"product_cat-wholesale-bedroom","7":"product_cat-wholesales-hotels","8":"product_cat-hp","9":"product_cat-wholesale-furniture","10":"product_cat-wholesale-side-table","12":"first","13":"instock","14":"taxable","15":"shipping-taxable","16":"purchasable","17":"product-type-variable"},"_links":{"self":[{"href":"https:\/\/nexgendecors.com\/es\/wp-json\/wp\/v2\/product\/49150","targetHints":{"allow":["GET"]}}],"collection":[{"href":"https:\/\/nexgendecors.com\/es\/wp-json\/wp\/v2\/product"}],"about":[{"href":"https:\/\/nexgendecors.com\/es\/wp-json\/wp\/v2\/types\/product"}],"replies":[{"embeddable":true,"href":"https:\/\/nexgendecors.com\/es\/wp-json\/wp\/v2\/comments?post=49150"}],"version-history":[{"count":0,"href":"https:\/\/nexgendecors.com\/es\/wp-json\/wp\/v2\/product\/49150\/revisions"}],"wp:featuredmedia":[{"embeddable":true,"href":"https:\/\/nexgendecors.com\/es\/wp-json\/wp\/v2\/media\/106490"}],"wp:attachment":[{"href":"https:\/\/nexgendecors.com\/es\/wp-json\/wp\/v2\/media?parent=49150"}],"wp:term":[{"taxonomy":"product_brand","embeddable":true,"href":"https:\/\/nexgendecors.com\/es\/wp-json\/wp\/v2\/product_brand?post=49150"},{"taxonomy":"product_cat","embeddable":true,"href":"https:\/\/nexgendecors.com\/es\/wp-json\/wp\/v2\/product_cat?post=49150"},{"taxonomy":"product_tag","embeddable":true,"href":"https:\/\/nexgendecors.com\/es\/wp-json\/wp\/v2\/product_tag?post=49150"}],"curies":[{"name":"wp","href":"https:\/\/api.w.org\/{rel}","templated":true}]}}