{"id":49175,"date":"2025-01-26T02:27:45","date_gmt":"2025-01-26T02:27:45","guid":{"rendered":"https:\/\/nexgendecors.com\/product\/bench-outdoor-courtyard-iron-long-bench-park-plastic-wood-chair-antiseptic-wood-leisure-seat-stainless-steel-park-chair-2\/"},"modified":"2025-04-06T08:17:24","modified_gmt":"2025-04-06T08:17:24","slug":"bench-outdoor-courtyard-iron-long-bench-park-plastic-wood-chair-antiseptic-wood-leisure-seat-stainless-steel-park-chair-2","status":"publish","type":"product","link":"https:\/\/nexgendecors.com\/es\/product\/bench-outdoor-courtyard-iron-long-bench-park-plastic-wood-chair-antiseptic-wood-leisure-seat-stainless-steel-park-chair-2\/","title":{"rendered":"Elegante banco largo de hierro para patios al aire libre"},"content":{"rendered":"<ul>\n<li>\n<strong>marca<\/strong>:otro\/otro<\/li>\n<li>\n<strong>modelo<\/strong>:A060<\/li>\n<li>\n<strong>Material del asiento<\/strong>:Madera maciza<\/li>\n<li>\n<strong>patr\u00f3n<\/strong>:Arte<\/li>\n<li>\n<strong>estilo<\/strong>:Simple y moderno<\/li>\n<li>\n<strong>elementos populares<\/strong>:Empalme<\/li>\n<li>\n<strong>ordenar por color<\/strong>:[Anticorrosive wood] 30*40*2000, [Optional length] 2 armrests 150*54*78, [Same as the main picture] 150*65*78, Same as the main picture 150*70*78, [Single chair] 2 armrests 54*54*78, [Thickened and reinforced] 2 armrests 120*54*78, [Thickened and reinforced] 2 armrests 150*54*78, [Thickened and reinforced] 2 armrests 180*54*78, [Thickened and reinforced] 2 armrests 200*54*78, [Type B] 2 armrests 120*54*78, [B type] 2 armrests 150*54*78, [B type] 2 armrests 180*54*78, [B type] 2 armrests 200*54*78, 2 armrests backrest 120*54*78, 2 armrests backrest 150*54*78, 2 armrests backrest 180*54*78, 2 armrests backrest 200*54*78, [length optional] 3 armrests 150*54*78, [length optional] PE plastic wood 150*54*78, [color optional \u3011Four legs 2 armrests 120*65*80, [color optional] Four legs 2 armrests 150*65*80, [color optional] Four legs 2 armrests 180*65*80, [color optional] Four legs 2 armrests 200*65*80, [color optional] Four legs without armrests 120*65*80, [color optional] Four legs without armrests 150*65*80, [color optional] Four legs without armrests 180*65*80, [color optional] Four legs without armrests 200*65*80, [color optional] [Color optional] Model 2 2 armrests 120*65*80, [Color optional] Model 2 2 armrests 150*65*80, [Color optional] Model 2 2 armrests 180*65*80, [Color optional] Model 2 2 armrests 200*65*80, [Color optional] Model 3 2 armrests 120*65*80, [Color optional] Model 3 2 armrests 150*65*80, [Color optional] Model 3 2 armrests 180*65*80, [Color optional] Model 3 2 armrests 200*65*80<\/li>\n<li>\n<strong>Peso bruto<\/strong>:35KG<\/li>\n<li>\n<strong>\u00bfEs personalizable?<\/strong>:S\u00ed<\/li>\n<li>\n<strong>Caracter\u00edsticas adicionales<\/strong>:puede moverse<\/li>\n<li>\n<strong>Estructura del mobiliario<\/strong>:Estructura<\/li>\n<li>\n<strong>Entrega\/instalaci\u00f3n disponible<\/strong>:Wuhan<\/li>\n<li>\n<strong>Origen<\/strong>:Provincia de Hubei<\/li>\n<li>\n<strong>ciudad<\/strong>:Wuhan<\/li>\n<li>\n<strong>Distritos y condados<\/strong>Distrito de Dongxihu<\/li>\n<li>\n<strong>volumen del paquete<\/strong>:150*50*50<\/li>\n<li>\n<strong>\u00bfHay taxi disponible para transporte?<\/strong>:S\u00ed<\/li>\n<li>\n<strong>Posicionamiento de estilo<\/strong>:Estilo art\u00edstico<\/li>\n<li>\n<strong>Detalles de las instrucciones de instalaci\u00f3n<\/strong>:Proporcione instrucciones de instalaci\u00f3n, videos de instalaci\u00f3n y herramientas de instalaci\u00f3n sencillas.<\/li>\n<li>\n<strong><\/strong>:<\/li>\n<\/ul>\n<p><img><\/p>","protected":false},"excerpt":{"rendered":"<p>Marca: otro\/otro Modelo: A060 Material del asiento: madera maciza Patr\u00f3n: arte Estilo: simple y moderno Elementos populares: empalme Ordenar por color: [Madera anticorrosiva] 30*40*2000, [Longitud opcional] 2 reposabrazos<\/p>","protected":false},"featured_media":106573,"comment_status":"open","ping_status":"closed","template":"","meta":[],"product_brand":[],"product_cat":[30971,30853],"product_tag":[],"class_list":{"0":"post-49175","1":"product","2":"type-product","3":"status-publish","4":"has-post-thumbnail","6":"product_cat-hp","7":"product_cat-new-wholesale-public-projects","9":"first","10":"instock","11":"taxable","12":"shipping-taxable","13":"purchasable","14":"product-type-variable"},"_links":{"self":[{"href":"https:\/\/nexgendecors.com\/es\/wp-json\/wp\/v2\/product\/49175","targetHints":{"allow":["GET"]}}],"collection":[{"href":"https:\/\/nexgendecors.com\/es\/wp-json\/wp\/v2\/product"}],"about":[{"href":"https:\/\/nexgendecors.com\/es\/wp-json\/wp\/v2\/types\/product"}],"replies":[{"embeddable":true,"href":"https:\/\/nexgendecors.com\/es\/wp-json\/wp\/v2\/comments?post=49175"}],"version-history":[{"count":0,"href":"https:\/\/nexgendecors.com\/es\/wp-json\/wp\/v2\/product\/49175\/revisions"}],"wp:featuredmedia":[{"embeddable":true,"href":"https:\/\/nexgendecors.com\/es\/wp-json\/wp\/v2\/media\/106573"}],"wp:attachment":[{"href":"https:\/\/nexgendecors.com\/es\/wp-json\/wp\/v2\/media?parent=49175"}],"wp:term":[{"taxonomy":"product_brand","embeddable":true,"href":"https:\/\/nexgendecors.com\/es\/wp-json\/wp\/v2\/product_brand?post=49175"},{"taxonomy":"product_cat","embeddable":true,"href":"https:\/\/nexgendecors.com\/es\/wp-json\/wp\/v2\/product_cat?post=49175"},{"taxonomy":"product_tag","embeddable":true,"href":"https:\/\/nexgendecors.com\/es\/wp-json\/wp\/v2\/product_tag?post=49175"}],"curies":[{"name":"wp","href":"https:\/\/api.w.org\/{rel}","templated":true}]}}