{"id":49372,"date":"2025-01-26T02:28:06","date_gmt":"2025-01-26T02:28:06","guid":{"rendered":"https:\/\/nexgendecors.com\/product\/black-walnut-log-solid-wood-wood-3d-mosaic-wood-strip-wood-strip-tv-background-wall-wall-decoration-material\/"},"modified":"2025-04-15T11:18:12","modified_gmt":"2025-04-15T11:18:12","slug":"tronco-de-nogal-negro-madera-maciza-madera-mosaico-3d-tira-de-madera-tira-de-madera-fondo-de-tv-pared-material-de-decoracion-de-pared","status":"publish","type":"product","link":"https:\/\/nexgendecors.com\/es\/product\/tronco-de-nogal-negro-madera-maciza-madera-mosaico-3d-tira-de-madera-tira-de-madera-fondo-de-tv-pared-material-de-decoracion-de-pared\/","title":{"rendered":"Listones de madera en mosaico 3D de nogal negro para decoraci\u00f3n de paredes"},"content":{"rendered":"<li title=\"gran cu\u00f1a\"><font style=\"vertical-align: inherit;\"><font style=\"vertical-align: inherit;\">Marca: Daqie<\/font><\/font><\/li>\n<li title=\"DQ-SL94\"><font style=\"vertical-align: inherit;\"><font style=\"vertical-align: inherit;\">Modelo: DQ-SL94<\/font><\/font><\/li>\n<li title=\"otro\"><font style=\"vertical-align: inherit;\"><font style=\"vertical-align: inherit;\">Material: otro\/otro<\/font><\/font><\/li>\n<li title=\"Sencillo y moderno\"><font style=\"vertical-align: inherit;\"><font style=\"vertical-align: inherit;\">Estilo: sencillo y moderno.<\/font><\/font><\/li>\n<li title=\"China continental\"><font style=\"vertical-align: inherit;\"><font style=\"vertical-align: inherit;\">Origen: China continental<\/font><\/font><\/li>\n<li title=\"pared interior\"><font style=\"vertical-align: inherit;\"><font style=\"vertical-align: inherit;\">Espacio aplicable: pared interior.<\/font><\/font><\/li>\n<li title=\"A nogal negro - tira fina - 88 yuanes \/ pieza (550 yuanes \/ \u33a1 B nogal negro - tira ancha - 88 yuanes \/ pieza (550 yuanes \/ \u33a1 C teca rey - pieza grande - 128 yuanes \/ pieza (474 \u200b\u200byuanes \/ \u33a1 E abedul - color nogal-79 yuanes \/ pieza (399 yuanes \/ \u33a1 G teca birmana tira fina 208 yuanes \/ pieza-770 yuanes \/ \u33a1 H roble blanco color caf\u00e9 95,8 yuanes \/ pieza K nogal del Mar del Sur 31,13 yuanes \/ pieza = 399 yuanes \/ \u33a1 L nogal negro lado oblicuo 61,88 yuanes \/ pieza (698 yuanes \/ \u33a1 M plano de hipotenusa 59,88 yuanes \/ pieza (675 yuanes \/ \u33a1 N rombo hex\u00e1gono 60 yuanes \/ pieza (578 yuanes \/ \u33a1 O nogal negro - diamante grande 65 yuanes\/pieza (578 yuanes\/\u33a1 P nogal negro - cuadrado 49,5 yuanes\/pieza (550 yuanes\/\u33a1 Q nogal negro - superficie curva 88 yuanes\/pieza (978 yuanes\/\u33a1\"><font style=\"vertical-align: inherit;\"><font style=\"vertical-align: inherit;\">Clasificaci\u00f3n de color: A nogal negro - tira fina - 88 yuanes \/ pieza (550 yuanes \/ \u33a1 B nogal negro - tira ancha - 88 yuanes \/ pieza (550 yuanes \/ \u33a1 C teca rey - bloque grande - 128 yuanes \/ pieza (474 \u200b\u200byuanes \/ \u33a1 E color abedul-nogal-79 yuanes \/ pieza (399 yuanes \/ \u33a1 G Tiras finas de teca birmana 208 yuanes \/ pieza-770 yuanes \/ \u33a1 H color caf\u00e9 roble blanco 95,8 yuanes \/ pieza K nogal del Mar del Sur 31,13 yuanes \/ pieza = 399 yuanes \/ \u33a1 L borde biselado de nogal negro 61,88 yuanes \/ pieza (698 yuanes \/ \u33a1 M plano biselado 59,88 yuanes \/ pieza (675 yuanes \/ \u33a1 N hex\u00e1gono en forma de diamante 60 yuanes \/ pieza (578 yuanes\/\u33a1 O nogal negro-diamante grande 65 yuanes\/pieza) Pieza (578 yuanes\/\u33a1 P nogal negro-cuadrado 49,5 yuanes\/pieza (550 yuanes\/\u33a1 Q nogal negro-superficie curva 88 yuanes\/pieza (978 yuanes\/\u33a1<\/font><\/font><\/li>\n<li title=\"Los compradores de la misma ciudad vienen a recoger la mercanc\u00eda.\"><font style=\"vertical-align: inherit;\"><font style=\"vertical-align: inherit;\">Servicio en la misma ciudad: Los compradores de la misma ciudad vienen a recoger la mercanc\u00eda.<\/font><\/font><\/li>\n<li title=\"Dormitorio, sala de estar, balc\u00f3n, sol\u00e1rium, fondo de pared\"><font style=\"vertical-align: inherit;\"><font style=\"vertical-align: inherit;\">Clasificaci\u00f3n del espacio de decoraci\u00f3n: dormitorio, sala de estar, balc\u00f3n, sol\u00e1rium, pared de fondo.<\/font><\/font><\/li>\n<li title=\"800\"><font style=\"vertical-align: inherit;\"><font style=\"vertical-align: inherit;\">Longitud de cada pieza (mm): 800<\/font><\/font><\/li>\n<li title=\"200\"><font style=\"vertical-align: inherit;\"><font style=\"vertical-align: inherit;\">Ancho de cada pieza (mm): 200<\/font><\/font><\/li>\n<li title=\"0,16\u33a1\"><font style=\"vertical-align: inherit;\"><font style=\"vertical-align: inherit;\">Unidad de precio: 0,16\u33a1<\/font><\/font><\/li>\n<li title=\"0,5% o m\u00e1s\"><font style=\"vertical-align: inherit;\"><font style=\"vertical-align: inherit;\">Absorci\u00f3n de agua: m\u00e1s de 0,5%<\/font><\/font><\/li>\n<li title=\"no enviar\"><font style=\"vertical-align: inherit;\"><font style=\"vertical-align: inherit;\">Si se enviar\u00e1n muestras: no<\/font><\/font><\/li>","protected":false},"excerpt":{"rendered":"<p>Marca: Daqie Modelo: DQ-SL94 Material: otro\/otros Estilo: simple y moderno Origen: China continental Espacio aplicable: pared interior Clasificaci\u00f3n de color: A<\/p>","protected":false},"featured_media":106690,"comment_status":"open","ping_status":"closed","template":"","meta":[],"product_brand":[],"product_cat":[30971,30986,30878],"product_tag":[],"class_list":{"0":"post-49372","1":"product","2":"type-product","3":"status-publish","4":"has-post-thumbnail","6":"product_cat-hp","7":"product_cat-tiles-wall-bricks","8":"product_cat-wall-panel","10":"first","11":"instock","12":"sale","13":"taxable","14":"shipping-taxable","15":"purchasable","16":"product-type-variable"},"_links":{"self":[{"href":"https:\/\/nexgendecors.com\/es\/wp-json\/wp\/v2\/product\/49372","targetHints":{"allow":["GET"]}}],"collection":[{"href":"https:\/\/nexgendecors.com\/es\/wp-json\/wp\/v2\/product"}],"about":[{"href":"https:\/\/nexgendecors.com\/es\/wp-json\/wp\/v2\/types\/product"}],"replies":[{"embeddable":true,"href":"https:\/\/nexgendecors.com\/es\/wp-json\/wp\/v2\/comments?post=49372"}],"version-history":[{"count":0,"href":"https:\/\/nexgendecors.com\/es\/wp-json\/wp\/v2\/product\/49372\/revisions"}],"wp:featuredmedia":[{"embeddable":true,"href":"https:\/\/nexgendecors.com\/es\/wp-json\/wp\/v2\/media\/106690"}],"wp:attachment":[{"href":"https:\/\/nexgendecors.com\/es\/wp-json\/wp\/v2\/media?parent=49372"}],"wp:term":[{"taxonomy":"product_brand","embeddable":true,"href":"https:\/\/nexgendecors.com\/es\/wp-json\/wp\/v2\/product_brand?post=49372"},{"taxonomy":"product_cat","embeddable":true,"href":"https:\/\/nexgendecors.com\/es\/wp-json\/wp\/v2\/product_cat?post=49372"},{"taxonomy":"product_tag","embeddable":true,"href":"https:\/\/nexgendecors.com\/es\/wp-json\/wp\/v2\/product_tag?post=49372"}],"curies":[{"name":"wp","href":"https:\/\/api.w.org\/{rel}","templated":true}]}}