{"id":49391,"date":"2025-01-26T02:28:09","date_gmt":"2025-01-26T02:28:09","guid":{"rendered":"https:\/\/nexgendecors.com\/product\/bohemian-cotton-tufted-pillow-morocco-ethnic-pillow\/"},"modified":"2025-04-06T08:17:48","modified_gmt":"2025-04-06T08:17:48","slug":"bohemian-cotton-tufted-pillow-morocco-ethnic-pillow","status":"publish","type":"product","link":"https:\/\/nexgendecors.com\/es\/product\/bohemian-cotton-tufted-pillow-morocco-ethnic-pillow\/","title":{"rendered":"Almohada bohemia de algod\u00f3n con mechones \u2013 Estilo \u00e9tnico marroqu\u00ed"},"content":{"rendered":"<p><strong data-mce-fragment=\"1\">Descripci\u00f3n:<\/strong><\/p>\n<p><span>Pattern:\u00a0Geometric<\/span><br \/><span>Color:\u00a0Photo Color<\/span><br \/><span>Size: 30cm X 50cm,\u00a045cm X 45cm<\/span><br \/><span>Pillow Type: Cushion<\/span><br \/><span>Filling: Chemical Fiber<\/span><br \/><span>Material Composition: Chemical Fiber<\/span><br \/><span>Applicable Space: Living Room<\/span><br \/><span>Care Instructions: Machine Washable, Use Non-Chlorine Bleach, Iron If Desired.<\/span><\/p>","protected":false},"excerpt":{"rendered":"<p>Descripci\u00f3n: Patr\u00f3n: Geom\u00e9trico Color: Color de la foto Tama\u00f1o: 30 cm x 50 cm, 45 cm x 45 cm Tipo de almohada: Coj\u00edn Relleno: Fibra qu\u00edmica Composici\u00f3n del material: Fibra qu\u00edmica Espacio aplicable: Sala de estar Instrucciones de cuidado: Lavable a m\u00e1quina<\/p>","protected":false},"featured_media":106717,"comment_status":"open","ping_status":"closed","template":"","meta":[],"product_brand":[],"product_cat":[30823,30828,30971],"product_tag":[12259,12260],"class_list":{"0":"post-49391","1":"product","2":"type-product","3":"status-publish","4":"has-post-thumbnail","6":"product_cat-cushions-throuws","7":"product_cat-furnishing","8":"product_cat-hp","9":"product_tag-_wf_cus","10":"product_tag-_wf_exc","12":"first","13":"instock","14":"sale","15":"taxable","16":"shipping-taxable","17":"purchasable","18":"product-type-variable"},"_links":{"self":[{"href":"https:\/\/nexgendecors.com\/es\/wp-json\/wp\/v2\/product\/49391","targetHints":{"allow":["GET"]}}],"collection":[{"href":"https:\/\/nexgendecors.com\/es\/wp-json\/wp\/v2\/product"}],"about":[{"href":"https:\/\/nexgendecors.com\/es\/wp-json\/wp\/v2\/types\/product"}],"replies":[{"embeddable":true,"href":"https:\/\/nexgendecors.com\/es\/wp-json\/wp\/v2\/comments?post=49391"}],"version-history":[{"count":0,"href":"https:\/\/nexgendecors.com\/es\/wp-json\/wp\/v2\/product\/49391\/revisions"}],"wp:featuredmedia":[{"embeddable":true,"href":"https:\/\/nexgendecors.com\/es\/wp-json\/wp\/v2\/media\/106717"}],"wp:attachment":[{"href":"https:\/\/nexgendecors.com\/es\/wp-json\/wp\/v2\/media?parent=49391"}],"wp:term":[{"taxonomy":"product_brand","embeddable":true,"href":"https:\/\/nexgendecors.com\/es\/wp-json\/wp\/v2\/product_brand?post=49391"},{"taxonomy":"product_cat","embeddable":true,"href":"https:\/\/nexgendecors.com\/es\/wp-json\/wp\/v2\/product_cat?post=49391"},{"taxonomy":"product_tag","embeddable":true,"href":"https:\/\/nexgendecors.com\/es\/wp-json\/wp\/v2\/product_tag?post=49391"}],"curies":[{"name":"wp","href":"https:\/\/api.w.org\/{rel}","templated":true}]}}