{"id":49630,"date":"2025-01-26T02:28:38","date_gmt":"2025-01-26T02:28:38","guid":{"rendered":"https:\/\/nexgendecors.com\/product\/boss-desk-and-chair-combination-single-office-furniture-table-large-desk-supervisor-desk-manager-desk-simple-modern\/"},"modified":"2025-04-06T08:18:31","modified_gmt":"2025-04-06T08:18:31","slug":"escritorio-de-jefe-y-silla-combinados-muebles-de-oficina-individuales-mesa-escritorio-grande-escritorio-de-supervisor-escritorio-de-gerente-sencillo-y-moderno","status":"publish","type":"product","link":"https:\/\/nexgendecors.com\/es\/product\/escritorio-de-jefe-y-silla-combinados-muebles-de-oficina-individuales-mesa-escritorio-grande-escritorio-de-supervisor-escritorio-de-gerente-sencillo-y-moderno\/","title":{"rendered":"Conjunto moderno de escritorio y silla de supervisor para oficina"},"content":{"rendered":"<ul>\n<li>\n<strong>marca<\/strong>:Peque\u00f1o artesano<\/li>\n<li>\n<strong>modelo<\/strong>:801-I<\/li>\n<li>\n<strong>estilo<\/strong>:Simple y moderno<\/li>\n<li>\n<strong>Armar<\/strong>:S\u00ed<\/li>\n<li>\n<strong>ancho<\/strong>:1600 mm<\/li>\n<li>\n<strong>\u00bfHay una mesa auxiliar?<\/strong>:No<\/li>\n<li>\n<strong>provincia<\/strong>:Provincia de Zhejiang<\/li>\n<li>\n<strong>ciudad<\/strong>:Hangzhou<\/li>\n<li>\n<strong>\u00bfEst\u00e1 disponible la preventa?<\/strong>:S\u00ed<\/li>\n<li>\n<strong>Servicio en la ciudad<\/strong>:Log\u00edstica intraurbana de entrega puerta a puerta<\/li>\n<li>\n<strong>\u00bfEs personalizable?<\/strong>:S\u00ed<\/li>\n<li>\n<strong>longitud<\/strong>:1800 mm<\/li>\n<li>\n<strong>Origen<\/strong>:China continental<\/li>\n<li>\n<strong>Material del panel<\/strong>:Paneles a base de madera<\/li>\n<li>\n<strong>Material<\/strong>:Paneles a base de madera<\/li>\n<li>\n<strong>Detalles de las instrucciones de instalaci\u00f3n<\/strong>:Proporcione herramientas de instalaci\u00f3n sencillas<\/li>\n<li>\n<strong>\u00bfHay taxi disponible para transporte?<\/strong>:No<\/li>\n<li>\n<strong>Normas ambientales<\/strong>:E1<\/li>\n<li>\n<strong>ordenar por color<\/strong>:Concierte una cita para la sala de exposiciones offline en Hangzhou: 15157159604 [Instalaci\u00f3n incluida] Chicha Orange (1600*1600*750) [Instalaci\u00f3n incluida] Chicha Orange de 1,6 m + Silla Boss [Instalaci\u00f3n incluida] Chicha Orange de 1,6 m + Silla Boss + Archivador de 1,95 m [Instalaci\u00f3n incluida] Chicha Orange (1800*1600*750) [Instalaci\u00f3n incluida] Chicha Orange de 1,8 m + Silla Boss [Instalaci\u00f3n incluida] Chicha Orange de 1,8 m + Silla Boss + Archivador de 1,95 m [Instalaci\u00f3n incluida] Chicha Orange (2000*1600*750) [Instalaci\u00f3n incluida] Chicha Orange de 2,0 m + Silla Boss [Instalaci\u00f3n incluida] Chicha Orange de 2,0 m + Silla Boss + Archivador de 1,95 m [Instalaci\u00f3n incluida] Chicha Orange (2200*1600*750) [Instalaci\u00f3n incluida] 2,2 m naranja t\u00e9 rojo + silla de jefe [Instalaci\u00f3n incluida] 2,2 m naranja t\u00e9 rojo + silla de jefe + archivador de 1,95 m [Instalaci\u00f3n incluida] Mysterious Gray (1600*1600*750) [Instalaci\u00f3n incluida] 1,6 m Mysterious Gray + Silla de jefe [Instalaci\u00f3n incluida] 1,6 m Mysterious Gray + Silla de jefe + Archivador de 1,95 m [Instalaci\u00f3n incluida] Mysterious Gray (1800*1600*750) [Instalaci\u00f3n incluida] 1,8 m Mysterious Gray + Silla de jefe [Instalaci\u00f3n incluida] 1,8 m Mysterious Gray + Silla de jefe + Archivador de 1,95 m [Instalaci\u00f3n incluida] Mysterious Gray (2000*1600*750) [Instalaci\u00f3n incluida] 2.0m Mysterious Gray + Boss Chair [Instalaci\u00f3n incluida] 2.0m Mysterious Gray + Boss Chair + 1.95m Archivero [Instalaci\u00f3n incluida] Mysterious Gray (2200*1600*750) [Instalaci\u00f3n incluida] 2.2m Mysterious Gray + Boss Chair [Instalaci\u00f3n incluida] 2.2m Mysterious Gray + Boss Chair + 1.95m Archivero Imagen principal Boss Chair a juego<\/li>\n<li>\n<strong><\/strong>:<\/li>\n<\/ul>\n<p><img><\/p>","protected":false},"excerpt":{"rendered":"<p>Marca: Little Craftsman Modelo: 801-I Estilo: Simple y moderno Ensamblaje: S\u00ed Ancho: 1600 mm \u00bfHay una mesa auxiliar?: No Provincia: Provincia de Zhejiang Ciudad: Hangzhou \u00bfHay preventa disponible?: S\u00ed En la ciudad<\/p>","protected":false},"featured_media":106928,"comment_status":"open","ping_status":"closed","template":"","meta":[],"product_brand":[],"product_cat":[30971,30859],"product_tag":[],"class_list":{"0":"post-49630","1":"product","2":"type-product","3":"status-publish","4":"has-post-thumbnail","6":"product_cat-hp","7":"product_cat-wholesale-office","9":"first","10":"instock","11":"sale","12":"taxable","13":"shipping-taxable","14":"purchasable","15":"product-type-variable"},"_links":{"self":[{"href":"https:\/\/nexgendecors.com\/es\/wp-json\/wp\/v2\/product\/49630","targetHints":{"allow":["GET"]}}],"collection":[{"href":"https:\/\/nexgendecors.com\/es\/wp-json\/wp\/v2\/product"}],"about":[{"href":"https:\/\/nexgendecors.com\/es\/wp-json\/wp\/v2\/types\/product"}],"replies":[{"embeddable":true,"href":"https:\/\/nexgendecors.com\/es\/wp-json\/wp\/v2\/comments?post=49630"}],"version-history":[{"count":0,"href":"https:\/\/nexgendecors.com\/es\/wp-json\/wp\/v2\/product\/49630\/revisions"}],"wp:featuredmedia":[{"embeddable":true,"href":"https:\/\/nexgendecors.com\/es\/wp-json\/wp\/v2\/media\/106928"}],"wp:attachment":[{"href":"https:\/\/nexgendecors.com\/es\/wp-json\/wp\/v2\/media?parent=49630"}],"wp:term":[{"taxonomy":"product_brand","embeddable":true,"href":"https:\/\/nexgendecors.com\/es\/wp-json\/wp\/v2\/product_brand?post=49630"},{"taxonomy":"product_cat","embeddable":true,"href":"https:\/\/nexgendecors.com\/es\/wp-json\/wp\/v2\/product_cat?post=49630"},{"taxonomy":"product_tag","embeddable":true,"href":"https:\/\/nexgendecors.com\/es\/wp-json\/wp\/v2\/product_tag?post=49630"}],"curies":[{"name":"wp","href":"https:\/\/api.w.org\/{rel}","templated":true}]}}