{"id":50044,"date":"2025-01-26T02:29:24","date_gmt":"2025-01-26T02:29:24","guid":{"rendered":"https:\/\/nexgendecors.com\/product\/boss-file-cabinet-office-background-cabinet-bookcase-storage-office-wooden-modern-archive-cabinet-with-lock-cabinet\/"},"modified":"2025-04-06T08:19:28","modified_gmt":"2025-04-06T08:19:28","slug":"archivador-de-jefe-armario-de-oficina-estanteria-de-almacenamiento-armario-de-archivo-moderno-de-madera-con-cerradura","status":"publish","type":"product","link":"https:\/\/nexgendecors.com\/es\/product\/archivador-de-jefe-armario-de-oficina-estanteria-de-almacenamiento-armario-de-archivo-moderno-de-madera-con-cerradura\/","title":{"rendered":"Armario de oficina moderno de madera con cerradura y almacenamiento"},"content":{"rendered":"<ul>\n<li>\n<strong>marca<\/strong>:Yashang<\/li>\n<li>\n<strong>modelo<\/strong>:Archivadores<\/li>\n<li>\n<strong>Funci\u00f3n<\/strong>:Otro<\/li>\n<li>\n<strong>Material<\/strong>:otro<\/li>\n<li>\n<strong>estilo<\/strong>:Estilo de lujo ligero<\/li>\n<li>\n<strong>ordenar por color<\/strong>:Armario de tres puertas [nogal + gris hierro], armario de cuatro puertas [nogal + gris hierro], armario de cinco puertas [nogal + gris hierro], armario de seis puertas [nogal + gris hierro], armario de siete puertas [nogal + gris hierro], armario de ocho puertas [nogal + gris hierro], armario de tres puertas [nogal + caqui], armario de cuatro puertas [nogal + caqui], armario de cinco puertas [nogal + caqui], armario de seis puertas [nogal + caqui], armario de siete puertas [nogal + caqui], armario de ocho puertas [nogal + caqui], armario de tres puertas [Arce + Blanco c\u00e1lido], armario de cuatro puertas [Arce + Blanco c\u00e1lido], armario de cinco puertas [Arce + Blanco c\u00e1lido], armario de seis puertas [Arce + Blanco c\u00e1lido], armario de siete puertas [Arce + Blanco c\u00e1lido], armario de ocho puertas [Arce + Blanco c\u00e1lido], armario de tres puertas [Negro cl\u00e1sico + Blanco c\u00e1lido] Blanco], Armario de cuatro puertas [Negro cl\u00e1sico + Blanco c\u00e1lido], Armario de cinco puertas [Negro cl\u00e1sico + Blanco c\u00e1lido], Armario de seis puertas [Negro cl\u00e1sico + Blanco c\u00e1lido], Armario de siete puertas [Negro cl\u00e1sico + Blanco c\u00e1lido], Armario de ocho puertas [Negro cl\u00e1sico + Blanco c\u00e1lido]<\/li>\n<li>\n<strong>Normas ambientales<\/strong>:E1<\/li>\n<li>\n<strong>\u00bfEs personalizable?<\/strong>:No<\/li>\n<li>\n<strong>N\u00famero de puertas<\/strong>:5 puertas<\/li>\n<li>\n<strong>N\u00famero de capas<\/strong>:5to piso<\/li>\n<li>\n<strong>N\u00famero de cajones<\/strong>:Sin caj\u00f3n<\/li>\n<li>\n<strong>\u00bfEsta bloqueado?<\/strong>:S\u00ed<\/li>\n<li>\n<strong>Tipo de gabinete<\/strong>Archivador de suelo<\/li>\n<li>\n<strong>M\u00e9todo de apertura y cierre<\/strong>:Puerta doble<\/li>\n<li>\n<strong>Armar<\/strong>:S\u00ed<\/li>\n<li>\n<strong>Peso bruto<\/strong>:100 kilos<\/li>\n<li>\n<strong>Tama\u00f1o del paquete<\/strong>:3200x400x2000mm<\/li>\n<li>\n<strong>longitud<\/strong>:320 cm<\/li>\n<li>\n<strong>espesor<\/strong>:0 mm<\/li>\n<\/ul>\n<p><img><\/p>","protected":false},"excerpt":{"rendered":"<p>Marca: Yashang Modelo: Archivadores Funci\u00f3n: Otro Material: Otro Estilo: Estilo de lujo ligero Ordenar por color: Gabinete de tres puertas [nogal + gris hierro], gabinete de cuatro puertas [nogal + gris hierro]<\/p>","protected":false},"featured_media":107346,"comment_status":"open","ping_status":"closed","template":"","meta":[],"product_brand":[],"product_cat":[30971,30859],"product_tag":[],"class_list":{"0":"post-50044","1":"product","2":"type-product","3":"status-publish","4":"has-post-thumbnail","6":"product_cat-hp","7":"product_cat-wholesale-office","9":"first","10":"instock","11":"sale","12":"taxable","13":"shipping-taxable","14":"purchasable","15":"product-type-variable"},"_links":{"self":[{"href":"https:\/\/nexgendecors.com\/es\/wp-json\/wp\/v2\/product\/50044","targetHints":{"allow":["GET"]}}],"collection":[{"href":"https:\/\/nexgendecors.com\/es\/wp-json\/wp\/v2\/product"}],"about":[{"href":"https:\/\/nexgendecors.com\/es\/wp-json\/wp\/v2\/types\/product"}],"replies":[{"embeddable":true,"href":"https:\/\/nexgendecors.com\/es\/wp-json\/wp\/v2\/comments?post=50044"}],"version-history":[{"count":0,"href":"https:\/\/nexgendecors.com\/es\/wp-json\/wp\/v2\/product\/50044\/revisions"}],"wp:featuredmedia":[{"embeddable":true,"href":"https:\/\/nexgendecors.com\/es\/wp-json\/wp\/v2\/media\/107346"}],"wp:attachment":[{"href":"https:\/\/nexgendecors.com\/es\/wp-json\/wp\/v2\/media?parent=50044"}],"wp:term":[{"taxonomy":"product_brand","embeddable":true,"href":"https:\/\/nexgendecors.com\/es\/wp-json\/wp\/v2\/product_brand?post=50044"},{"taxonomy":"product_cat","embeddable":true,"href":"https:\/\/nexgendecors.com\/es\/wp-json\/wp\/v2\/product_cat?post=50044"},{"taxonomy":"product_tag","embeddable":true,"href":"https:\/\/nexgendecors.com\/es\/wp-json\/wp\/v2\/product_tag?post=50044"}],"curies":[{"name":"wp","href":"https:\/\/api.w.org\/{rel}","templated":true}]}}