{"id":50203,"date":"2025-01-26T02:29:49","date_gmt":"2025-01-26T02:29:49","guid":{"rendered":"https:\/\/nexgendecors.com\/product\/bulgari-rock-plate-ceramic-seamless-one-piece-basin-bathroom-cabinet-combination-bathroom-wash-basin-wash-basin-custom-3\/"},"modified":"2025-04-06T08:19:38","modified_gmt":"2025-04-06T08:19:38","slug":"placa-de-roca-bulgari-lavabo-de-ceramica-de-una-pieza-sin-costuras-mueble-de-bano-combinacion-de-lavabo-de-bano-lavabo-personalizado-3","status":"publish","type":"product","link":"https:\/\/nexgendecors.com\/es\/product\/placa-de-roca-bulgari-lavabo-de-ceramica-de-una-pieza-sin-costuras-mueble-de-bano-combinacion-de-lavabo-de-bano-lavabo-personalizado-3\/","title":{"rendered":"Conjunto de lavabo y mueble de cer\u00e1mica sin juntas de Bulgari"},"content":{"rendered":"<ul>\n<li>\n<strong>marca<\/strong>:Rinoceronte<\/li>\n<li>\n<strong>modelo<\/strong>:7918-2<\/li>\n<li>\n<strong>Funci\u00f3n<\/strong>:Almacenamiento, lavado, impermeabilidad, iluminaci\u00f3n, antivaho.<\/li>\n<li>\n<strong>Material del gabinete<\/strong>:Tablero multicapa de madera maciza de eucalipto<\/li>\n<li>\n<strong>estilo<\/strong>:Simple y moderno<\/li>\n<li>\n<strong>Origen<\/strong>:China continental<\/li>\n<li>\n<strong>provincia<\/strong>:Provincia de Zhejiang<\/li>\n<li>\n<strong>ciudad<\/strong>:Hangzhou<\/li>\n<li>\n<strong>ordenar por color<\/strong>:Los clientes de las \u00e1reas circundantes pueden venir a la f\u00e1brica para visitar la lujosa sala de exposici\u00f3n, personalizaci\u00f3n gratuita \/ medici\u00f3n gratuita \/ dibujo gratuito \/ instalaci\u00f3n y desmontaje incluidos, [70CM] Bulgari rock slab cer\u00e1mica bajo encimera lavabo central-espejo cuadrado inteligente, [80CM] Bulgari rock slab cer\u00e1mica bajo encimera lavabo central-espejo cuadrado inteligente, [90CM] Bulgari rock slab cer\u00e1mica bajo encimera lavabo central-espejo cuadrado inteligente, [100CM] Bulgari rock slab cer\u00e1mica bajo encimera lavabo central-espejo cuadrado inteligente, [110CM] Bulgari rock slab cer\u00e1mica bajo encimera lavabo izquierdo-espejo cuadrado inteligente, [120CM] Bulgari rock slab cer\u00e1mica bajo encimera lavabo izquierdo-espejo cuadrado inteligente, [130CM] Bulgari rock slab cer\u00e1mica bajo encimera lavabo izquierdo-espejo cuadrado inteligente, [140CM] Bulgari rock slab cer\u00e1mica izquierda lavabo debajo del mostrador - espejo cuadrado inteligente, [150CM] Bulgari rock slab cer\u00e1mica izquierda lavabo debajo del mostrador el mostrador \u2013 espejo cuadrado inteligente, [160CM] Bulgari rock slab cer\u00e1mica izquierda lavabo debajo del mostrador \u2013 espejo cuadrado inteligente, [170CM] Bulgari rock slab cer\u00e1mica izquierda lavabo debajo del mostrador \u2013 espejo cuadrado inteligente, [180CM] Bulgari rock slab cer\u00e1mica izquierda lavabo debajo del mostrador \u2013 espejo cuadrado inteligente, [70CM] Bulgari rock slab cer\u00e1mica lavabo medio sin costuras \u2013 espejo cuadrado inteligente, [80CM] Bulgari rock slab cer\u00e1mica lavabo medio sin costuras \u2013 espejo cuadrado inteligente, [90CM] Bulgari rock slab cer\u00e1mica lavabo medio sin costuras \u2013 espejo cuadrado inteligente, [100CM] Bulgari rock slab cer\u00e1mica lavabo medio sin costuras \u2013 espejo cuadrado inteligente, [110CM] Bulgari rock slab cer\u00e1mica izquierda sin costuras - Espejo cuadrado inteligente, [120CM] Bulgari Rock Plate cer\u00e1mica lavabo izquierdo sin costuras \u2013 Espejo cuadrado inteligente, [130CM] Bulgari Rock Plate cer\u00e1mica lavabo izquierdo sin costuras \u2013 Espejo cuadrado inteligente, [140CM] Bulgari Rock Plate cer\u00e1mica lavabo izquierdo sin costuras \u2013 Espejo inteligente Espejo cuadrado, [150CM] Bulgari Rock Plate Ceramic Seamless Lavabo izquierdo \u2013 Espejo cuadrado inteligente, [160CM] Bulgari Rock Plate Ceramic Seamless Lavabo izquierdo \u2013 Espejo cuadrado inteligente, [170CM] Bulgari Rock Plate Ceramic Seamless Lavabo izquierdo \u2013 Espejo cuadrado inteligente, [180CM] Bulgari Rock Plate Ceramic Seamless Lavabo izquierdo \u2013 Espejo cuadrado inteligente, [70CM] Bulgari Rock Plate Integrated Middle Lavabo \u2013 Espejo cuadrado inteligente, [80CM] Bulgari Rock Plate Integrated Middle Lavabo \u2013 Espejo cuadrado inteligente, [90CM] Bulgari rock slab integrado middle lavamanos \u2013 espejo cuadrado inteligente, [100CM] Bulgari rock slab integrado middle lavamanos \u2013 espejo cuadrado inteligente, [110CM] Bulgari rock slab integrado left lavamanos \u2013 espejo cuadrado inteligente, [120CM] Bulgari rock slab integrado left lavamanos \u2013 espejo cuadrado inteligente, [130CM] Bulgari rock slab integrado left lavamanos \u2013 espejo cuadrado inteligente, [140CM] Bulgari rock slab integrado left lavamanos \u2013 espejo cuadrado inteligente, [150CM] Bulgari rock slab lavabo izquierdo integrado \u2013 espejo cuadrado inteligente, [160CM] Bulgari rock slab lavabo izquierdo integrado \u2013 espejo cuadrado inteligente, [170CM] Bulgari rock slab lavabo izquierdo integrado \u2013 espejo cuadrado inteligente, [180CM] Bulgari rock slab lavabo izquierdo integrado \u2013 espejo cuadrado inteligente<\/li>\n<li>\n<strong>Servicio en la ciudad<\/strong>:Medici\u00f3n puerta a puerta, entrega e instalaci\u00f3n en la misma ciudad<\/li>\n<li>\n<strong>Tecnolog\u00eda de superficies<\/strong>:Sin pintura<\/li>\n<li>\n<strong>Nivel de protecci\u00f3n ambiental<\/strong>:E0<\/li>\n<li>\n<strong>Combinaci\u00f3n<\/strong>:Contiene mueble de ba\u00f1o con espejo, grifo y lavabo a juego.<\/li>\n<li>\n<strong>\u00bfIncluye luz de espejo?<\/strong>:S\u00ed<\/li>\n<li>\n<strong>Tipo de encimera<\/strong>Encimera de losa de piedra<\/li>\n<li>\n<strong>M\u00e9todo de apertura y cierre<\/strong>:Tipo caj\u00f3n<\/li>\n<\/ul>\n<p><img><\/p>","protected":false},"excerpt":{"rendered":"<p>Marca: Rhino Modelo: 7918-2 Funci\u00f3n: almacenamiento, lavado, impermeable, iluminaci\u00f3n, antivaho Material del gabinete: tablero multicapa de madera maciza de eucalipto Estilo: simple y moderno Origen: China continental Provincia: provincia de Zhejiang<\/p>","protected":false},"featured_media":107615,"comment_status":"open","ping_status":"closed","template":"","meta":[],"product_brand":[],"product_cat":[30971,30880],"product_tag":[],"class_list":{"0":"post-50203","1":"product","2":"type-product","3":"status-publish","4":"has-post-thumbnail","6":"product_cat-hp","7":"product_cat-wholesales-bathroom-sink","9":"first","10":"instock","11":"taxable","12":"shipping-taxable","13":"purchasable","14":"product-type-variable"},"_links":{"self":[{"href":"https:\/\/nexgendecors.com\/es\/wp-json\/wp\/v2\/product\/50203","targetHints":{"allow":["GET"]}}],"collection":[{"href":"https:\/\/nexgendecors.com\/es\/wp-json\/wp\/v2\/product"}],"about":[{"href":"https:\/\/nexgendecors.com\/es\/wp-json\/wp\/v2\/types\/product"}],"replies":[{"embeddable":true,"href":"https:\/\/nexgendecors.com\/es\/wp-json\/wp\/v2\/comments?post=50203"}],"version-history":[{"count":0,"href":"https:\/\/nexgendecors.com\/es\/wp-json\/wp\/v2\/product\/50203\/revisions"}],"wp:featuredmedia":[{"embeddable":true,"href":"https:\/\/nexgendecors.com\/es\/wp-json\/wp\/v2\/media\/107615"}],"wp:attachment":[{"href":"https:\/\/nexgendecors.com\/es\/wp-json\/wp\/v2\/media?parent=50203"}],"wp:term":[{"taxonomy":"product_brand","embeddable":true,"href":"https:\/\/nexgendecors.com\/es\/wp-json\/wp\/v2\/product_brand?post=50203"},{"taxonomy":"product_cat","embeddable":true,"href":"https:\/\/nexgendecors.com\/es\/wp-json\/wp\/v2\/product_cat?post=50203"},{"taxonomy":"product_tag","embeddable":true,"href":"https:\/\/nexgendecors.com\/es\/wp-json\/wp\/v2\/product_tag?post=50203"}],"curies":[{"name":"wp","href":"https:\/\/api.w.org\/{rel}","templated":true}]}}