{"id":50431,"date":"2025-01-26T02:30:18","date_gmt":"2025-01-26T02:30:18","guid":{"rendered":"https:\/\/nexgendecors.com\/product\/fan-shaped-stone-mosaic-tile-fish-scale-brick-natural-marble-toilet-bathroom-kitchen-wall-brick-store-bar-counter\/"},"modified":"2025-04-15T11:18:11","modified_gmt":"2025-04-15T11:18:11","slug":"azulejo-de-mosaico-de-piedra-en-forma-de-abanico-ladrillo-de-escamas-de-pescado-marmol-natural-para-inodoro-bano-cocina-pared-de-ladrillo-tienda-barra-mostrador","status":"publish","type":"product","link":"https:\/\/nexgendecors.com\/es\/product\/azulejo-de-mosaico-de-piedra-en-forma-de-abanico-ladrillo-de-escamas-de-pescado-marmol-natural-para-inodoro-bano-cocina-pared-de-ladrillo-tienda-barra-mostrador\/","title":{"rendered":"Azulejo de mosaico de m\u00e1rmol pulido festoneado Calacatta Blanco"},"content":{"rendered":"<p><strong>Descripci\u00f3n<\/strong><\/p>\n<p>Agregue un toque de sofisticaci\u00f3n a su decoraci\u00f3n con el mosaico para piso y pared de m\u00e1rmol pulido festoneado Calacatta Blanco.<\/p>\n<p>Presenta piezas \u00fanicas de m\u00e1rmol italiano blanco pulido, que aportan un aspecto sofisticado y un toque contempor\u00e1neo a cualquier espacio interior. Ideal para uso residencial y comercial, este azulejo ornamentado presenta un patr\u00f3n distintivo que sin duda aportar\u00e1 un encanto que define el espacio a cualquier espacio.<\/p>\n<p><meta charset=\"utf-8\"><span>Nota: Inspeccione todas las baldosas antes de la instalaci\u00f3n. Los productos de piedra natural carecen de uniformidad y est\u00e1n sujetos a variaciones de color, tono, acabado, etc. Se recomienda combinar baldosas de diferentes cajas durante la instalaci\u00f3n. Las piedras naturales pueden presentar juntas y hoyos secos que suelen rellenarse. El relleno puede salirse y podr\u00eda ser necesario rellenar estos huecos como parte del mantenimiento habitual. Todos los productos de piedra natural deben sellarse con un sellador penetrante.<\/span><\/p>","protected":false},"excerpt":{"rendered":"<p>Descripci\u00f3n Agregue un toque de sofisticaci\u00f3n a su decoraci\u00f3n con el mosaico para piso y pared de m\u00e1rmol pulido festoneado Calacatta Blanco.<\/p>","protected":false},"featured_media":107920,"comment_status":"open","ping_status":"closed","template":"","meta":[],"product_brand":[],"product_cat":[30971,30986,30878],"product_tag":[],"class_list":{"0":"post-50431","1":"product","2":"type-product","3":"status-publish","4":"has-post-thumbnail","6":"product_cat-hp","7":"product_cat-tiles-wall-bricks","8":"product_cat-wall-panel","10":"first","11":"instock","12":"sale","13":"taxable","14":"shipping-taxable","15":"purchasable","16":"product-type-variable"},"_links":{"self":[{"href":"https:\/\/nexgendecors.com\/es\/wp-json\/wp\/v2\/product\/50431","targetHints":{"allow":["GET"]}}],"collection":[{"href":"https:\/\/nexgendecors.com\/es\/wp-json\/wp\/v2\/product"}],"about":[{"href":"https:\/\/nexgendecors.com\/es\/wp-json\/wp\/v2\/types\/product"}],"replies":[{"embeddable":true,"href":"https:\/\/nexgendecors.com\/es\/wp-json\/wp\/v2\/comments?post=50431"}],"version-history":[{"count":0,"href":"https:\/\/nexgendecors.com\/es\/wp-json\/wp\/v2\/product\/50431\/revisions"}],"wp:featuredmedia":[{"embeddable":true,"href":"https:\/\/nexgendecors.com\/es\/wp-json\/wp\/v2\/media\/107920"}],"wp:attachment":[{"href":"https:\/\/nexgendecors.com\/es\/wp-json\/wp\/v2\/media?parent=50431"}],"wp:term":[{"taxonomy":"product_brand","embeddable":true,"href":"https:\/\/nexgendecors.com\/es\/wp-json\/wp\/v2\/product_brand?post=50431"},{"taxonomy":"product_cat","embeddable":true,"href":"https:\/\/nexgendecors.com\/es\/wp-json\/wp\/v2\/product_cat?post=50431"},{"taxonomy":"product_tag","embeddable":true,"href":"https:\/\/nexgendecors.com\/es\/wp-json\/wp\/v2\/product_tag?post=50431"}],"curies":[{"name":"wp","href":"https:\/\/api.w.org\/{rel}","templated":true}]}}