{"id":50446,"date":"2025-01-26T02:30:25","date_gmt":"2025-01-26T02:30:25","guid":{"rendered":"https:\/\/nexgendecors.com\/product\/campros-cp-tent-8-person-camping-tents-weather\/"},"modified":"2025-03-07T13:05:54","modified_gmt":"2025-03-07T13:05:54","slug":"tienda-de-campana-campros-cp-para-8-personas-clima","status":"publish","type":"product","link":"https:\/\/nexgendecors.com\/es\/product\/tienda-de-campana-campros-cp-para-8-personas-clima\/","title":{"rendered":"Tienda de campa\u00f1a familiar resistente a la intemperie CAMPROS CP para 8 personas"},"content":{"rendered":"<div>\n<p>\ud83c\udfd5\ufe0f <strong>Mejora tu juego de camping con la tienda de campa\u00f1a familiar para 8 personas Campros CP Tent.<\/strong><\/p>\n<p>\u00a1Hola, aventureros! \u00bfListos para llevar tu experiencia de camping a otro nivel? Les presentamos la tienda de campa\u00f1a familiar Campros CP Tent para 8 personas: el refugio perfecto para todas sus aventuras al aire libre. \u00a1Prep\u00e1rense para vivir aventuras \u00e9picas con esta tienda de campa\u00f1a de primera!<\/p>\n<p>\ud83c\udf27\ufe0f <strong>Mant\u00e9ngase seco y c\u00f3modo:<\/strong><\/p>\n<ul>\n<li>\n<strong>Dise\u00f1o resistente al agua:<\/strong> \u00a1Dile adi\u00f3s a las pijamadas empapadas! Esta tienda de campa\u00f1a es resistente al agua, lo que garantiza que tu equipo se mantenga seco durante las lluvias inesperadas.<\/li>\n<\/ul>\n<p>\ud83d\udca8 <strong>Escudo contra los elementos:<\/strong><\/p>\n<ul>\n<li>\n<strong>Caracter\u00edstica de protecci\u00f3n contra la lluvia:<\/strong> Protecci\u00f3n adicional contra fuertes lluvias, mientras que la construcci\u00f3n a prueba de viento lo mantiene seguro y c\u00f3modo, incluso durante las noches racheadas.<\/li>\n<\/ul>\n<p>\ud83c\udf2c\ufe0f <strong>Ventilaci\u00f3n en punto:<\/strong><\/p>\n<ul>\n<li>\n<strong>Ventanas de malla de doble capa:<\/strong> Ventilaci\u00f3n \u00f3ptima que mantiene alejados a los molestos insectos. \u00a1Dile adi\u00f3s a la congesti\u00f3n y hola a la brisa fresca!<\/li>\n<\/ul>\n<p>\u2600\ufe0f <strong>Protecci\u00f3n UV para mayor seguridad:<\/strong><\/p>\n<ul>\n<li>\n<strong>Dise\u00f1o con protecci\u00f3n UV:<\/strong> Te protegemos de los da\u00f1inos rayos del sol durante los d\u00edas soleados de acampada. \u00a1Aqu\u00ed no hay escuadrones quemados por el sol!<\/li>\n<\/ul>\n<p>\ud83c\udf1f <strong>Vers\u00e1til y listo para la aventura:<\/strong><\/p>\n<ul>\n<li>Perfecto para festivales, picnics, camping, senderismo, pesca y autocaravanas. \u00a1Lleg\u00f3 la hora de subir de nivel en tu aventura!<\/li>\n<\/ul>\n<p>\ud83d\udccf <strong>Presupuesto:<\/strong><\/p>\n<ul>\n<li>\n<strong>Usos recomendados:<\/strong> Festival, Picnic, Camping y Senderismo, Pesca, Camping en Auto<\/li>\n<li>\n<strong>Tipo de instalaci\u00f3n:<\/strong> Independiente<\/li>\n<li>\n<strong>Tipo de cierre:<\/strong> Cremallera<\/li>\n<li>\n<strong>N\u00famero de puertas:<\/strong> 1<\/li>\n<li>\n<strong>Nivel de resistencia al agua:<\/strong> Resistente al agua<\/li>\n<li>\n<strong>Dimensiones del producto:<\/strong> 168\u2033 de largo x 108\u2033 de ancho x 72\u2033 de alto<\/li>\n<li>\n<strong>Peso del art\u00edculo:<\/strong> 17,4 libras<\/li>\n<li>\n<strong>Tama\u00f1o:<\/strong> 8 personas<\/li>\n<li>\n<strong>Superficie del piso:<\/strong> 117 pies cuadrados<\/li>\n<li>\n<strong>Requiere ensamblaje:<\/strong> No<\/li>\n<li>\n<strong>Material:<\/strong> Poli\u00e9ster<\/li>\n<li>\n<strong>Tipo de material del poste:<\/strong> Fibra de vidrio<\/li>\n<\/ul>\n<p>Mejora tu experiencia de campamento con la tienda de campa\u00f1a familiar Campros CP Tent para 8 personas y crea recuerdos inolvidables con tu equipo. \ud83c\udf32<\/p>\n<\/div>\n<p>\u00a0<\/p>","protected":false},"excerpt":{"rendered":"<p>\u00a1Mejora tu experiencia de camping con la tienda de campa\u00f1a familiar Campros CP Tent para 8 personas! \u00a1Hola, compa\u00f1eros aventureros!<\/p>","protected":false},"featured_media":107960,"comment_status":"open","ping_status":"closed","template":"","meta":[],"product_brand":[],"product_cat":[30971,30876],"product_tag":[],"class_list":{"0":"post-50446","1":"product","2":"type-product","3":"status-publish","4":"has-post-thumbnail","6":"product_cat-hp","7":"product_cat-tents-and-shelter","9":"first","10":"instock","11":"sale","12":"taxable","13":"shipping-taxable","14":"purchasable","15":"product-type-variable"},"_links":{"self":[{"href":"https:\/\/nexgendecors.com\/es\/wp-json\/wp\/v2\/product\/50446","targetHints":{"allow":["GET"]}}],"collection":[{"href":"https:\/\/nexgendecors.com\/es\/wp-json\/wp\/v2\/product"}],"about":[{"href":"https:\/\/nexgendecors.com\/es\/wp-json\/wp\/v2\/types\/product"}],"replies":[{"embeddable":true,"href":"https:\/\/nexgendecors.com\/es\/wp-json\/wp\/v2\/comments?post=50446"}],"version-history":[{"count":0,"href":"https:\/\/nexgendecors.com\/es\/wp-json\/wp\/v2\/product\/50446\/revisions"}],"wp:featuredmedia":[{"embeddable":true,"href":"https:\/\/nexgendecors.com\/es\/wp-json\/wp\/v2\/media\/107960"}],"wp:attachment":[{"href":"https:\/\/nexgendecors.com\/es\/wp-json\/wp\/v2\/media?parent=50446"}],"wp:term":[{"taxonomy":"product_brand","embeddable":true,"href":"https:\/\/nexgendecors.com\/es\/wp-json\/wp\/v2\/product_brand?post=50446"},{"taxonomy":"product_cat","embeddable":true,"href":"https:\/\/nexgendecors.com\/es\/wp-json\/wp\/v2\/product_cat?post=50446"},{"taxonomy":"product_tag","embeddable":true,"href":"https:\/\/nexgendecors.com\/es\/wp-json\/wp\/v2\/product_tag?post=50446"}],"curies":[{"name":"wp","href":"https:\/\/api.w.org\/{rel}","templated":true}]}}