{"id":50459,"date":"2025-01-26T02:30:27","date_gmt":"2025-01-26T02:30:27","guid":{"rendered":"https:\/\/nexgendecors.com\/product\/canteen-dining-table-dining-hall-stainless-steel-dining-table-student-canteen-dining-table-4-person-table-and-chairs-conjoined-school-canteen-dining-table-and-chairs\/"},"modified":"2025-04-06T08:20:10","modified_gmt":"2025-04-06T08:20:10","slug":"canteen-dining-table-dining-hall-stainless-steel-dining-table-student-canteen-dining-table-4-person-table-and-chairs-conjoined-school-canteen-dining-table-and-chairs","status":"publish","type":"product","link":"https:\/\/nexgendecors.com\/es\/product\/canteen-dining-table-dining-hall-stainless-steel-dining-table-student-canteen-dining-table-4-person-table-and-chairs-conjoined-school-canteen-dining-table-and-chairs\/","title":{"rendered":"Juego de mesa de comedor tipo cantina de acero inoxidable para 4 personas"},"content":{"rendered":"<ul>\n<li>\n<strong>estilo<\/strong>:Simple y moderno<\/li>\n<li>\n<strong>Armar<\/strong>:Asamblea<\/li>\n<li>\n<strong>ciudad<\/strong>:Ciudad de Guangzhou<\/li>\n<li>\n<strong>Distritos y condados<\/strong>Distrito de Tianhe<\/li>\n<li>\n<strong>\u00bfEst\u00e1 disponible la preventa?<\/strong>:S\u00ed<\/li>\n<li>\n<strong>Material de acabado<\/strong>:otro<\/li>\n<li>\n<strong>Si tiene funci\u00f3n de cocina de inducci\u00f3n<\/strong>:No<\/li>\n<li>\n<strong>volumen del paquete<\/strong>:0.35<\/li>\n<li>\n<strong>forma<\/strong>:rect\u00e1ngulo<\/li>\n<li>\n<strong>N\u00famero de capas<\/strong>:1 historia<\/li>\n<li>\n<strong>Si traer una silla o un taburete<\/strong>:S\u00ed<\/li>\n<li>\n<strong>Estructura del mobiliario<\/strong>:Estructura<\/li>\n<li>\n<strong>\u00bfHay un gabinete?<\/strong>:No<\/li>\n<li>\n<strong>Tipo de embalaje<\/strong>:Asamblea<\/li>\n<li>\n<strong>Posicionamiento de estilo<\/strong>:Econ\u00f3mico<\/li>\n<li>\n<strong>ordenar por color<\/strong>:Transparent Yellow Blue Green Color White Brown Army Green Off-white Gray Light Orange Light Brown PP Backrest Chair Light Orange Wood Low Backrest Bentwood Chair Stainless Steel Table Low Backrest Stainless Steel Table Bentwood Chair Oak Warm Oak Color Fiberglass Round Table Color Fiberglass Square Table<\/li>\n<li>\n<strong>marca<\/strong>:Saifukang (muebles)<\/li>\n<li>\n<strong>modelo<\/strong>:SFK0013<\/li>\n<li>\n<strong>elementos populares<\/strong>:Dise\u00f1o maestro de metal<\/li>\n<li>\n<strong>Ya sea con rodillo<\/strong>:No<\/li>\n<li>\n<strong>\u00bfEl escritorio es ajustable?<\/strong>:Not adjustable<\/li>\n<li>\n<strong>\u00bfEs escalable?<\/strong>:No escalable<\/li>\n<li>\n<strong>Peso bruto<\/strong>:40 kilos<\/li>\n<li>\n<strong>Si llevar bomba<\/strong>:No<\/li>\n<li>\n<strong>Si llevar un tocadiscos<\/strong>:No<\/li>\n<li>\n<strong>\u00bfEs personalizable?<\/strong>:S\u00ed<\/li>\n<li>\n<strong>Funci\u00f3n<\/strong>:Desmontaje<\/li>\n<li>\n<strong>Detalles de las instrucciones de instalaci\u00f3n<\/strong>:Proporcione instrucciones de instalaci\u00f3n. Proporcione un video con instrucciones de instalaci\u00f3n.<\/li>\n<li>\n<strong>N\u00famero de personas aplicable<\/strong>:4 personas<\/li>\n<li>\n<strong>patr\u00f3n<\/strong>:abstracto<\/li>\n<li>\n<strong>\u00bfHay taxi disponible para transporte?<\/strong>:No<\/li>\n<li>\n<strong>Entrega\/instalaci\u00f3n disponible<\/strong>:Foshan Zhengzhou Guiyang Guangzhou Fuzhou Harbin Xiamen Chongqing Changzhou Suzhou Xi&#039;an Shenzhen Nanjing Beijing Changsha Qingdao Wuxi Chengdu Shanghai Wuhan Nanning Shenyang Dalian Taizhou Dongguan Tianjin Otros Jinhua Hangzhou Nanchang Ningbo Wenzhou<\/li>\n<li>\n<strong><\/strong>:<\/li>\n<\/ul>\n<p><img><\/p>","protected":false},"excerpt":{"rendered":"<p>Estilo:Simple y moderno Ensamblaje:Ensamblaje Ciudad:Ciudad de Guangzhou Distritos y condados:Distrito de Tianhe \u00bfEst\u00e1 disponible la preventa?:S\u00ed Material de acabado:Otro Si tiene cocina de inducci\u00f3n<\/p>","protected":false},"featured_media":107994,"comment_status":"open","ping_status":"closed","template":"","meta":[],"product_brand":[],"product_cat":[30971,30860,30866],"product_tag":[],"class_list":{"0":"post-50459","1":"product","2":"type-product","3":"status-publish","4":"has-post-thumbnail","6":"product_cat-hp","7":"product_cat-wholesale-restaurant","8":"product_cat-wholesales-university-high-schools","10":"first","11":"instock","12":"taxable","13":"shipping-taxable","14":"purchasable","15":"product-type-variable"},"_links":{"self":[{"href":"https:\/\/nexgendecors.com\/es\/wp-json\/wp\/v2\/product\/50459","targetHints":{"allow":["GET"]}}],"collection":[{"href":"https:\/\/nexgendecors.com\/es\/wp-json\/wp\/v2\/product"}],"about":[{"href":"https:\/\/nexgendecors.com\/es\/wp-json\/wp\/v2\/types\/product"}],"replies":[{"embeddable":true,"href":"https:\/\/nexgendecors.com\/es\/wp-json\/wp\/v2\/comments?post=50459"}],"version-history":[{"count":0,"href":"https:\/\/nexgendecors.com\/es\/wp-json\/wp\/v2\/product\/50459\/revisions"}],"wp:featuredmedia":[{"embeddable":true,"href":"https:\/\/nexgendecors.com\/es\/wp-json\/wp\/v2\/media\/107994"}],"wp:attachment":[{"href":"https:\/\/nexgendecors.com\/es\/wp-json\/wp\/v2\/media?parent=50459"}],"wp:term":[{"taxonomy":"product_brand","embeddable":true,"href":"https:\/\/nexgendecors.com\/es\/wp-json\/wp\/v2\/product_brand?post=50459"},{"taxonomy":"product_cat","embeddable":true,"href":"https:\/\/nexgendecors.com\/es\/wp-json\/wp\/v2\/product_cat?post=50459"},{"taxonomy":"product_tag","embeddable":true,"href":"https:\/\/nexgendecors.com\/es\/wp-json\/wp\/v2\/product_tag?post=50459"}],"curies":[{"name":"wp","href":"https:\/\/api.w.org\/{rel}","templated":true}]}}