{"id":50484,"date":"2025-01-26T02:30:29","date_gmt":"2025-01-26T02:30:29","guid":{"rendered":"https:\/\/nexgendecors.com\/product\/canteen-dining-table-rock-table-chair-combination-canteen-rock-table-four-person-staff-one-piece-table-and-chair-canteen-table-and-chair\/"},"modified":"2025-03-09T09:02:29","modified_gmt":"2025-03-09T09:02:29","slug":"canteen-dining-table-rock-table-chair-combination-canteen-rock-table-four-person-staff-one-piece-table-and-chair-canteen-table-and-chair","status":"publish","type":"product","link":"https:\/\/nexgendecors.com\/es\/product\/canteen-dining-table-rock-table-chair-combination-canteen-rock-table-four-person-staff-one-piece-table-and-chair-canteen-table-and-chair\/","title":{"rendered":"Juego de mesa y sillas Rock para cuatro personas: comedor elegante"},"content":{"rendered":"<ul>\n<li>\n<strong>marca<\/strong>:Saifukang (muebles)<\/li>\n<li>\n<strong>modelo<\/strong>:SFK12<\/li>\n<li>\n<strong>Funci\u00f3n<\/strong>:Desmontaje<\/li>\n<li>\n<strong>patr\u00f3n<\/strong>:abstracto<\/li>\n<li>\n<strong>estilo<\/strong>:Moderno y sencillo<\/li>\n<li>\n<strong>forma<\/strong>:rect\u00e1ngulo<\/li>\n<li>\n<strong>N\u00famero de personas aplicable<\/strong>:4 personas<\/li>\n<li>\n<strong>elementos populares<\/strong>:Metal<\/li>\n<li>\n<strong>Tipo de embalaje<\/strong>:Asamblea<\/li>\n<li>\n<strong>ordenar por color<\/strong>:PP chair rock 4 persons bentwood chair rock 4 persons fruit green chair rock 4 persons PP plastic chair rock 4 persons Mongre chair rock 4 persons PP fiberglass chair rock 4 persons rock 4 persons PP fiberglass chair rock 4 persons bentwood chair hollow rose red chair rock 4 persons rubber wood chair rock 4 persons hollow blue chair rock 4 persons warm orange chair rock 4 persons oak color chair rock 4 persons colored fiberglass round table colored fiberglass square table custom made in style, size and material<\/li>\n<li>\n<strong>Material de acabado<\/strong>:Tabla de roca<\/li>\n<li>\n<strong>\u00bfEs escalable?<\/strong>:No<\/li>\n<li>\n<strong>\u00bfEs personalizable?<\/strong>:S\u00ed<\/li>\n<li>\n<strong>Si llevar un tocadiscos<\/strong>:No<\/li>\n<li>\n<strong>\u00bfEl escritorio es ajustable?<\/strong>:No<\/li>\n<li>\n<strong>Ya sea con rodillo<\/strong>:No<\/li>\n<li>\n<strong>Si llevar bomba<\/strong>:No<\/li>\n<li>\n<strong>\u00bfHay un gabinete?<\/strong>:No<\/li>\n<li>\n<strong>N\u00famero de capas<\/strong>:1 historia<\/li>\n<li>\n<strong>Estructura del mobiliario<\/strong>:Estructura de soporte<\/li>\n<li>\n<strong>Si traer una silla o un taburete<\/strong>:S\u00ed<\/li>\n<li>\n<strong>Origen<\/strong>:Provincia de Jiangsu<\/li>\n<li>\n<strong>ciudad<\/strong>:Ciudad de Suzhou<\/li>\n<li>\n<strong>Distritos y condados<\/strong>:Distrito de Xiangcheng<\/li>\n<li>\n<strong>Armar<\/strong>:S\u00ed<\/li>\n<li>\n<strong>volumen del paquete<\/strong>:0.35<\/li>\n<li>\n<strong>\u00bfEst\u00e1 disponible la preventa?<\/strong>:S\u00ed<\/li>\n<li>\n<strong>\u00bfHay taxi disponible para transporte?<\/strong>:No<\/li>\n<li>\n<strong>Posicionamiento de estilo<\/strong>:Estilo art\u00edstico<\/li>\n<li>\n<strong>Detalles de las instrucciones de instalaci\u00f3n<\/strong>:Provide installation instruction video Provide installation instructions<\/li>\n<li>\n<strong>Peso bruto<\/strong>:40 kilos<\/li>\n<li>\n<strong>Si tiene funci\u00f3n de cocina de inducci\u00f3n<\/strong>:No<\/li>\n<li>\n<strong><\/strong>:<\/li>\n<\/ul>\n<p><img><\/p>","protected":false},"excerpt":{"rendered":"<p>Marca: Saifukang (muebles) Modelo: SFK12 Funci\u00f3n: Desmontaje Patr\u00f3n: Abstracto Estilo: Moderno y simple Forma: Rect\u00e1ngulo N\u00famero aplicable de personas: 4 personas Elementos populares: Metal Tipo de embalaje: Montaje Ordenar por<\/p>","protected":false},"featured_media":108022,"comment_status":"open","ping_status":"closed","template":"","meta":[],"product_brand":[],"product_cat":[30900,30971,30866],"product_tag":[],"class_list":{"0":"post-50484","1":"product","2":"type-product","3":"status-publish","4":"has-post-thumbnail","6":"product_cat-bs-school","7":"product_cat-hp","8":"product_cat-wholesales-university-high-schools","10":"first","11":"instock","12":"taxable","13":"shipping-taxable","14":"purchasable","15":"product-type-variable"},"_links":{"self":[{"href":"https:\/\/nexgendecors.com\/es\/wp-json\/wp\/v2\/product\/50484","targetHints":{"allow":["GET"]}}],"collection":[{"href":"https:\/\/nexgendecors.com\/es\/wp-json\/wp\/v2\/product"}],"about":[{"href":"https:\/\/nexgendecors.com\/es\/wp-json\/wp\/v2\/types\/product"}],"replies":[{"embeddable":true,"href":"https:\/\/nexgendecors.com\/es\/wp-json\/wp\/v2\/comments?post=50484"}],"version-history":[{"count":0,"href":"https:\/\/nexgendecors.com\/es\/wp-json\/wp\/v2\/product\/50484\/revisions"}],"wp:featuredmedia":[{"embeddable":true,"href":"https:\/\/nexgendecors.com\/es\/wp-json\/wp\/v2\/media\/108022"}],"wp:attachment":[{"href":"https:\/\/nexgendecors.com\/es\/wp-json\/wp\/v2\/media?parent=50484"}],"wp:term":[{"taxonomy":"product_brand","embeddable":true,"href":"https:\/\/nexgendecors.com\/es\/wp-json\/wp\/v2\/product_brand?post=50484"},{"taxonomy":"product_cat","embeddable":true,"href":"https:\/\/nexgendecors.com\/es\/wp-json\/wp\/v2\/product_cat?post=50484"},{"taxonomy":"product_tag","embeddable":true,"href":"https:\/\/nexgendecors.com\/es\/wp-json\/wp\/v2\/product_tag?post=50484"}],"curies":[{"name":"wp","href":"https:\/\/api.w.org\/{rel}","templated":true}]}}