{"id":50771,"date":"2025-01-26T02:31:03","date_gmt":"2025-01-26T02:31:03","guid":{"rendered":"https:\/\/nexgendecors.com\/product\/milk-tea-shop-table-and-chair-combination-one-table-and-four-chairs-simple-coffee-shop-dessert-shop-bakery-cake-shop-booth-sofa\/"},"modified":"2025-04-06T08:20:48","modified_gmt":"2025-04-06T08:20:48","slug":"combinacion-de-mesa-y-silla-para-tienda-de-te-con-leche-una-mesa-y-cuatro-sillas-cafeteria-sencilla-tienda-de-postres-panaderia-pasteleria-cabina-sofa","status":"publish","type":"product","link":"https:\/\/nexgendecors.com\/es\/product\/combinacion-de-mesa-y-silla-para-tienda-de-te-con-leche-una-mesa-y-cuatro-sillas-cafeteria-sencilla-tienda-de-postres-panaderia-pasteleria-cabina-sofa\/","title":{"rendered":"Chic Milk Tea Shop Mesa y 4 Sillas - Cozy Cafe Set"},"content":{"rendered":"<ul>\n<li>\n<strong>marca<\/strong>:Zhongmin Yunshang<\/li>\n<li>\n<strong>modelo<\/strong>:SENSE0248<\/li>\n<li>\n<strong>Material<\/strong>:Tabla de roca blanda de hierro<\/li>\n<li>\n<strong>estilo<\/strong>:Estilo de lujo ligero<\/li>\n<li>\n<strong>Origen<\/strong>:Provincia de Fujian<\/li>\n<li>\n<strong>N\u00famero de personas aplicable<\/strong>:4 personas<\/li>\n<li>\n<strong>ordenar por color<\/strong>:1 mesa de centro geom\u00e9trica de terciopelo 60+2 sillas curvas (gris claro) 1 mesa de centro geom\u00e9trica de terciopelo 60+3 sillas curvas (gris claro) 1 mesa de centro geom\u00e9trica de terciopelo 60+4 sillas curvas (gris claro) 1 mesa de centro geom\u00e9trica de terciopelo 60+2 sillas curvas (blanco roto) 1 mesa de centro geom\u00e9trica de terciopelo 60+3 sillas curvas (blanco roto) 1 mesa de centro geom\u00e9trica de terciopelo 60+4 sillas curvas (blanco roto) 1 mesa de centro geom\u00e9trica de terciopelo 60+2 sillas curvas (color abuela) 1 mesa de centro geom\u00e9trica de terciopelo 60+3 sillas curvas (color abuela) 1 mesa de centro geom\u00e9trica de terciopelo 60+4 sillas curvas (color abuela) 1 mesa de centro geom\u00e9trica de terciopelo 60+2 sillas curvas (azul) 1 mesa de centro geom\u00e9trica de terciopelo 60+3 sillas curvas (azul) 1 mesa de centro geom\u00e9trica de terciopelo 60+4 sillas curvas (azul) Silla curva (nota de color) Mesa redonda elegante 60 Mesa redonda geom\u00e9trica suave 60 Nota de color<\/li>\n<li>\n<strong>Relleno<\/strong>:esponja<\/li>\n<li>\n<strong>Tama\u00f1o del paquete<\/strong>:0<\/li>\n<li>\n<strong>Peso del paquete<\/strong>:0<\/li>\n<li>\n<strong>Normas ambientales<\/strong>:Otro<\/li>\n<li>\n<strong>\u00bfEs personalizable?<\/strong>:S\u00ed<\/li>\n<li>\n<strong>\u00bfEst\u00e1 disponible la preventa?<\/strong>:No<\/li>\n<li>\n<strong><\/strong>:<\/li>\n<\/ul>\n<p><img><\/p>","protected":false},"excerpt":{"rendered":"<p>marca:Zhongmin Yunshang modelo:SENSE0248 Material:Tabla de roca blanda de hierro estilo:Estilo de lujo ligero Origen:Provincia de Fujian N\u00famero aplicable de personas:4 personas clasificaci\u00f3n por color:1<\/p>","protected":false},"featured_media":108341,"comment_status":"open","ping_status":"closed","template":"","meta":[],"product_brand":[],"product_cat":[30897,30862,30971,30860,30865],"product_tag":[],"class_list":{"0":"post-50771","1":"product","2":"type-product","3":"status-publish","4":"has-post-thumbnail","6":"product_cat-bs-restaurant","7":"product_cat-wholesales-hotels","8":"product_cat-hp","9":"product_cat-wholesale-restaurant","10":"product_cat-wholesales-salons-shops","12":"first","13":"instock","14":"sale","15":"taxable","16":"shipping-taxable","17":"purchasable","18":"product-type-variable"},"_links":{"self":[{"href":"https:\/\/nexgendecors.com\/es\/wp-json\/wp\/v2\/product\/50771","targetHints":{"allow":["GET"]}}],"collection":[{"href":"https:\/\/nexgendecors.com\/es\/wp-json\/wp\/v2\/product"}],"about":[{"href":"https:\/\/nexgendecors.com\/es\/wp-json\/wp\/v2\/types\/product"}],"replies":[{"embeddable":true,"href":"https:\/\/nexgendecors.com\/es\/wp-json\/wp\/v2\/comments?post=50771"}],"version-history":[{"count":0,"href":"https:\/\/nexgendecors.com\/es\/wp-json\/wp\/v2\/product\/50771\/revisions"}],"wp:featuredmedia":[{"embeddable":true,"href":"https:\/\/nexgendecors.com\/es\/wp-json\/wp\/v2\/media\/108341"}],"wp:attachment":[{"href":"https:\/\/nexgendecors.com\/es\/wp-json\/wp\/v2\/media?parent=50771"}],"wp:term":[{"taxonomy":"product_brand","embeddable":true,"href":"https:\/\/nexgendecors.com\/es\/wp-json\/wp\/v2\/product_brand?post=50771"},{"taxonomy":"product_cat","embeddable":true,"href":"https:\/\/nexgendecors.com\/es\/wp-json\/wp\/v2\/product_cat?post=50771"},{"taxonomy":"product_tag","embeddable":true,"href":"https:\/\/nexgendecors.com\/es\/wp-json\/wp\/v2\/product_tag?post=50771"}],"curies":[{"name":"wp","href":"https:\/\/api.w.org\/{rel}","templated":true}]}}