{"id":50962,"date":"2025-01-26T02:31:31","date_gmt":"2025-01-26T02:31:31","guid":{"rendered":"https:\/\/nexgendecors.com\/product\/childrens-drawing-graffiti-table-kindergarten-triangle-combination-can-be-raised-and-lowered-multifunctional-game-learning-creative-table-and-chair-set\/"},"modified":"2025-04-06T08:21:20","modified_gmt":"2025-04-06T08:21:20","slug":"childrens-drawing-graffiti-table-kindergarten-triangle-combination-can-be-raised-and-lowered-multifunctional-game-learning-creative-table-and-chair-set","status":"publish","type":"product","link":"https:\/\/nexgendecors.com\/es\/product\/childrens-drawing-graffiti-table-kindergarten-triangle-combination-can-be-raised-and-lowered-multifunctional-game-learning-creative-table-and-chair-set\/","title":{"rendered":"Conjunto multifuncional de mesa y silla de dibujo triangular para ni\u00f1os"},"content":{"rendered":"<ul>\n<li>\n<strong>marca<\/strong>:Zhejia<\/li>\n<li>\n<strong>Edad adecuada<\/strong>:2 years old 3 years old 4 years old 5 years old 6 years old 7 years old 8 years old<\/li>\n<li>\n<strong>Material<\/strong>:Paneles a base de madera<\/li>\n<li>\n<strong>estilo<\/strong>:Simple y moderno<\/li>\n<li>\n<strong>Origen<\/strong>:otro<\/li>\n<li>\n<strong>ordenar por color<\/strong>:Triangular table full set of 6 pieces including chairs Triangular table full set of 6 pieces excluding chairs Pink single table Sky blue single table Yellow single table Green single table Pink one table and 1 chair Yellow one table and 1 chair Light blue one table and 1 chair Green one table and 1 chair Single chair (color message)<\/li>\n<li>\n<strong>Material de acabado<\/strong>:Paneles a base de madera<\/li>\n<li>\n<strong>N\u00famero de pieza<\/strong>:210125<\/li>\n<\/ul>\n<p><img><\/p>","protected":false},"excerpt":{"rendered":"<p>marca:Zhejia Edad adecuada:2 a\u00f1os 3 a\u00f1os 4 a\u00f1os 5 a\u00f1os 6 a\u00f1os 7 a\u00f1os<\/p>","protected":false},"featured_media":108520,"comment_status":"open","ping_status":"closed","template":"","meta":[],"product_brand":[],"product_cat":[30899,30971,30849],"product_tag":[],"class_list":{"0":"post-50962","1":"product","2":"type-product","3":"status-publish","4":"has-post-thumbnail","6":"product_cat-bs-kindergarten","7":"product_cat-hp","8":"product_cat-kindergarten-school-furniture","10":"first","11":"instock","12":"taxable","13":"shipping-taxable","14":"purchasable","15":"product-type-variable"},"_links":{"self":[{"href":"https:\/\/nexgendecors.com\/es\/wp-json\/wp\/v2\/product\/50962","targetHints":{"allow":["GET"]}}],"collection":[{"href":"https:\/\/nexgendecors.com\/es\/wp-json\/wp\/v2\/product"}],"about":[{"href":"https:\/\/nexgendecors.com\/es\/wp-json\/wp\/v2\/types\/product"}],"replies":[{"embeddable":true,"href":"https:\/\/nexgendecors.com\/es\/wp-json\/wp\/v2\/comments?post=50962"}],"version-history":[{"count":0,"href":"https:\/\/nexgendecors.com\/es\/wp-json\/wp\/v2\/product\/50962\/revisions"}],"wp:featuredmedia":[{"embeddable":true,"href":"https:\/\/nexgendecors.com\/es\/wp-json\/wp\/v2\/media\/108520"}],"wp:attachment":[{"href":"https:\/\/nexgendecors.com\/es\/wp-json\/wp\/v2\/media?parent=50962"}],"wp:term":[{"taxonomy":"product_brand","embeddable":true,"href":"https:\/\/nexgendecors.com\/es\/wp-json\/wp\/v2\/product_brand?post=50962"},{"taxonomy":"product_cat","embeddable":true,"href":"https:\/\/nexgendecors.com\/es\/wp-json\/wp\/v2\/product_cat?post=50962"},{"taxonomy":"product_tag","embeddable":true,"href":"https:\/\/nexgendecors.com\/es\/wp-json\/wp\/v2\/product_tag?post=50962"}],"curies":[{"name":"wp","href":"https:\/\/api.w.org\/{rel}","templated":true}]}}