{"id":50982,"date":"2025-01-26T02:31:36","date_gmt":"2025-01-26T02:31:36","guid":{"rendered":"https:\/\/nexgendecors.com\/product\/childrens-early-education-training-institution-kindergarten-special-shaped-table-and-chair-set-painted-hollow-layer-creative-solid-wood-handmade-table-and-stool-customization-1\/"},"modified":"2025-04-06T08:21:23","modified_gmt":"2025-04-06T08:21:23","slug":"conjunto-de-mesa-y-silla-de-forma-especial-para-jardin-de-infantes-institucion-de-formacion-en-educacion-temprana-para-ninos-capa-hueca-pintada-mesa-y-taburete-hechos-a-mano-de-madera-maciza-creati","status":"publish","type":"product","link":"https:\/\/nexgendecors.com\/es\/product\/conjunto-de-mesa-y-silla-de-forma-especial-para-jardin-de-infantes-institucion-de-formacion-en-educacion-temprana-para-ninos-capa-hueca-pintada-mesa-y-taburete-hechos-a-mano-de-madera-maciza-creati\/","title":{"rendered":"Juego de mesa y sillas de jard\u00edn de infancia de madera maciza personalizado"},"content":{"rendered":"<ul>\n<li>\n<strong>marca<\/strong>:QiC<\/li>\n<li>\n<strong>modelo<\/strong>:20221016<\/li>\n<li>\n<strong>Material<\/strong>:Madera maciza<\/li>\n<li>\n<strong>estilo<\/strong>:Simple y moderno<\/li>\n<li>\n<strong>ordenar por color<\/strong>:Una mesa y siete sillas (mesa + 4 sof\u00e1s peque\u00f1os + 1 reposapi\u00e9s de madera + 2 taburetes cil\u00edndricos) Mesa con patas de madera maciza Taburete peque\u00f1o Sof\u00e1 peque\u00f1o Sof\u00e1 peque\u00f1o gris claro Sof\u00e1 peque\u00f1o verde salvia Taburete peque\u00f1o cil\u00edndrico Tama\u00f1o y color a medida<\/li>\n<li>\n<strong>Peso bruto<\/strong>:Servicio de Asesoramiento<\/li>\n<li>\n<strong>\u00bfEs personalizable?<\/strong>:S\u00ed<\/li>\n<li>\n<strong>M\u00e9todo de elevaci\u00f3n<\/strong>:Sin ascensor<\/li>\n<li>\n<strong>Adecuado<\/strong>:ni\u00f1o<\/li>\n<li>\n<strong>Origen<\/strong>:Provincia de Fujian<\/li>\n<li>\n<strong>ciudad<\/strong>:Ciudad de Quanzhou<\/li>\n<li>\n<strong>Armar<\/strong>:S\u00ed<\/li>\n<li>\n<strong>volumen del paquete<\/strong>:Servicio de Asesoramiento<\/li>\n<li>\n<strong>Componentes incluidos<\/strong>:otro<\/li>\n<li>\n<strong>Posicionamiento de estilo<\/strong>:Estilo art\u00edstico<\/li>\n<li>\n<strong><\/strong>:<\/li>\n<\/ul>\n<p><img><\/p>","protected":false},"excerpt":{"rendered":"<p>Marca: QiC Modelo: 20221016 Material: Madera maciza Estilo: Simple y moderno Ordenar por color: Una mesa y siete sillas (mesa + 4 sof\u00e1s peque\u00f1os +<\/p>","protected":false},"featured_media":108556,"comment_status":"open","ping_status":"closed","template":"","meta":[],"product_brand":[],"product_cat":[30971,30849],"product_tag":[],"class_list":{"0":"post-50982","1":"product","2":"type-product","3":"status-publish","4":"has-post-thumbnail","6":"product_cat-hp","7":"product_cat-kindergarten-school-furniture","9":"first","10":"instock","11":"taxable","12":"shipping-taxable","13":"purchasable","14":"product-type-variable"},"_links":{"self":[{"href":"https:\/\/nexgendecors.com\/es\/wp-json\/wp\/v2\/product\/50982","targetHints":{"allow":["GET"]}}],"collection":[{"href":"https:\/\/nexgendecors.com\/es\/wp-json\/wp\/v2\/product"}],"about":[{"href":"https:\/\/nexgendecors.com\/es\/wp-json\/wp\/v2\/types\/product"}],"replies":[{"embeddable":true,"href":"https:\/\/nexgendecors.com\/es\/wp-json\/wp\/v2\/comments?post=50982"}],"version-history":[{"count":0,"href":"https:\/\/nexgendecors.com\/es\/wp-json\/wp\/v2\/product\/50982\/revisions"}],"wp:featuredmedia":[{"embeddable":true,"href":"https:\/\/nexgendecors.com\/es\/wp-json\/wp\/v2\/media\/108556"}],"wp:attachment":[{"href":"https:\/\/nexgendecors.com\/es\/wp-json\/wp\/v2\/media?parent=50982"}],"wp:term":[{"taxonomy":"product_brand","embeddable":true,"href":"https:\/\/nexgendecors.com\/es\/wp-json\/wp\/v2\/product_brand?post=50982"},{"taxonomy":"product_cat","embeddable":true,"href":"https:\/\/nexgendecors.com\/es\/wp-json\/wp\/v2\/product_cat?post=50982"},{"taxonomy":"product_tag","embeddable":true,"href":"https:\/\/nexgendecors.com\/es\/wp-json\/wp\/v2\/product_tag?post=50982"}],"curies":[{"name":"wp","href":"https:\/\/api.w.org\/{rel}","templated":true}]}}