{"id":50995,"date":"2025-01-26T02:31:41","date_gmt":"2025-01-26T02:31:41","guid":{"rendered":"https:\/\/nexgendecors.com\/product\/childrens-factory-as-we-grow-toddler-sofa-blue-cf805-197-flexible-seating-for-daycare-or-preschool-kids-reading-couch-playroom-furniture1711880135747\/"},"modified":"2025-04-06T08:21:26","modified_gmt":"2025-04-06T08:21:26","slug":"sofa-infantil-azul-cf805-197-de-childrens-factory-as-we-grow-asientos-flexibles-para-guarderias-o-preescolares-sofa-de-lectura-muebles-para-sala-de-juegos-1711880135747","status":"publish","type":"product","link":"https:\/\/nexgendecors.com\/es\/product\/sofa-infantil-azul-cf805-197-de-childrens-factory-as-we-grow-asientos-flexibles-para-guarderias-o-preescolares-sofa-de-lectura-muebles-para-sala-de-juegos-1711880135747\/","title":{"rendered":"Children's Factory Sof\u00e1 para ni\u00f1os peque\u00f1os - Asiento flexible azul"},"content":{"rendered":"<p data-mce-fragment=\"1\">\ud83c\udf08 <strong data-mce-fragment=\"1\">Divertido y funcional<\/strong>Este asiento de tama\u00f1o infantil ofrece toda la comodidad y el estilo de los muebles para adultos, con tapizados lujosos y c\u00f3modos apoyabrazos, lo que lo hace perfecto para aulas, escuelas preescolares, bibliotecas y m\u00e1s.<\/p>\n<p data-mce-fragment=\"1\">\ud83c\udfa8 <strong data-mce-fragment=\"1\">Dise\u00f1o elegante<\/strong>Con su elegante y colorida apariencia, este asiento a\u00f1ade un toque de lujo a cualquier espacio infantil. Ya sea en una guarder\u00eda, una casa club o un dormitorio, seguro que ser\u00e1 un \u00e9xito entre ni\u00f1os y adultos.<\/p>\n<p data-mce-fragment=\"1\">\ud83d\udecb\ufe0f <strong data-mce-fragment=\"1\">Calidad Premium<\/strong>Fabricado con una estructura de madera maciza y acolchado con espuma densa, este asiento ofrece la m\u00e1xima comodidad para leer, descansar o hacer las tareas escolares. Su construcci\u00f3n duradera garantiza un uso prolongado.<\/p>\n<p data-mce-fragment=\"1\">\ud83d\udccf <strong data-mce-fragment=\"1\">Altura ajustable<\/strong>El asiento incluye patas resistentes que se enroscan f\u00e1cilmente, lo que permite ajustar la altura a medida que el ni\u00f1o crece. Para mayor comodidad, guarde las patas en la bolsa inferior cuando no las use.<\/p>\n<p data-mce-fragment=\"1\">\ud83e\uddfc <strong data-mce-fragment=\"1\">F\u00e1cil de limpiar<\/strong>El material colorido y suave no solo es duradero, sino tambi\u00e9n f\u00e1cil de limpiar. Simplemente l\u00edmpielo con una soluci\u00f3n de agua y jab\u00f3n suave para mantenerlo fresco y vibrante.<\/p>\n<p data-mce-fragment=\"1\">\ud83c\udf31 <strong data-mce-fragment=\"1\">Seguro y certificado<\/strong>:Tenga la seguridad de que esta opci\u00f3n de asiento cuenta con certificaci\u00f3n GREENGUARD Gold y cumple con las normas de inflamabilidad CAL 117, lo que la hace segura para cualquier espacio.<\/p>\n<p data-mce-fragment=\"1\">\ud83d\udd27 <strong data-mce-fragment=\"1\">Conjunto de luces<\/strong>Requiere algo de montaje, pero es tan f\u00e1cil como atornillar las patas. Disfrute de la simplicidad de montaje y la versatilidad de este elegante y funcional mueble infantil.<\/p>\n<div><\/div>","protected":false},"excerpt":{"rendered":"<p>\ud83c\udf08 Divertido y funcional: Este asiento de tama\u00f1o infantil ofrece toda la comodidad y el estilo de los muebles para adultos, con tapicer\u00eda de felpa y<\/p>","protected":false},"featured_media":108584,"comment_status":"open","ping_status":"closed","template":"","meta":[],"product_brand":[],"product_cat":[30899,30971,30837,30849],"product_tag":[],"class_list":{"0":"post-50995","1":"product","2":"type-product","3":"status-publish","4":"has-post-thumbnail","6":"product_cat-bs-kindergarten","7":"product_cat-hp","8":"product_cat-kids-sofa","9":"product_cat-kindergarten-school-furniture","11":"first","12":"instock","13":"taxable","14":"shipping-taxable","15":"purchasable","16":"product-type-variable"},"_links":{"self":[{"href":"https:\/\/nexgendecors.com\/es\/wp-json\/wp\/v2\/product\/50995","targetHints":{"allow":["GET"]}}],"collection":[{"href":"https:\/\/nexgendecors.com\/es\/wp-json\/wp\/v2\/product"}],"about":[{"href":"https:\/\/nexgendecors.com\/es\/wp-json\/wp\/v2\/types\/product"}],"replies":[{"embeddable":true,"href":"https:\/\/nexgendecors.com\/es\/wp-json\/wp\/v2\/comments?post=50995"}],"version-history":[{"count":0,"href":"https:\/\/nexgendecors.com\/es\/wp-json\/wp\/v2\/product\/50995\/revisions"}],"wp:featuredmedia":[{"embeddable":true,"href":"https:\/\/nexgendecors.com\/es\/wp-json\/wp\/v2\/media\/108584"}],"wp:attachment":[{"href":"https:\/\/nexgendecors.com\/es\/wp-json\/wp\/v2\/media?parent=50995"}],"wp:term":[{"taxonomy":"product_brand","embeddable":true,"href":"https:\/\/nexgendecors.com\/es\/wp-json\/wp\/v2\/product_brand?post=50995"},{"taxonomy":"product_cat","embeddable":true,"href":"https:\/\/nexgendecors.com\/es\/wp-json\/wp\/v2\/product_cat?post=50995"},{"taxonomy":"product_tag","embeddable":true,"href":"https:\/\/nexgendecors.com\/es\/wp-json\/wp\/v2\/product_tag?post=50995"}],"curies":[{"name":"wp","href":"https:\/\/api.w.org\/{rel}","templated":true}]}}