{"id":51009,"date":"2025-01-26T02:31:44","date_gmt":"2025-01-26T02:31:44","guid":{"rendered":"https:\/\/nexgendecors.com\/product\/childrens-kitchen-toys-sound-and-light-out-of-the-pool-wooden-simulation-house-refrigerator-microwave-oven-3-6-years-old-simulated-cooking\/"},"modified":"2025-04-06T08:21:29","modified_gmt":"2025-04-06T08:21:29","slug":"cocina-infantil-con-sonido-y-luz-piscina-casa-de-madera-nevera-microondas-3-6-anos-cocina-simulada","status":"publish","type":"product","link":"https:\/\/nexgendecors.com\/es\/product\/cocina-infantil-con-sonido-y-luz-piscina-casa-de-madera-nevera-microondas-3-6-anos-cocina-simulada\/","title":{"rendered":"Juego de cocina de madera con sonido y luz para ni\u00f1os"},"content":{"rendered":"<ul>\n<li>\n<strong>marca<\/strong>:wowoztoys<\/li>\n<li>\n<strong>modelo<\/strong>:Korean style new kitchen<\/li>\n<li>\n<strong>Edad adecuada<\/strong>:4 years old,3 years old,5 years old,0-3 years old<\/li>\n<li>\n<strong>Origen<\/strong>:China continental<\/li>\n<li>\n<strong>provincia<\/strong>:Provincia de Zhejiang<\/li>\n<li>\n<strong>ciudad<\/strong>: Ciudad de Lishui<\/li>\n<li>\n<strong>Material<\/strong>:Madera<\/li>\n<li>\n<strong>Tipo de juguete<\/strong>:Cocina de simulaci\u00f3n<\/li>\n<li>\n<strong>G\u00e9nero aplicable<\/strong>:Unisexo<\/li>\n<li>\n<strong>ordenar por color<\/strong>:Korean upgraded kitchen [white] (sound and light + circulating water) with fruit cutter, Korean upgraded kitchen [yellow] (sound and light + circulating water) with fruit cutter, blue water kitchen (sound and light + circulating water) with fruit cutter, gold refrigerator kitchen (sound and light + circulating water) with fruit cutter, kienvy Korean classified kitchen [white] with fruit cutter, kienvy Korean classified kitchen [yellow] with fruit cutter, exported Swedish kitchen (sound and light) with fruit cutter, exported Nordic gray and white with fruit cutter, exported Nordic gray and white [heightened] with fruit cutter, Japanese kitchen C free fruit cutter, nunukids beech kitchen with fruit cutter, nunukids refrigerator, nunukids beech kitchen + refrigerator with fruit cutter, Vienna kitchen with fruit cutter, Vienna refrigerator, Vienna kitchen + refrigerator with fruit cutter, Nordic microwave kitchen with fruit cutter, cuci beech B (sound and light) with fruit cutter, cuci beech B (sound and light) + nu refrigerator with fruit cutter, luxury multifunctional kitchen (sound and light) with fruit cutter, wowoztoys kitchen with fruit cutter, pink coffee refrigerator kitchen with fruit cutter<\/li>\n<\/ul>\n<p><img><\/p>","protected":false},"excerpt":{"rendered":"<p>Marca: wowoztoys Modelo: Cocina nueva estilo coreano Edad adecuada: 4 a\u00f1os, 3 a\u00f1os, 5 a\u00f1os, 0-3 a\u00f1os Origen: China continental Provincia: Provincia de Zhejiang Ciudad: Lishui<\/p>","protected":false},"featured_media":108637,"comment_status":"open","ping_status":"closed","template":"","meta":[],"product_brand":[],"product_cat":[30971,30849],"product_tag":[],"class_list":{"0":"post-51009","1":"product","2":"type-product","3":"status-publish","4":"has-post-thumbnail","6":"product_cat-hp","7":"product_cat-kindergarten-school-furniture","9":"first","10":"instock","11":"taxable","12":"shipping-taxable","13":"purchasable","14":"product-type-variable"},"_links":{"self":[{"href":"https:\/\/nexgendecors.com\/es\/wp-json\/wp\/v2\/product\/51009","targetHints":{"allow":["GET"]}}],"collection":[{"href":"https:\/\/nexgendecors.com\/es\/wp-json\/wp\/v2\/product"}],"about":[{"href":"https:\/\/nexgendecors.com\/es\/wp-json\/wp\/v2\/types\/product"}],"replies":[{"embeddable":true,"href":"https:\/\/nexgendecors.com\/es\/wp-json\/wp\/v2\/comments?post=51009"}],"version-history":[{"count":0,"href":"https:\/\/nexgendecors.com\/es\/wp-json\/wp\/v2\/product\/51009\/revisions"}],"wp:featuredmedia":[{"embeddable":true,"href":"https:\/\/nexgendecors.com\/es\/wp-json\/wp\/v2\/media\/108637"}],"wp:attachment":[{"href":"https:\/\/nexgendecors.com\/es\/wp-json\/wp\/v2\/media?parent=51009"}],"wp:term":[{"taxonomy":"product_brand","embeddable":true,"href":"https:\/\/nexgendecors.com\/es\/wp-json\/wp\/v2\/product_brand?post=51009"},{"taxonomy":"product_cat","embeddable":true,"href":"https:\/\/nexgendecors.com\/es\/wp-json\/wp\/v2\/product_cat?post=51009"},{"taxonomy":"product_tag","embeddable":true,"href":"https:\/\/nexgendecors.com\/es\/wp-json\/wp\/v2\/product_tag?post=51009"}],"curies":[{"name":"wp","href":"https:\/\/api.w.org\/{rel}","templated":true}]}}