{"id":51046,"date":"2025-01-26T02:31:55","date_gmt":"2025-01-26T02:31:55","guid":{"rendered":"https:\/\/nexgendecors.com\/product\/childrens-moon-table-adjustable-lifting-student-desks-and-chairs-baby-round-table-kindergarten-petal-table-graffiti-style\/"},"modified":"2025-04-06T08:21:35","modified_gmt":"2025-04-06T08:21:35","slug":"childrens-moon-table-adjustable-lifting-student-desks-and-chairs-baby-round-table-kindergarten-petal-table-graffiti-style","status":"publish","type":"product","link":"https:\/\/nexgendecors.com\/es\/product\/childrens-moon-table-adjustable-lifting-student-desks-and-chairs-baby-round-table-kindergarten-petal-table-graffiti-style\/","title":{"rendered":"Mesa Luna Infantil Ajustable y Sillas P\u00e9talo - Estilo Grafiti"},"content":{"rendered":"<ul>\n<li>\n<strong>marca<\/strong>:Zhejia<\/li>\n<li>\n<strong>Edad adecuada<\/strong>:2 a\u00f1os 3 a\u00f1os 4 a\u00f1os 5 a\u00f1os 6 a\u00f1os 7 a\u00f1os 8 a\u00f1os 9 a\u00f1os 10 a\u00f1os<\/li>\n<li>\n<strong>Material<\/strong>:otro<\/li>\n<li>\n<strong>estilo<\/strong>:Simple y moderno<\/li>\n<li>\n<strong>Origen<\/strong>:otro<\/li>\n<li>\n<strong>ordenar por color<\/strong>:Rosa tama\u00f1o 95*85cm Amarillo tama\u00f1o 95*85cm Azul cielo tama\u00f1o 95*85cm Verde tama\u00f1o 95*85cm Borde de harina blanca tama\u00f1o 95*85cm Borde amarillo de harina blanca tama\u00f1o 95*85cm Borde azul de harina blanca tama\u00f1o 95*85cm Borde verde de harina blanca tama\u00f1o 95*85cm<\/li>\n<li>\n<strong>Material de acabado<\/strong>:otro<\/li>\n<li>\n<strong>N\u00famero de pieza<\/strong>:200704<\/li>\n<\/ul>\n<p><img><\/p>","protected":false},"excerpt":{"rendered":"<p>marca:Zhejia Edad adecuada:2 a\u00f1os 3 a\u00f1os 4 a\u00f1os 5 a\u00f1os 6 a\u00f1os 7 a\u00f1os<\/p>","protected":false},"featured_media":108670,"comment_status":"open","ping_status":"closed","template":"","meta":[],"product_brand":[],"product_cat":[30971,30849],"product_tag":[],"class_list":{"0":"post-51046","1":"product","2":"type-product","3":"status-publish","4":"has-post-thumbnail","6":"product_cat-hp","7":"product_cat-kindergarten-school-furniture","9":"first","10":"instock","11":"taxable","12":"shipping-taxable","13":"purchasable","14":"product-type-variable"},"_links":{"self":[{"href":"https:\/\/nexgendecors.com\/es\/wp-json\/wp\/v2\/product\/51046","targetHints":{"allow":["GET"]}}],"collection":[{"href":"https:\/\/nexgendecors.com\/es\/wp-json\/wp\/v2\/product"}],"about":[{"href":"https:\/\/nexgendecors.com\/es\/wp-json\/wp\/v2\/types\/product"}],"replies":[{"embeddable":true,"href":"https:\/\/nexgendecors.com\/es\/wp-json\/wp\/v2\/comments?post=51046"}],"version-history":[{"count":0,"href":"https:\/\/nexgendecors.com\/es\/wp-json\/wp\/v2\/product\/51046\/revisions"}],"wp:featuredmedia":[{"embeddable":true,"href":"https:\/\/nexgendecors.com\/es\/wp-json\/wp\/v2\/media\/108670"}],"wp:attachment":[{"href":"https:\/\/nexgendecors.com\/es\/wp-json\/wp\/v2\/media?parent=51046"}],"wp:term":[{"taxonomy":"product_brand","embeddable":true,"href":"https:\/\/nexgendecors.com\/es\/wp-json\/wp\/v2\/product_brand?post=51046"},{"taxonomy":"product_cat","embeddable":true,"href":"https:\/\/nexgendecors.com\/es\/wp-json\/wp\/v2\/product_cat?post=51046"},{"taxonomy":"product_tag","embeddable":true,"href":"https:\/\/nexgendecors.com\/es\/wp-json\/wp\/v2\/product_tag?post=51046"}],"curies":[{"name":"wp","href":"https:\/\/api.w.org\/{rel}","templated":true}]}}