{"id":51055,"date":"2025-01-26T02:31:57","date_gmt":"2025-01-26T02:31:57","guid":{"rendered":"https:\/\/nexgendecors.com\/product\/childrens-multifunctional-compatible-lego-solid-wood-building-block-table-assembly-educational-baby-toy-table-large-and-small-particle-game-table\/"},"modified":"2025-03-09T17:59:17","modified_gmt":"2025-03-09T17:59:17","slug":"childrens-multifunctional-compatible-lego-solid-wood-building-block-table-assembly-educational-baby-toy-table-large-and-small-particle-game-table","status":"publish","type":"product","link":"https:\/\/nexgendecors.com\/es\/product\/childrens-multifunctional-compatible-lego-solid-wood-building-block-table-assembly-educational-baby-toy-table-large-and-small-particle-game-table\/","title":{"rendered":"Mesa de madera maciza compatible con Lego para ni\u00f1os"},"content":{"rendered":"<ul>\n<li>\n<strong>marca<\/strong>:otro\/otro<\/li>\n<li>\n<strong>modelo<\/strong>:YD661<\/li>\n<li>\n<strong>Edad adecuada<\/strong>:3 years old,4 years old,5 years old,6 years old,7 years old,8 years old,9 years old,10 years old,11 years old,12 years old<\/li>\n<li>\n<strong>Origen<\/strong>:China continental<\/li>\n<li>\n<strong>G\u00e9nero aplicable<\/strong>:Unisexo<\/li>\n<li>\n<strong>Tipo de juguete<\/strong>:wooden toy<\/li>\n<li>\n<strong>ordenar por color<\/strong>:Standard, Package 1: Dual-use + ABS building blocks, Package 2: Dual-use + ABS + 2 solid wood chairs, Package 3: Dual-use + ABS + 4 solid wood chairs, Package 4: Dual-use + ABS + 2 plastic chairs, Package 5: Dual-use + ABS + 4 plastic chairs<\/li>\n<li>\n<strong>Tipo inteligente<\/strong>:No hay soporte para smart<\/li>\n<li>\n<strong>N\u00famero de certificado 3C<\/strong>:2013012203608757<\/li>\n<li>\n<strong><\/strong>:<\/li>\n<\/ul>\n<p><img><\/p>","protected":false},"excerpt":{"rendered":"<p>Marca: otro\/otro Modelo: YD661 Edad adecuada: 3 a\u00f1os, 4 a\u00f1os, 5 a\u00f1os, 6 a\u00f1os, 7 a\u00f1os, 8 a\u00f1os, 9 a\u00f1os, 10 a\u00f1os, 11 a\u00f1os<\/p>","protected":false},"featured_media":108688,"comment_status":"open","ping_status":"closed","template":"","meta":[],"product_brand":[],"product_cat":[30899,30971,30849],"product_tag":[],"class_list":{"0":"post-51055","1":"product","2":"type-product","3":"status-publish","4":"has-post-thumbnail","6":"product_cat-bs-kindergarten","7":"product_cat-hp","8":"product_cat-kindergarten-school-furniture","10":"first","11":"instock","12":"taxable","13":"shipping-taxable","14":"purchasable","15":"product-type-variable"},"_links":{"self":[{"href":"https:\/\/nexgendecors.com\/es\/wp-json\/wp\/v2\/product\/51055","targetHints":{"allow":["GET"]}}],"collection":[{"href":"https:\/\/nexgendecors.com\/es\/wp-json\/wp\/v2\/product"}],"about":[{"href":"https:\/\/nexgendecors.com\/es\/wp-json\/wp\/v2\/types\/product"}],"replies":[{"embeddable":true,"href":"https:\/\/nexgendecors.com\/es\/wp-json\/wp\/v2\/comments?post=51055"}],"version-history":[{"count":0,"href":"https:\/\/nexgendecors.com\/es\/wp-json\/wp\/v2\/product\/51055\/revisions"}],"wp:featuredmedia":[{"embeddable":true,"href":"https:\/\/nexgendecors.com\/es\/wp-json\/wp\/v2\/media\/108688"}],"wp:attachment":[{"href":"https:\/\/nexgendecors.com\/es\/wp-json\/wp\/v2\/media?parent=51055"}],"wp:term":[{"taxonomy":"product_brand","embeddable":true,"href":"https:\/\/nexgendecors.com\/es\/wp-json\/wp\/v2\/product_brand?post=51055"},{"taxonomy":"product_cat","embeddable":true,"href":"https:\/\/nexgendecors.com\/es\/wp-json\/wp\/v2\/product_cat?post=51055"},{"taxonomy":"product_tag","embeddable":true,"href":"https:\/\/nexgendecors.com\/es\/wp-json\/wp\/v2\/product_tag?post=51055"}],"curies":[{"name":"wp","href":"https:\/\/api.w.org\/{rel}","templated":true}]}}