{"id":51146,"date":"2025-01-26T02:32:09","date_gmt":"2025-01-26T02:32:09","guid":{"rendered":"https:\/\/nexgendecors.com\/product\/childrens-pretend-kitchen-toy-with-sound-light-and-water-wooden-3-6-years-old-simulated-refrigerator-girl-cooking-set\/"},"modified":"2025-04-06T08:21:38","modified_gmt":"2025-04-06T08:21:38","slug":"juguete-de-cocina-de-imitacion-para-ninos-con-sonido-luz-y-agua-de-madera-para-ninas-de-3-a-6-anos-con-refrigerador-simulado","status":"publish","type":"product","link":"https:\/\/nexgendecors.com\/es\/product\/juguete-de-cocina-de-imitacion-para-ninos-con-sonido-luz-y-agua-de-madera-para-ninas-de-3-a-6-anos-con-refrigerador-simulado\/","title":{"rendered":"Juego de cocina de madera con sonido, luz y agua"},"content":{"rendered":"<ul>\n<li>\n<strong>marca<\/strong>:wowoztoys<\/li>\n<li>\n<strong>modelo<\/strong>:Cocina dorada<\/li>\n<li>\n<strong>Edad adecuada<\/strong>:4 a\u00f1os, 6 a\u00f1os, 3 a\u00f1os, 5 a\u00f1os<\/li>\n<li>\n<strong>Origen<\/strong>:China continental<\/li>\n<li>\n<strong>provincia<\/strong>:Provincia de Zhejiang<\/li>\n<li>\n<strong>ciudad<\/strong>: Ciudad de Lishui<\/li>\n<li>\n<strong>Material<\/strong>:Madera<\/li>\n<li>\n<strong>Tipo de juguete<\/strong>:Cocina de simulaci\u00f3n<\/li>\n<li>\n<strong>G\u00e9nero aplicable<\/strong>:Unisexo<\/li>\n<li>\n<strong>ordenar por color<\/strong>:Cocina refrigeradora dorada [modelo de sonido y luz + agua circulante] env\u00eda Qie Qie Le, cocina blanca integrada coreana [modelo de sonido y luz] env\u00eda Qie Qie Le, cocina rosa integrada coreana [modelo de sonido y luz] env\u00eda Qie Qie Le, cocina refrigeradora modelo B [modelo de sonido y luz] env\u00eda Qie Qie Le, cocina mejorada coreana (blanca) [sonido y luz + agua circulante] env\u00eda Qie Qie Le, cocina mejorada coreana (amarilla) [sonido y luz + agua circulante] env\u00eda Qie Qie Le, cocina sueca exportada [modelo de sonido y luz] env\u00eda Qie Qie Le, cocina de haya nunukids env\u00eda Qie Qie Le, refrigerador nunukids, cocina de haya nunukids + refrigerador env\u00eda Qie Qie Le, modelo B de haya cuci [modelo de sonido y luz] env\u00eda Qie Qie Le, modelo gris y blanco n\u00f3rdico de exportaci\u00f3n env\u00eda Qie Qie Le, gris y blanco n\u00f3rdico de exportaci\u00f3n [modelo elevado] env\u00eda Qie Qie Le, cocina wowoztoys env\u00eda Qie Qie Le, cocina peque\u00f1a retro roja env\u00eda Qie Qie Le, refrigerador dan\u00e9s, tienda danesa de exportaci\u00f3n env\u00eda Qie Qie Le<\/li>\n<\/ul>","protected":false},"excerpt":{"rendered":"<p>Marca: wowoztoys Modelo: Cocina dorada Edad adecuada: 4 a\u00f1os, 6 a\u00f1os, 3 a\u00f1os, 5 a\u00f1os Origen: China continental Provincia: Provincia de Zhejiang<\/p>","protected":false},"featured_media":108736,"comment_status":"open","ping_status":"closed","template":"","meta":[],"product_brand":[],"product_cat":[30899,30971,30849],"product_tag":[],"class_list":{"0":"post-51146","1":"product","2":"type-product","3":"status-publish","4":"has-post-thumbnail","6":"product_cat-bs-kindergarten","7":"product_cat-hp","8":"product_cat-kindergarten-school-furniture","10":"first","11":"instock","12":"taxable","13":"shipping-taxable","14":"purchasable","15":"product-type-variable"},"_links":{"self":[{"href":"https:\/\/nexgendecors.com\/es\/wp-json\/wp\/v2\/product\/51146","targetHints":{"allow":["GET"]}}],"collection":[{"href":"https:\/\/nexgendecors.com\/es\/wp-json\/wp\/v2\/product"}],"about":[{"href":"https:\/\/nexgendecors.com\/es\/wp-json\/wp\/v2\/types\/product"}],"replies":[{"embeddable":true,"href":"https:\/\/nexgendecors.com\/es\/wp-json\/wp\/v2\/comments?post=51146"}],"version-history":[{"count":0,"href":"https:\/\/nexgendecors.com\/es\/wp-json\/wp\/v2\/product\/51146\/revisions"}],"wp:featuredmedia":[{"embeddable":true,"href":"https:\/\/nexgendecors.com\/es\/wp-json\/wp\/v2\/media\/108736"}],"wp:attachment":[{"href":"https:\/\/nexgendecors.com\/es\/wp-json\/wp\/v2\/media?parent=51146"}],"wp:term":[{"taxonomy":"product_brand","embeddable":true,"href":"https:\/\/nexgendecors.com\/es\/wp-json\/wp\/v2\/product_brand?post=51146"},{"taxonomy":"product_cat","embeddable":true,"href":"https:\/\/nexgendecors.com\/es\/wp-json\/wp\/v2\/product_cat?post=51146"},{"taxonomy":"product_tag","embeddable":true,"href":"https:\/\/nexgendecors.com\/es\/wp-json\/wp\/v2\/product_tag?post=51146"}],"curies":[{"name":"wp","href":"https:\/\/api.w.org\/{rel}","templated":true}]}}