{"id":51166,"date":"2025-01-26T02:32:13","date_gmt":"2025-01-26T02:32:13","guid":{"rendered":"https:\/\/nexgendecors.com\/product\/childrens-pretend-kitchen-toys-wooden-barbecue-tool-table-doll-house-cooking-simulation-kitchen-utensils-girls-3-6-years-old\/"},"modified":"2025-03-09T17:59:53","modified_gmt":"2025-03-09T17:59:53","slug":"childrens-pretend-kitchen-toys-wooden-barbecue-tool-table-doll-house-cooking-simulation-kitchen-utensils-girls-3-6-years-old","status":"publish","type":"product","link":"https:\/\/nexgendecors.com\/es\/product\/childrens-pretend-kitchen-toys-wooden-barbecue-tool-table-doll-house-cooking-simulation-kitchen-utensils-girls-3-6-years-old\/","title":{"rendered":"Juego de utensilios de cocina de madera para barbacoa para ni\u00f1os de 3 a 6 a\u00f1os"},"content":{"rendered":"<ul>\n<li>\n<strong>marca<\/strong>:NUNUKIDS<\/li>\n<li>\n<strong>modelo<\/strong>:Pretend kitchen toys<\/li>\n<li>\n<strong>Edad adecuada<\/strong>:4 a\u00f1os, 6 a\u00f1os, 3 a\u00f1os, 5 a\u00f1os<\/li>\n<li>\n<strong>Origen<\/strong>:China continental<\/li>\n<li>\n<strong>provincia<\/strong>:Provincia de Zhejiang<\/li>\n<li>\n<strong>ciudad<\/strong>: Ciudad de Lishui<\/li>\n<li>\n<strong>Material<\/strong>:Madera<\/li>\n<li>\n<strong>Tipo de juguete<\/strong>:Cocina de simulaci\u00f3n<\/li>\n<li>\n<strong>G\u00e9nero aplicable<\/strong>:Unisexo<\/li>\n<li>\n<strong>ordenar por color<\/strong>:Export Nordic gray and white + fruit, wowoztoys kitchen + fruit, export Nordic gray and white [heightened model] + fruit, luxury multifunctional kitchen sound and light model + fruit, export Vienna kitchen + fruit, export Vienna refrigerator, export Vienna kitchen + refrigerator + fruit, nunukids beech dressing table with jewelry, export Swedish range hood sound and light model + fruit, cuci beech B sound and light model + fruit, Korean upgraded kitchen (white) &#8211; [sound and light + circulating water model] + fruit, Korean upgraded kitchen (yellow) &#8211; [sound and light + circulating water model] + fruit, gold refrigerator kitchen &#8211; [sound and light + circulating water model] &#8230; ids refrigerator, nunukids beech wood model + fruit, nunukids beech wood model + refrigerator + fruit, Nordic microwave oven + fruit cutter, cuci grill table, YLB large tool table, classic G kitchen + fruit, Korean gray range hood sound and light model + fruit, Korean white range hood sound and light model + fruit, Korean gray range hood sound and light model + refrigerator, Korean white range hood sound and light model + refrigerator, European pink range hood sound and light model + fruit, European mint green range hood sound and light model + fruit, integrated kitchen white sound and light model + fruit, integrated kitchen pink sound and light model + fruit, large German blue kitchen + fruit, large German blue kitchen + refrigerator + fruit<\/li>\n<\/ul>\n<p><img><\/p>","protected":false},"excerpt":{"rendered":"<p>Marca: NUNUKIDS Modelo: Juguetes de cocina de simulaci\u00f3n Edad adecuada: 4 a\u00f1os, 6 a\u00f1os, 3 a\u00f1os, 5 a\u00f1os Origen: China continental Provincia: Zhejiang<\/p>","protected":false},"featured_media":108776,"comment_status":"open","ping_status":"closed","template":"","meta":[],"product_brand":[],"product_cat":[30971,30849],"product_tag":[],"class_list":{"0":"post-51166","1":"product","2":"type-product","3":"status-publish","4":"has-post-thumbnail","6":"product_cat-hp","7":"product_cat-kindergarten-school-furniture","9":"first","10":"instock","11":"taxable","12":"shipping-taxable","13":"purchasable","14":"product-type-variable"},"_links":{"self":[{"href":"https:\/\/nexgendecors.com\/es\/wp-json\/wp\/v2\/product\/51166","targetHints":{"allow":["GET"]}}],"collection":[{"href":"https:\/\/nexgendecors.com\/es\/wp-json\/wp\/v2\/product"}],"about":[{"href":"https:\/\/nexgendecors.com\/es\/wp-json\/wp\/v2\/types\/product"}],"replies":[{"embeddable":true,"href":"https:\/\/nexgendecors.com\/es\/wp-json\/wp\/v2\/comments?post=51166"}],"version-history":[{"count":0,"href":"https:\/\/nexgendecors.com\/es\/wp-json\/wp\/v2\/product\/51166\/revisions"}],"wp:featuredmedia":[{"embeddable":true,"href":"https:\/\/nexgendecors.com\/es\/wp-json\/wp\/v2\/media\/108776"}],"wp:attachment":[{"href":"https:\/\/nexgendecors.com\/es\/wp-json\/wp\/v2\/media?parent=51166"}],"wp:term":[{"taxonomy":"product_brand","embeddable":true,"href":"https:\/\/nexgendecors.com\/es\/wp-json\/wp\/v2\/product_brand?post=51166"},{"taxonomy":"product_cat","embeddable":true,"href":"https:\/\/nexgendecors.com\/es\/wp-json\/wp\/v2\/product_cat?post=51166"},{"taxonomy":"product_tag","embeddable":true,"href":"https:\/\/nexgendecors.com\/es\/wp-json\/wp\/v2\/product_tag?post=51166"}],"curies":[{"name":"wp","href":"https:\/\/api.w.org\/{rel}","templated":true}]}}