{"id":51210,"date":"2025-01-26T02:32:19","date_gmt":"2025-01-26T02:32:19","guid":{"rendered":"https:\/\/nexgendecors.com\/product\/childrens-room-bedside-chandelier-modern-simple-eye-protection-light-luxury-minimalist-lifting-cartoon-boy-bedroom-moon-hanging-line-lamp\/"},"modified":"2025-03-09T08:23:51","modified_gmt":"2025-03-09T08:23:51","slug":"childrens-room-bedside-chandelier-modern-simple-eye-protection-light-luxury-minimalist-lifting-cartoon-boy-bedroom-moon-hanging-line-lamp","status":"publish","type":"product","link":"https:\/\/nexgendecors.com\/es\/product\/childrens-room-bedside-chandelier-modern-simple-eye-protection-light-luxury-minimalist-lifting-cartoon-boy-bedroom-moon-hanging-line-lamp\/","title":{"rendered":"L\u00e1mpara de ara\u00f1a moderna con forma de luna para dormitorio infantil: protecci\u00f3n ocular"},"content":{"rendered":"<ul>\n<li>\n<strong>estilo<\/strong>:Europa del Norte<\/li>\n<li>\n<strong>Tipo de l\u00e1mpara de ara\u00f1a<\/strong>:Zinc alloy chandelier<\/li>\n<li>\n<strong>Material principal del cuerpo de la l\u00e1mpara.<\/strong>:aleaci\u00f3n<\/li>\n<li>\n<strong>Material principal de la pantalla de la l\u00e1mpara<\/strong>:Pantalla de PMMA de alta transmitancia de luz<\/li>\n<li>\n<strong>Voltaje<\/strong>:111 V ~ 240 V (inclusive)<\/li>\n<li>\n<strong>N\u00famero de accesorios<\/strong>:1<\/li>\n<li>\n<strong>Forma de la l\u00e1mpara<\/strong>:L\u00e1mpara de ara\u00f1a de l\u00ednea de pescado<\/li>\n<li>\n<strong>Ya sea control inteligente<\/strong>:No<\/li>\n<li>\n<strong>N\u00famero de cabezales de l\u00e1mpara<\/strong>:1<\/li>\n<li>\n<strong>Material auxiliar del cuerpo de la l\u00e1mpara<\/strong>:aleaci\u00f3n<\/li>\n<li>\n<strong>Espacio aplicable<\/strong>:Children&#8217;s Room<\/li>\n<li>\n<strong>Servicio en la ciudad<\/strong>:Los compradores de la misma ciudad recogen la mercanc\u00eda en casa.<\/li>\n<li>\n<strong>Per\u00edodo de garant\u00eda<\/strong>:3 a\u00f1os<\/li>\n<li>\n<strong>\u00c1rea de irradiaci\u00f3n<\/strong>:3\u33a1-5\u33a1<\/li>\n<li>\n<strong>\u00bfLa l\u00e1mpara tiene una fuente de luz?<\/strong>:No<\/li>\n<li>\n<strong>tipo de fuente de luz<\/strong>:Luces LED<\/li>\n<li>\n<strong>N\u00famero de fuentes de luz<\/strong>:1<\/li>\n<li>\n<strong>Tecnolog\u00eda<\/strong>:enchapado<\/li>\n<li>\n<strong>ordenar por color<\/strong>:Reading &#8211; full spectrum three-color light [free lifting model] Reading &#8211; full spectrum three-color light Raising a flag &#8211; full spectrum three-color light [free lifting model] Raising a flag &#8211; full spectrum three-color light Astronaut &#8211; Moon lampshade &#8211; full spectrum three-color light [free lifting model] Astronaut &#8211; Moon lampshade &#8211; full spectrum three-color light Astronaut &#8211; Planet lampshade &#8211; full spectrum three-color light [free lifting model] Astronaut &#8211; Planet lampshade &#8211; full spectrum three-color light Astronaut &#8211; Milky white lampshade &#8211; full spectrum three-color light [free lifting model] Astronaut &#8211; Milky white lampshade &#8211; full spectrum three-color light Smart fan ceiling lamp + reading chandelier &#8211; full spectrum three-color light smart fan ceiling lamp + flag chandelier &#8211; full spectrum three-color light smart fan ceiling lamp + moon chandelier &#8211; full spectrum three-color light smart fan ceiling lamp + planet chandelier &#8211; full spectrum three-color light smart fan ceiling lamp + milky white ball chandelier &#8211; full spectrum three-color light<\/li>\n<li>\n<strong>marca<\/strong>:Kaferay<\/li>\n<li>\n<strong>modelo<\/strong>:F8500<\/li>\n<li>\n<strong>Tipo de control<\/strong>:Otros controles no inteligentes<\/li>\n<li>\n<strong>Tipo inteligente<\/strong>:No hay soporte para smart<\/li>\n<li>\n<strong>Material auxiliar para pantallas de l\u00e1mparas<\/strong>:Pantalla de PMMA de alta transmitancia de luz<\/li>\n<li>\n<strong>fuerza<\/strong>:6W (incluido) \u2013 10W (incluido)<\/li>\n<li>\n<strong>Valor K de la temperatura de color de la fuente de luz<\/strong>:3000K<\/li>\n<li>\n<strong>Temperatura de color<\/strong>:Luz tricolor<\/li>\n<li>\n<strong>N\u00famero de certificado 3C<\/strong>:2024371001000048<\/li>\n<\/ul>","protected":false},"excerpt":{"rendered":"<p>style:Northern Europe Chandelier Type:Zinc alloy chandelier Main material of lamp body:alloy Lampshade main material:PMMA high light transmittance lampshade Voltage:111V~240V (inclusive)<\/p>","protected":false},"featured_media":108831,"comment_status":"open","ping_status":"closed","template":"","meta":[],"product_brand":[],"product_cat":[30971,30864],"product_tag":[],"class_list":{"0":"post-51210","1":"product","2":"type-product","3":"status-publish","4":"has-post-thumbnail","6":"product_cat-hp","7":"product_cat-new-wholesales-lights","9":"first","10":"instock","11":"taxable","12":"shipping-taxable","13":"purchasable","14":"product-type-variable"},"_links":{"self":[{"href":"https:\/\/nexgendecors.com\/es\/wp-json\/wp\/v2\/product\/51210","targetHints":{"allow":["GET"]}}],"collection":[{"href":"https:\/\/nexgendecors.com\/es\/wp-json\/wp\/v2\/product"}],"about":[{"href":"https:\/\/nexgendecors.com\/es\/wp-json\/wp\/v2\/types\/product"}],"replies":[{"embeddable":true,"href":"https:\/\/nexgendecors.com\/es\/wp-json\/wp\/v2\/comments?post=51210"}],"version-history":[{"count":0,"href":"https:\/\/nexgendecors.com\/es\/wp-json\/wp\/v2\/product\/51210\/revisions"}],"wp:featuredmedia":[{"embeddable":true,"href":"https:\/\/nexgendecors.com\/es\/wp-json\/wp\/v2\/media\/108831"}],"wp:attachment":[{"href":"https:\/\/nexgendecors.com\/es\/wp-json\/wp\/v2\/media?parent=51210"}],"wp:term":[{"taxonomy":"product_brand","embeddable":true,"href":"https:\/\/nexgendecors.com\/es\/wp-json\/wp\/v2\/product_brand?post=51210"},{"taxonomy":"product_cat","embeddable":true,"href":"https:\/\/nexgendecors.com\/es\/wp-json\/wp\/v2\/product_cat?post=51210"},{"taxonomy":"product_tag","embeddable":true,"href":"https:\/\/nexgendecors.com\/es\/wp-json\/wp\/v2\/product_tag?post=51210"}],"curies":[{"name":"wp","href":"https:\/\/api.w.org\/{rel}","templated":true}]}}