{"id":51421,"date":"2025-01-26T02:32:45","date_gmt":"2025-01-26T02:32:45","guid":{"rendered":"https:\/\/nexgendecors.com\/product\/childrens-tent-indoor-playhouse-princess-girls-boys-baby-toys-kids-home-house-fantasy-small-castle1705392601284\/"},"modified":"2025-04-06T08:22:06","modified_gmt":"2025-04-06T08:22:06","slug":"tienda-de-campana-para-ninos-casa-de-juegos-interior-princesas-ninas-ninos-juguetes-para-bebes-casa-infantil-castillo-pequeno-de-fantasia-1705392601284","status":"publish","type":"product","link":"https:\/\/nexgendecors.com\/es\/product\/tienda-de-campana-para-ninos-casa-de-juegos-interior-princesas-ninas-ninos-juguetes-para-bebes-casa-infantil-castillo-pequeno-de-fantasia-1705392601284\/","title":{"rendered":"Tienda de campa\u00f1a de interior Princesa para ni\u00f1os - Fantasy Castle"},"content":{"rendered":"<div>Grupo de edad aplicable: 3 a\u00f1os (excluido) - 6 a\u00f1os (inclusive)<\/div>\n<div>Material del soporte: fibra de vidrio recubierta de pl\u00e1stico<\/div>\n<div>Material de la superficie: poli\u00e9ster (fibra de poli\u00e9ster)<\/div>\n<div>ID del art\u00edculo: MF36614<\/div>\n<div>  <\/div>\n<div>  <\/div>","protected":false},"excerpt":{"rendered":"<p>Grupo de edad aplicable:3 a\u00f1os (exclusive) - 6 a\u00f1os (inclusive) Material del soporte:Fibra de vidrio recubierta de pl\u00e1stico Material de la superficie:Poli\u00e9ster (fibra de poli\u00e9ster) Art\u00edculo<\/p>","protected":false},"featured_media":109062,"comment_status":"open","ping_status":"closed","template":"","meta":[],"product_brand":[],"product_cat":[30899,30971,30849],"product_tag":[],"class_list":{"0":"post-51421","1":"product","2":"type-product","3":"status-publish","4":"has-post-thumbnail","6":"product_cat-bs-kindergarten","7":"product_cat-hp","8":"product_cat-kindergarten-school-furniture","10":"first","11":"instock","12":"taxable","13":"shipping-taxable","14":"purchasable","15":"product-type-variable"},"_links":{"self":[{"href":"https:\/\/nexgendecors.com\/es\/wp-json\/wp\/v2\/product\/51421","targetHints":{"allow":["GET"]}}],"collection":[{"href":"https:\/\/nexgendecors.com\/es\/wp-json\/wp\/v2\/product"}],"about":[{"href":"https:\/\/nexgendecors.com\/es\/wp-json\/wp\/v2\/types\/product"}],"replies":[{"embeddable":true,"href":"https:\/\/nexgendecors.com\/es\/wp-json\/wp\/v2\/comments?post=51421"}],"version-history":[{"count":0,"href":"https:\/\/nexgendecors.com\/es\/wp-json\/wp\/v2\/product\/51421\/revisions"}],"wp:featuredmedia":[{"embeddable":true,"href":"https:\/\/nexgendecors.com\/es\/wp-json\/wp\/v2\/media\/109062"}],"wp:attachment":[{"href":"https:\/\/nexgendecors.com\/es\/wp-json\/wp\/v2\/media?parent=51421"}],"wp:term":[{"taxonomy":"product_brand","embeddable":true,"href":"https:\/\/nexgendecors.com\/es\/wp-json\/wp\/v2\/product_brand?post=51421"},{"taxonomy":"product_cat","embeddable":true,"href":"https:\/\/nexgendecors.com\/es\/wp-json\/wp\/v2\/product_cat?post=51421"},{"taxonomy":"product_tag","embeddable":true,"href":"https:\/\/nexgendecors.com\/es\/wp-json\/wp\/v2\/product_tag?post=51421"}],"curies":[{"name":"wp","href":"https:\/\/api.w.org\/{rel}","templated":true}]}}