{"id":51434,"date":"2025-01-26T02:32:48","date_gmt":"2025-01-26T02:32:48","guid":{"rendered":"https:\/\/nexgendecors.com\/product\/childrens-tent-indoor-princess-castle-girl-home-small-house-baby-reading-corner-boy-play-house-game-house\/"},"modified":"2025-04-06T08:22:13","modified_gmt":"2025-04-06T08:22:13","slug":"childrens-tent-indoor-princess-castle-girl-home-small-house-baby-reading-corner-boy-play-house-game-house","status":"publish","type":"product","link":"https:\/\/nexgendecors.com\/es\/product\/childrens-tent-indoor-princess-castle-girl-home-small-house-baby-reading-corner-boy-play-house-game-house\/","title":{"rendered":"Tienda de juegos interior Princess Castle para ni\u00f1os"},"content":{"rendered":"<ul>\n<li>\n<strong>marca<\/strong>:COTTONMORI\/bosque de algod\u00f3n<\/li>\n<li>\n<strong>modelo<\/strong>:Portable Tent<\/li>\n<li>\n<strong>Edad adecuada<\/strong>:4 a\u00f1os, 3 a\u00f1os, 6 a\u00f1os, 5 a\u00f1os<\/li>\n<li>\n<strong>Origen<\/strong>:China continental<\/li>\n<li>\n<strong>provincia<\/strong>Provincia de Jiangxi<\/li>\n<li>\n<strong>ciudad<\/strong>:Nanchang<\/li>\n<li>\n<strong>G\u00e9nero aplicable<\/strong>:Unisexo<\/li>\n<li>\n<strong>Tipo de juguete<\/strong>:Otros juguetes<\/li>\n<li>\n<strong>ordenar por color<\/strong>:Small house: Kabuki, small house: Kabuki + Kabuki mat, small house: Kabuki set, small house: princess pink, small house: princess pink + pink mat, small house: princess pink set<\/li>\n<li>\n<strong>categor\u00eda<\/strong>:Tienda de tela<\/li>\n<\/ul>\n<p><img><\/p>","protected":false},"excerpt":{"rendered":"<p>brand:COTTONMORI\/cotton forest model:Portable Tent Suitable age:4 years old, 3 years old, 6 years old, 5 years old Origin:Chinese mainland province:Jiangxi<\/p>","protected":false},"featured_media":109078,"comment_status":"open","ping_status":"closed","template":"","meta":[],"product_brand":[],"product_cat":[30899,30971,30849],"product_tag":[],"class_list":{"0":"post-51434","1":"product","2":"type-product","3":"status-publish","4":"has-post-thumbnail","6":"product_cat-bs-kindergarten","7":"product_cat-hp","8":"product_cat-kindergarten-school-furniture","10":"first","11":"instock","12":"taxable","13":"shipping-taxable","14":"purchasable","15":"product-type-variable"},"_links":{"self":[{"href":"https:\/\/nexgendecors.com\/es\/wp-json\/wp\/v2\/product\/51434","targetHints":{"allow":["GET"]}}],"collection":[{"href":"https:\/\/nexgendecors.com\/es\/wp-json\/wp\/v2\/product"}],"about":[{"href":"https:\/\/nexgendecors.com\/es\/wp-json\/wp\/v2\/types\/product"}],"replies":[{"embeddable":true,"href":"https:\/\/nexgendecors.com\/es\/wp-json\/wp\/v2\/comments?post=51434"}],"version-history":[{"count":0,"href":"https:\/\/nexgendecors.com\/es\/wp-json\/wp\/v2\/product\/51434\/revisions"}],"wp:featuredmedia":[{"embeddable":true,"href":"https:\/\/nexgendecors.com\/es\/wp-json\/wp\/v2\/media\/109078"}],"wp:attachment":[{"href":"https:\/\/nexgendecors.com\/es\/wp-json\/wp\/v2\/media?parent=51434"}],"wp:term":[{"taxonomy":"product_brand","embeddable":true,"href":"https:\/\/nexgendecors.com\/es\/wp-json\/wp\/v2\/product_brand?post=51434"},{"taxonomy":"product_cat","embeddable":true,"href":"https:\/\/nexgendecors.com\/es\/wp-json\/wp\/v2\/product_cat?post=51434"},{"taxonomy":"product_tag","embeddable":true,"href":"https:\/\/nexgendecors.com\/es\/wp-json\/wp\/v2\/product_tag?post=51434"}],"curies":[{"name":"wp","href":"https:\/\/api.w.org\/{rel}","templated":true}]}}