{"id":51578,"date":"2025-01-26T02:33:08","date_gmt":"2025-01-26T02:33:08","guid":{"rendered":"https:\/\/nexgendecors.com\/product\/chita-mid-century-modern-sofa-fabric-couch-for-living-room-with-solid-wood-leg-no-tools-assembly-73w-ivory1711879083719\/"},"modified":"2025-04-06T08:22:27","modified_gmt":"2025-04-06T08:22:27","slug":"sofa-moderno-chita-de-mediados-de-siglo-de-tela-para-sala-de-estar-con-patas-de-madera-maciza-montaje-sin-herramientas-73-w-color-marfil-1711879083719","status":"publish","type":"product","link":"https:\/\/nexgendecors.com\/es\/product\/sofa-moderno-chita-de-mediados-de-siglo-de-tela-para-sala-de-estar-con-patas-de-madera-maciza-montaje-sin-herramientas-73-w-color-marfil-1711879083719\/","title":{"rendered":"CHITA Sof\u00e1 moderno de mediados de siglo con patas de madera maciza, Marfil"},"content":{"rendered":"<p data-mce-fragment=\"1\"><strong data-mce-fragment=\"1\">Sof\u00e1 moderno de mediados de siglo: una combinaci\u00f3n perfecta de estilo y comodidad<\/strong><\/p>\n<p data-mce-fragment=\"1\">\ud83c\udf1f <strong data-mce-fragment=\"1\">Caracter\u00edsticas y especificaciones clave<\/strong>:<\/p>\n<ul data-mce-fragment=\"1\">\n<li data-mce-fragment=\"1\">\n<p data-mce-fragment=\"1\"><strong data-mce-fragment=\"1\">Dimensiones<\/strong>El sof\u00e1 mide 185 cm de ancho x 80 cm de profundidad x 80 cm de alto, con una profundidad de asiento de 56 cm y una altura de asiento de 45 cm. Est\u00e1 dise\u00f1ado para soportar c\u00f3modamente hasta 227 kg, lo que garantiza un amplio espacio y durabilidad para ti y tus seres queridos. \ud83d\udcba\ud83d\udccf<\/p>\n<\/li>\n<li data-mce-fragment=\"1\">\n<p data-mce-fragment=\"1\"><strong data-mce-fragment=\"1\">Estilo moderno de mediados de siglo<\/strong>Con su elegante y compacta estructura, nuestro sof\u00e1 de 185 cm de ancho encarna la esencia del dise\u00f1o moderno de mediados de siglo. Su delgado brazo articulado no solo le da un toque elegante, sino que tambi\u00e9n maximiza el espacio para sentarse, lo que lo hace ideal para noches de cine acogedoras o reuniones con amigos y familiares. \ud83c\udfac\ud83d\udecb\ufe0f<\/p>\n<\/li>\n<li data-mce-fragment=\"1\">\n<p data-mce-fragment=\"1\"><strong data-mce-fragment=\"1\">Entrega conveniente<\/strong>Tu nuevo sof\u00e1 llegar\u00e1 en dos cajas separadas, que podr\u00edan entregarse con unos d\u00edas de diferencia. Aseg\u00farate de revisar todas las cajas al recibirlo para asegurarte de tener todo lo necesario para el montaje.<\/p>\n<\/li>\n<li data-mce-fragment=\"1\">\n<p data-mce-fragment=\"1\"><strong data-mce-fragment=\"1\">Construido para durar<\/strong>Nos enorgullecemos de la calidad de nuestros productos. Antes de llegar a tu hogar, este sof\u00e1 se somete a rigurosas pruebas internas para garantizar su durabilidad y calidad superior. Ha superado con \u00e9xito las pruebas de durabilidad del asiento, el respaldo y los brazos, lo que garantiza una adici\u00f3n duradera a tu hogar.<\/p>\n<\/li>\n<li data-mce-fragment=\"1\">\n<p data-mce-fragment=\"1\"><strong data-mce-fragment=\"1\">Experiencia de asiento c\u00f3moda<\/strong>:El sof\u00e1 cuenta con un respaldo limpio y firme y un asiento de apoyo con un nivel de firmeza de 3 de 5. La altura de las patas de 7,5\u201d permite una f\u00e1cil limpieza debajo, permitiendo que su aspiradora robot se deslice sin esfuerzo debajo del sof\u00e1 para un mantenimiento sin complicaciones \ud83e\uddf9\ud83e\udd16<\/p>\n<\/li>\n<\/ul>\n<p data-mce-fragment=\"1\">Renueva tu sala de estar con este elegante y c\u00f3modo sof\u00e1 moderno de mediados de siglo. Su dise\u00f1o elegante, combinado con sus amplios asientos y su durabilidad, lo convierte en la opci\u00f3n perfecta para cualquier hogar que busque una combinaci\u00f3n de estilo y funcionalidad.<\/p>\n<div><\/div>","protected":false},"excerpt":{"rendered":"<p>Sof\u00e1 moderno de mediados de siglo: Una mezcla perfecta de estilo y comodidad \ud83c\udf1f Caracter\u00edsticas principales y especificaciones: Dimensiones: El sof\u00e1 mide 73.2\u2033W<\/p>","protected":false},"featured_media":109288,"comment_status":"open","ping_status":"closed","template":"","meta":[],"product_brand":[],"product_cat":[30971,30846,32,30873],"product_tag":[],"class_list":{"0":"post-51578","1":"product","2":"type-product","3":"status-publish","4":"has-post-thumbnail","6":"product_cat-hp","7":"product_cat-living-room","8":"product_cat-residential-furniture","9":"product_cat-sofa","11":"first","12":"instock","13":"taxable","14":"shipping-taxable","15":"purchasable","16":"product-type-variable"},"_links":{"self":[{"href":"https:\/\/nexgendecors.com\/es\/wp-json\/wp\/v2\/product\/51578","targetHints":{"allow":["GET"]}}],"collection":[{"href":"https:\/\/nexgendecors.com\/es\/wp-json\/wp\/v2\/product"}],"about":[{"href":"https:\/\/nexgendecors.com\/es\/wp-json\/wp\/v2\/types\/product"}],"replies":[{"embeddable":true,"href":"https:\/\/nexgendecors.com\/es\/wp-json\/wp\/v2\/comments?post=51578"}],"version-history":[{"count":0,"href":"https:\/\/nexgendecors.com\/es\/wp-json\/wp\/v2\/product\/51578\/revisions"}],"wp:featuredmedia":[{"embeddable":true,"href":"https:\/\/nexgendecors.com\/es\/wp-json\/wp\/v2\/media\/109288"}],"wp:attachment":[{"href":"https:\/\/nexgendecors.com\/es\/wp-json\/wp\/v2\/media?parent=51578"}],"wp:term":[{"taxonomy":"product_brand","embeddable":true,"href":"https:\/\/nexgendecors.com\/es\/wp-json\/wp\/v2\/product_brand?post=51578"},{"taxonomy":"product_cat","embeddable":true,"href":"https:\/\/nexgendecors.com\/es\/wp-json\/wp\/v2\/product_cat?post=51578"},{"taxonomy":"product_tag","embeddable":true,"href":"https:\/\/nexgendecors.com\/es\/wp-json\/wp\/v2\/product_tag?post=51578"}],"curies":[{"name":"wp","href":"https:\/\/api.w.org\/{rel}","templated":true}]}}