{"id":51596,"date":"2025-01-26T02:33:10","date_gmt":"2025-01-26T02:33:10","guid":{"rendered":"https:\/\/nexgendecors.com\/product\/chita-mid-century-sofas-armchair-32-3w-faux-leather-single-sofa-couch-sets-for-living-room-apartment-cognac-brown1711879083626\/"},"modified":"2025-04-06T08:22:34","modified_gmt":"2025-04-06T08:22:34","slug":"sillon-chita-de-mediados-de-siglo-32-x-3w-de-piel-sintetica-individual-para-sala-de-estar-apartamento-marron-conac-1711879083626","status":"publish","type":"product","link":"https:\/\/nexgendecors.com\/es\/product\/sillon-chita-de-mediados-de-siglo-32-x-3w-de-piel-sintetica-individual-para-sala-de-estar-apartamento-marron-conac-1711879083626\/","title":{"rendered":"CHITA Sill\u00f3n de piel sint\u00e9tica de mediados de siglo, Marr\u00f3n co\u00f1ac"},"content":{"rendered":"<p data-mce-fragment=\"1\"><strong data-mce-fragment=\"1\">Sof\u00e1 moderno contempor\u00e1neo de mediados de siglo<\/strong><\/p>\n<p data-mce-fragment=\"1\">\ud83c\udf1f <strong data-mce-fragment=\"1\">Caracter\u00edsticas y especificaciones clave<\/strong>:<\/p>\n<ul data-mce-fragment=\"1\">\n<li data-mce-fragment=\"1\">\n<p data-mce-fragment=\"1\"><strong data-mce-fragment=\"1\">Encanto de mediados de siglo<\/strong>Con un brazo articulado delgado, este sof\u00e1 combina a la perfecci\u00f3n la est\u00e9tica contempor\u00e1nea con el dise\u00f1o de mediados de siglo. Su dise\u00f1o no solo rebosa elegancia, sino que tambi\u00e9n ofrece un amplio espacio para sentarse, lo que lo convierte en la opci\u00f3n ideal para disfrutar de una agradable noche de cine o de relax con los seres queridos. \ud83d\udecb\ufe0f\ud83c\udfac<\/p>\n<\/li>\n<li data-mce-fragment=\"1\">\n<p data-mce-fragment=\"1\"><strong data-mce-fragment=\"1\">Seguro de calidad<\/strong>Priorizando tu satisfacci\u00f3n, hemos garantizado la durabilidad del sof\u00e1 mediante rigurosas pruebas internas. Desde el asiento hasta el respaldo y los reposabrazos, este sof\u00e1 resiste el paso del tiempo, prometiendo comodidad y estilo duraderos. \ud83d\udee0\ufe0f\ud83c\udf1f<\/p>\n<\/li>\n<li data-mce-fragment=\"1\">\n<p data-mce-fragment=\"1\"><strong data-mce-fragment=\"1\">Dimensiones y capacidad<\/strong>Las dimensiones totales del sof\u00e1 son 80 cm de profundidad x 82 cm de ancho x 80 cm de alto, con un asiento c\u00f3modo de 55 cm de profundidad x 64 cm de ancho x 44 cm de alto. El sof\u00e1 soporta hasta 136 kg y sus patas miden 18 cm de alto.<\/p>\n<\/li>\n<li data-mce-fragment=\"1\">\n<p data-mce-fragment=\"1\"><strong data-mce-fragment=\"1\">Elegancia con mechones<\/strong>El dise\u00f1o capiton\u00e9 del respaldo no solo a\u00f1ade un toque de sofisticaci\u00f3n, sino que tambi\u00e9n proporciona un soporte firme. La firmeza del asiento se califica con un 3 en una escala del 1 al 5 (5 es la m\u00e1s firme), logrando el equilibrio perfecto entre comodidad y soporte.<\/p>\n<\/li>\n<li data-mce-fragment=\"1\">\n<p data-mce-fragment=\"1\"><strong data-mce-fragment=\"1\">Entrega conveniente<\/strong>El sof\u00e1 se entrega en dos cajas separadas, que pueden tardar unos d\u00edas en entregarse. No te preocupes, se incluyen todos los componentes e instrucciones de montaje para que puedas montarlo sin complicaciones.<\/p>\n<\/li>\n<\/ul>\n<p data-mce-fragment=\"1\">Sum\u00e9rgete en el encanto atemporal y la comodidad de nuestro sof\u00e1 moderno de mediados de siglo. Ya sea para una reuni\u00f3n informal o una velada tranquila, este sof\u00e1 promete ser tu refugio acogedor, realzando el ambiente de cualquier sala de estar. \ud83c\udf1f\ud83d\udecb\ufe0f<\/p>\n<div><\/div>","protected":false},"excerpt":{"rendered":"<p>Sof\u00e1 moderno contempor\u00e1neo de mediados de siglo \ud83c\udf1f Caracter\u00edsticas principales y especificaciones: Encanto de mediados de siglo: Con un brazo de pista delgada, este sof\u00e1 se mezcla a la perfecci\u00f3n<\/p>","protected":false},"featured_media":109312,"comment_status":"open","ping_status":"closed","template":"","meta":[],"product_brand":[],"product_cat":[30971,30846,32,30873],"product_tag":[],"class_list":{"0":"post-51596","1":"product","2":"type-product","3":"status-publish","4":"has-post-thumbnail","6":"product_cat-hp","7":"product_cat-living-room","8":"product_cat-residential-furniture","9":"product_cat-sofa","11":"first","12":"instock","13":"taxable","14":"shipping-taxable","15":"purchasable","16":"product-type-variable"},"_links":{"self":[{"href":"https:\/\/nexgendecors.com\/es\/wp-json\/wp\/v2\/product\/51596","targetHints":{"allow":["GET"]}}],"collection":[{"href":"https:\/\/nexgendecors.com\/es\/wp-json\/wp\/v2\/product"}],"about":[{"href":"https:\/\/nexgendecors.com\/es\/wp-json\/wp\/v2\/types\/product"}],"replies":[{"embeddable":true,"href":"https:\/\/nexgendecors.com\/es\/wp-json\/wp\/v2\/comments?post=51596"}],"version-history":[{"count":0,"href":"https:\/\/nexgendecors.com\/es\/wp-json\/wp\/v2\/product\/51596\/revisions"}],"wp:featuredmedia":[{"embeddable":true,"href":"https:\/\/nexgendecors.com\/es\/wp-json\/wp\/v2\/media\/109312"}],"wp:attachment":[{"href":"https:\/\/nexgendecors.com\/es\/wp-json\/wp\/v2\/media?parent=51596"}],"wp:term":[{"taxonomy":"product_brand","embeddable":true,"href":"https:\/\/nexgendecors.com\/es\/wp-json\/wp\/v2\/product_brand?post=51596"},{"taxonomy":"product_cat","embeddable":true,"href":"https:\/\/nexgendecors.com\/es\/wp-json\/wp\/v2\/product_cat?post=51596"},{"taxonomy":"product_tag","embeddable":true,"href":"https:\/\/nexgendecors.com\/es\/wp-json\/wp\/v2\/product_tag?post=51596"}],"curies":[{"name":"wp","href":"https:\/\/api.w.org\/{rel}","templated":true}]}}