{"id":51612,"date":"2025-01-26T02:33:15","date_gmt":"2025-01-26T02:33:15","guid":{"rendered":"https:\/\/nexgendecors.com\/product\/chita-oversized-modular-sectional-fabric-sofa-set-extra-large-u-shaped-couch-with-reversible-chaise-146-inch-width-6-seat-modular-sofa-with-storage-ottamans-beige1711879083954\/"},"modified":"2025-04-06T08:22:40","modified_gmt":"2025-04-06T08:22:40","slug":"chita-oversized-modular-sectional-fabric-sofa-set-extra-large-u-shaped-couch-with-reversible-chaise-146-inch-width-6-seat-modular-sofa-with-storage-ottamans-beige1711879083954","status":"publish","type":"product","link":"https:\/\/nexgendecors.com\/es\/product\/chita-oversized-modular-sectional-fabric-sofa-set-extra-large-u-shaped-couch-with-reversible-chaise-146-inch-width-6-seat-modular-sofa-with-storage-ottamans-beige1711879083954\/","title":{"rendered":"CHITA Sof\u00e1 modular extragrande en forma de U con almacenaje"},"content":{"rendered":"<p data-mce-fragment=\"1\">\ud83d\udecb\ufe0f <strong data-mce-fragment=\"1\">6-Piece U-Shaped Modular Sofa by CHITA<\/strong>:<\/p>\n<ul data-mce-fragment=\"1\">\n<li data-mce-fragment=\"1\">Clean and classic design with comfortable, wider seats \ud83c\udf1f<\/li>\n<li data-mce-fragment=\"1\">34&#8221; seat width per seat &#8211; 30% larger than most sofas! \ud83d\udccf<\/li>\n<li data-mce-fragment=\"1\">Overall width achievable with just four seats: 146&#8221; \ud83d\udcd0<\/li>\n<\/ul>\n<p data-mce-fragment=\"1\">\ud83d\udd04 <strong data-mce-fragment=\"1\">Rearrangeable for Any Occasion<\/strong>:<\/p>\n<ul data-mce-fragment=\"1\">\n<li data-mce-fragment=\"1\">Multiple configurations for small to spacious rooms \ud83c\udfe0<\/li>\n<li data-mce-fragment=\"1\">Armless chair can be used as a standalone piece for flexibility \ud83e\ude91<\/li>\n<\/ul>\n<p data-mce-fragment=\"1\">\ud83d\udecb\ufe0f <strong data-mce-fragment=\"1\">A Dive into Comfort<\/strong>:<\/p>\n<ul data-mce-fragment=\"1\">\n<li data-mce-fragment=\"1\">Luxurious high-density foam padding and loose cushions \ud83c\udf1f<\/li>\n<li data-mce-fragment=\"1\">Soft, reversible back cushions and arm pillows with a soft fiber blend \ud83d\udecf\ufe0f<\/li>\n<li data-mce-fragment=\"1\">Medium seat firmness (Scale of 1-5, 5 being firmest): 3 \u2b50<\/li>\n<\/ul>\n<p data-mce-fragment=\"1\">\ud83d\udcaa <strong data-mce-fragment=\"1\">Calidad Premium<\/strong>:<\/p>\n<ul data-mce-fragment=\"1\">\n<li data-mce-fragment=\"1\">Crafted by skilled artisans blending functionality and design \ud83c\udfa8<\/li>\n<li data-mce-fragment=\"1\">Sturdy corner-blocked wooden frame from solid engineered and hard wood \ud83e\udeb5<\/li>\n<li data-mce-fragment=\"1\">High-gauge sinuous springs and synthetic webbing for extra support \ud83d\udee0\ufe0f<\/li>\n<li data-mce-fragment=\"1\">Weight capacity for each seat: 350 lbs \ud83c\udfcb\ufe0f<\/li>\n<\/ul>\n<p data-mce-fragment=\"1\">\ud83e\uddfc <strong data-mce-fragment=\"1\">Care Instructions<\/strong>:<\/p>\n<ul data-mce-fragment=\"1\">\n<li data-mce-fragment=\"1\">Spot clean non-removable areas with water-free stain remover (Cleaning Code: S) \ud83e\uddfd<\/li>\n<li data-mce-fragment=\"1\">Dry clean only for cushion covers \ud83e\uddfc<\/li>\n<\/ul>\n<p data-mce-fragment=\"1\">\ud83d\udce6 <strong data-mce-fragment=\"1\">Seven Packages for Easy Delivery<\/strong>:<\/p>\n<ul data-mce-fragment=\"1\">\n<li data-mce-fragment=\"1\">Delivered in 7 boxes for shipping efficiency and easy handling \ud83d\udce6<\/li>\n<li data-mce-fragment=\"1\">Fits through narrow staircases and elevators (Minimum door width: 18&#8221;) \ud83d\udeaa<\/li>\n<li data-mce-fragment=\"1\">Box Breakdown: Arms, Seats &#038; Backrests (Left &#038; Right), 2x Armless Chairs, 2x Ottomans \ud83d\udce6\ud83d\udce6\ud83d\udce6<\/li>\n<\/ul>\n<div><\/div>","protected":false},"excerpt":{"rendered":"<p>\ud83d\udecb\ufe0f Sof\u00e1 modular de 6 piezas en forma de U de CHITA: Dise\u00f1o limpio y cl\u00e1sico con asientos c\u00f3modos y m\u00e1s anchos \ud83c\udf1f 34\" de ancho de asiento por<\/p>","protected":false},"featured_media":109344,"comment_status":"open","ping_status":"closed","template":"","meta":[],"product_brand":[],"product_cat":[30971,30846,32,30873],"product_tag":[],"class_list":{"0":"post-51612","1":"product","2":"type-product","3":"status-publish","4":"has-post-thumbnail","6":"product_cat-hp","7":"product_cat-living-room","8":"product_cat-residential-furniture","9":"product_cat-sofa","11":"first","12":"instock","13":"taxable","14":"shipping-taxable","15":"purchasable","16":"product-type-variable"},"_links":{"self":[{"href":"https:\/\/nexgendecors.com\/es\/wp-json\/wp\/v2\/product\/51612","targetHints":{"allow":["GET"]}}],"collection":[{"href":"https:\/\/nexgendecors.com\/es\/wp-json\/wp\/v2\/product"}],"about":[{"href":"https:\/\/nexgendecors.com\/es\/wp-json\/wp\/v2\/types\/product"}],"replies":[{"embeddable":true,"href":"https:\/\/nexgendecors.com\/es\/wp-json\/wp\/v2\/comments?post=51612"}],"version-history":[{"count":0,"href":"https:\/\/nexgendecors.com\/es\/wp-json\/wp\/v2\/product\/51612\/revisions"}],"wp:featuredmedia":[{"embeddable":true,"href":"https:\/\/nexgendecors.com\/es\/wp-json\/wp\/v2\/media\/109344"}],"wp:attachment":[{"href":"https:\/\/nexgendecors.com\/es\/wp-json\/wp\/v2\/media?parent=51612"}],"wp:term":[{"taxonomy":"product_brand","embeddable":true,"href":"https:\/\/nexgendecors.com\/es\/wp-json\/wp\/v2\/product_brand?post=51612"},{"taxonomy":"product_cat","embeddable":true,"href":"https:\/\/nexgendecors.com\/es\/wp-json\/wp\/v2\/product_cat?post=51612"},{"taxonomy":"product_tag","embeddable":true,"href":"https:\/\/nexgendecors.com\/es\/wp-json\/wp\/v2\/product_tag?post=51612"}],"curies":[{"name":"wp","href":"https:\/\/api.w.org\/{rel}","templated":true}]}}