{"id":51635,"date":"2025-01-26T02:33:16","date_gmt":"2025-01-26T02:33:16","guid":{"rendered":"https:\/\/nexgendecors.com\/product\/chita-oversized-modular-sectional-fabric-sofa-set-extra-large-l-shaped-couch-with-reversible-chaise-modular-sectional-couch-112-inch-width-4-seat-modular-sofa-with-storage-ottoman-linen171187912012"},"modified":"2025-04-06T08:22:43","modified_gmt":"2025-04-06T08:22:43","slug":"chita-oversized-modular-sectional-fabric-sofa-set-extra-large-l-shaped-couch-with-reversible-chaise-modular-sectional-couch-112-inch-width-4-seat-modular-sofa-with-storage-ottoman-linen1711879120121","status":"publish","type":"product","link":"https:\/\/nexgendecors.com\/es\/product\/chita-oversized-modular-sectional-fabric-sofa-set-extra-large-l-shaped-couch-with-reversible-chaise-modular-sectional-couch-112-inch-width-4-seat-modular-sofa-with-storage-ottoman-linen1711879120121\/","title":{"rendered":"CHITA Sof\u00e1 seccional modular extragrande en L"},"content":{"rendered":"<p><strong>CHITA 4-Piece Modular Sofa Chaise Highlights<\/strong> \ud83d\udecb\ufe0f:<\/p>\n<ul>\n<li>\n<strong>Larger Seats<\/strong>: 34&#8221; seat width, 30% larger than most counterparts<\/li>\n<li>\n<strong>Customizable Configurations<\/strong>: Rearrange for various room sizes and occasions<\/li>\n<li>\n<strong>Comfortable Dive<\/strong>: High-density foam padding, soft blend fiber cushions, medium firmness<\/li>\n<li>\n<strong>Calidad Premium<\/strong>: Solid engineered wood frame, kiln-dried, high-gauge sinuous springs<\/li>\n<li>\n<strong>Capacidad de peso<\/strong>: 350 lbs per seat<\/li>\n<li>\n<strong>Care Instructions<\/strong>: Spot clean for non-removable areas, dry clean cushion covers<\/li>\n<\/ul>\n<p><strong>Dimensions &#038; Configuration<\/strong> \ud83d\udccf:<\/p>\n<ul>\n<li>Overall width with three seats: 112&#8221;<\/li>\n<li>Individual seat dimension: 34&#8221;W x 21.5&#8221;D x 18.5&#8221;H<\/li>\n<li>Minimum door width: 18&#8221;<\/li>\n<li>Package Breakdown:\n<ul>\n<li>Box 1: Arms<\/li>\n<li>Box 2: Left seat &#038; backrest<\/li>\n<li>Box 3: Right seat &#038; backrest<\/li>\n<li>Box 4: Armless chair<\/li>\n<li>Box 5: Ottoman<\/li>\n<\/ul>\n<\/li>\n<\/ul>\n<p><strong>About CHITA Quality<\/strong> \ud83c\udf1f:<\/p>\n<ul>\n<li>Handcrafted by skilled artisans<\/li>\n<li>Sturdy construction with corner-blocked wooden frame<\/li>\n<li>CertiPur-US certified foam for cushions<\/li>\n<\/ul>\n<p><strong>Shipping Details<\/strong> \ud83d\udce6:<\/p>\n<ul>\n<li>5 separate boxes for efficient shipping<\/li>\n<li>Boxes designed to fit narrow staircases and elevators, may arrive on different dates<\/li>\n<\/ul>\n<ul data-mce-fragment=\"1\"><\/ul>\n<div><\/div>","protected":false},"excerpt":{"rendered":"<p>CHITA 4-Piezas Sof\u00e1 Modular Chaise Highlights \ud83d\udecb\ufe0f: Asientos m\u00e1s grandes: 34\" de ancho de asiento, 30% m\u00e1s grande que la mayor\u00eda de sus hom\u00f3logos Configuraciones personalizables: Reorganice<\/p>","protected":false},"featured_media":109374,"comment_status":"open","ping_status":"closed","template":"","meta":[],"product_brand":[],"product_cat":[30971,30846,32,30873],"product_tag":[],"class_list":{"0":"post-51635","1":"product","2":"type-product","3":"status-publish","4":"has-post-thumbnail","6":"product_cat-hp","7":"product_cat-living-room","8":"product_cat-residential-furniture","9":"product_cat-sofa","11":"first","12":"instock","13":"taxable","14":"shipping-taxable","15":"purchasable","16":"product-type-variable"},"_links":{"self":[{"href":"https:\/\/nexgendecors.com\/es\/wp-json\/wp\/v2\/product\/51635","targetHints":{"allow":["GET"]}}],"collection":[{"href":"https:\/\/nexgendecors.com\/es\/wp-json\/wp\/v2\/product"}],"about":[{"href":"https:\/\/nexgendecors.com\/es\/wp-json\/wp\/v2\/types\/product"}],"replies":[{"embeddable":true,"href":"https:\/\/nexgendecors.com\/es\/wp-json\/wp\/v2\/comments?post=51635"}],"version-history":[{"count":0,"href":"https:\/\/nexgendecors.com\/es\/wp-json\/wp\/v2\/product\/51635\/revisions"}],"wp:featuredmedia":[{"embeddable":true,"href":"https:\/\/nexgendecors.com\/es\/wp-json\/wp\/v2\/media\/109374"}],"wp:attachment":[{"href":"https:\/\/nexgendecors.com\/es\/wp-json\/wp\/v2\/media?parent=51635"}],"wp:term":[{"taxonomy":"product_brand","embeddable":true,"href":"https:\/\/nexgendecors.com\/es\/wp-json\/wp\/v2\/product_brand?post=51635"},{"taxonomy":"product_cat","embeddable":true,"href":"https:\/\/nexgendecors.com\/es\/wp-json\/wp\/v2\/product_cat?post=51635"},{"taxonomy":"product_tag","embeddable":true,"href":"https:\/\/nexgendecors.com\/es\/wp-json\/wp\/v2\/product_tag?post=51635"}],"curies":[{"name":"wp","href":"https:\/\/api.w.org\/{rel}","templated":true}]}}