{"id":51659,"date":"2025-01-26T02:33:18","date_gmt":"2025-01-26T02:33:18","guid":{"rendered":"https:\/\/nexgendecors.com\/product\/chita-power-recliner-chair-swivel-glider-fsc-certified-upholstered-faux-leather-living-room-reclining-sofa-chair-with-lumbar-support-cognac-brown1711879083768\/"},"modified":"2025-04-06T08:22:47","modified_gmt":"2025-04-06T08:22:47","slug":"sillon-reclinable-electrico-chita-giratorio-y-deslizable-con-certificacion-fsc-tapizado-en-piel-sintetica-para-sala-de-estar-con-soporte-lumbar-color-marron-conac-1711879083768","status":"publish","type":"product","link":"https:\/\/nexgendecors.com\/es\/product\/sillon-reclinable-electrico-chita-giratorio-y-deslizable-con-certificacion-fsc-tapizado-en-piel-sintetica-para-sala-de-estar-con-soporte-lumbar-color-marron-conac-1711879083768\/","title":{"rendered":"CHITA Silla reclinable deslizante giratoria con soporte lumbar"},"content":{"rendered":"<p data-mce-fragment=\"1\">\ud83e\ude91 <strong data-mce-fragment=\"1\">M\u00e1xima comodidad para las mam\u00e1s<\/strong>:<\/p>\n<ul data-mce-fragment=\"1\">\n<li data-mce-fragment=\"1\">Dise\u00f1ado teniendo en cuenta la relajaci\u00f3n de la mam\u00e1, este sill\u00f3n reclinable giratorio con planeador el\u00e9ctrico ofrece un giro de 270 grados, un deslizamiento suave y una funci\u00f3n de reclinaci\u00f3n suave \ud83c\udf2c\ufe0f<\/li>\n<li data-mce-fragment=\"1\">Ajuste f\u00e1cilmente entre un \u00e1ngulo reclinable de 90 a 135\u00b0 para una comodidad y versatilidad personalizables \ud83d\udecb\ufe0f<\/li>\n<\/ul>\n<p data-mce-fragment=\"1\">\ud83d\udcaa <strong data-mce-fragment=\"1\">Construido para durar<\/strong>:<\/p>\n<ul data-mce-fragment=\"1\">\n<li data-mce-fragment=\"1\">A diferencia de las sillas de guarder\u00eda comunes, nuestra silla cuenta con un mecanismo patentado de Leggett &amp; Platt \ud83c\udfc6<\/li>\n<li data-mce-fragment=\"1\">Pas\u00f3 con \u00e9xito una rigurosa prueba de vida \u00fatil de 25.000 ciclos \ud83d\udcaa<\/li>\n<li data-mce-fragment=\"1\">Soporta hasta 350 libras para una durabilidad y estabilidad duraderas \u2696\ufe0f<\/li>\n<\/ul>\n<p data-mce-fragment=\"1\">\ud83d\ude0c <strong data-mce-fragment=\"1\">Rel\u00e1jese con estilo<\/strong>:<\/p>\n<ul data-mce-fragment=\"1\">\n<li data-mce-fragment=\"1\">Reposapi\u00e9s extendido para una relajaci\u00f3n total del cuerpo durante actividades como mirar televisi\u00f3n, leer o tomar una siesta \ud83d\udcfa\ud83d\udcd6\ud83d\udca4<\/li>\n<li data-mce-fragment=\"1\">El coj\u00edn lumbar fijo ofrece soporte adicional a la zona lumbar, mejorando la comodidad durante el tiempo libre \ud83c\udf1f<\/li>\n<\/ul>\n<p data-mce-fragment=\"1\">\ud83d\udd0c <strong data-mce-fragment=\"1\">Mant\u00e9ngase conectado y c\u00f3modo<\/strong>:<\/p>\n<ul data-mce-fragment=\"1\">\n<li data-mce-fragment=\"1\">Los puertos de carga USB incorporados garantizan que sus dispositivos est\u00e9n siempre listos para usar \ud83d\udcf1\ud83d\udd0b<\/li>\n<li data-mce-fragment=\"1\">F\u00e1cil montaje con un simple deslizamiento hacia atr\u00e1s en el asiento: \u00a1sin complicaciones, solo comodidad! \ud83d\udee0\ufe0f<\/li>\n<\/ul>\n<p data-mce-fragment=\"1\">\ud83d\udee1\ufe0f <strong data-mce-fragment=\"1\">Seguro de calidad<\/strong>:<\/p>\n<ul data-mce-fragment=\"1\">\n<li data-mce-fragment=\"1\">Disfruta de la tranquilidad con nuestra garant\u00eda de un a\u00f1o en el mecanismo y el marco de madera maciza \ud83d\udee1\ufe0f<\/li>\n<li data-mce-fragment=\"1\">Nos comprometemos a ofrecer un producto de alta calidad que resista el paso del tiempo \u23f3\ud83d\udc4c<\/li>\n<\/ul>\n<div><\/div>","protected":false},"excerpt":{"rendered":"<p>\ud83e\ude91 M\u00e1xima comodidad para las mam\u00e1s: Dise\u00f1ado pensando en la relajaci\u00f3n de las mam\u00e1s, este sill\u00f3n reclinable con balanc\u00edn giratorio power glider ofrece un<\/p>","protected":false},"featured_media":109404,"comment_status":"open","ping_status":"closed","template":"","meta":[],"product_brand":[],"product_cat":[30811,30971,30846,32,30873],"product_tag":[],"class_list":{"0":"post-51659","1":"product","2":"type-product","3":"status-publish","4":"has-post-thumbnail","6":"product_cat-armchairs","7":"product_cat-hp","8":"product_cat-living-room","9":"product_cat-residential-furniture","10":"product_cat-sofa","12":"first","13":"instock","14":"sale","15":"taxable","16":"shipping-taxable","17":"purchasable","18":"product-type-variable"},"_links":{"self":[{"href":"https:\/\/nexgendecors.com\/es\/wp-json\/wp\/v2\/product\/51659","targetHints":{"allow":["GET"]}}],"collection":[{"href":"https:\/\/nexgendecors.com\/es\/wp-json\/wp\/v2\/product"}],"about":[{"href":"https:\/\/nexgendecors.com\/es\/wp-json\/wp\/v2\/types\/product"}],"replies":[{"embeddable":true,"href":"https:\/\/nexgendecors.com\/es\/wp-json\/wp\/v2\/comments?post=51659"}],"version-history":[{"count":0,"href":"https:\/\/nexgendecors.com\/es\/wp-json\/wp\/v2\/product\/51659\/revisions"}],"wp:featuredmedia":[{"embeddable":true,"href":"https:\/\/nexgendecors.com\/es\/wp-json\/wp\/v2\/media\/109404"}],"wp:attachment":[{"href":"https:\/\/nexgendecors.com\/es\/wp-json\/wp\/v2\/media?parent=51659"}],"wp:term":[{"taxonomy":"product_brand","embeddable":true,"href":"https:\/\/nexgendecors.com\/es\/wp-json\/wp\/v2\/product_brand?post=51659"},{"taxonomy":"product_cat","embeddable":true,"href":"https:\/\/nexgendecors.com\/es\/wp-json\/wp\/v2\/product_cat?post=51659"},{"taxonomy":"product_tag","embeddable":true,"href":"https:\/\/nexgendecors.com\/es\/wp-json\/wp\/v2\/product_tag?post=51659"}],"curies":[{"name":"wp","href":"https:\/\/api.w.org\/{rel}","templated":true}]}}