{"id":51682,"date":"2025-01-26T02:33:22","date_gmt":"2025-01-26T02:33:22","guid":{"rendered":"https:\/\/nexgendecors.com\/product\/chita-swivel-accent-chair-armchair-round-barrel-chair-in-fabric-for-living-room-bedroom-linen1711879083860\/"},"modified":"2025-04-06T08:22:54","modified_gmt":"2025-04-06T08:22:54","slug":"sillon-giratorio-chita-con-acento-redondo-de-tela-para-sala-de-estar-y-dormitorio-lino-1711879083860","status":"publish","type":"product","link":"https:\/\/nexgendecors.com\/es\/product\/sillon-giratorio-chita-con-acento-redondo-de-tela-para-sala-de-estar-y-dormitorio-lino-1711879083860\/","title":{"rendered":"CHITA Silla de centro giratoria en tejido de lino"},"content":{"rendered":"<p data-mce-fragment=\"1\"><strong data-mce-fragment=\"1\">Silla giratoria moderna con acento de barril<\/strong><\/p>\n<p data-mce-fragment=\"1\">\ud83e\ude91 <strong data-mce-fragment=\"1\">Caracter\u00edsticas principales<\/strong>:<\/p>\n<ul data-mce-fragment=\"1\">\n<li data-mce-fragment=\"1\">\n<strong data-mce-fragment=\"1\">M\u00e1xima comodidad<\/strong>:El respaldo a la altura de los om\u00f3platos combinado con un acolchado de espuma gruesa garantiza una comodidad suprema para sentarse durante per\u00edodos prolongados \ud83d\udecb\ufe0f<\/li>\n<li data-mce-fragment=\"1\">\n<strong data-mce-fragment=\"1\">Colocaci\u00f3n vers\u00e1til<\/strong>Ideal para diversas estancias: sala, sala de estar, dormitorio u oficina. \u00a1Se adapta a cualquier necesidad y espacio! \ud83c\udfe0<\/li>\n<\/ul>\n<p data-mce-fragment=\"1\">\ud83c\udfa8 <strong data-mce-fragment=\"1\">Detalles de dise\u00f1o<\/strong>:<\/p>\n<ul data-mce-fragment=\"1\">\n<li data-mce-fragment=\"1\">\n<strong data-mce-fragment=\"1\">Silueta elegante<\/strong>:Cuenta con brazos inclinados que le dan un toque cl\u00e1sico con un toque moderno \ud83c\udf1f<\/li>\n<li data-mce-fragment=\"1\">\n<strong data-mce-fragment=\"1\">Base elegante<\/strong>:La base giratoria de 360 grados de alta resistencia exhibe elegantes detalles de madera, agregando un toque de sofisticaci\u00f3n \ud83c\udf33<\/li>\n<\/ul>\n<p data-mce-fragment=\"1\">\ud83d\udee0\ufe0f <strong data-mce-fragment=\"1\">Preparado para usar<\/strong>:<\/p>\n<ul data-mce-fragment=\"1\">\n<li data-mce-fragment=\"1\">\n<strong data-mce-fragment=\"1\">Completamente ensamblado<\/strong>No necesitas complicarte con el montaje. \u00a1Simplemente s\u00e1calo de la caja y si\u00e9ntate! \ud83d\udce6\u27a1\ufe0f\ud83e\ude91<\/li>\n<\/ul>\n<p data-mce-fragment=\"1\">\ud83d\udcaa <strong data-mce-fragment=\"1\">Dise\u00f1ado para la longevidad<\/strong>:<\/p>\n<ul data-mce-fragment=\"1\">\n<li data-mce-fragment=\"1\">\n<strong data-mce-fragment=\"1\">Construcci\u00f3n duradera<\/strong>:El marco de madera maciza combinado con una base de madera giratoria de 360 grados garantiza una durabilidad y estabilidad duraderas \ud83c\udf32<\/li>\n<\/ul>\n<p data-mce-fragment=\"1\">\ud83d\udcd0 <strong data-mce-fragment=\"1\">Especificaciones del producto<\/strong>:<\/p>\n<ul data-mce-fragment=\"1\">\n<li data-mce-fragment=\"1\">\n<strong data-mce-fragment=\"1\">Dimensiones<\/strong>: 31,1\u2033 de ancho x 31,1\u2033 de profundidad x 28,3\u2033 de alto<\/li>\n<li data-mce-fragment=\"1\">\n<strong data-mce-fragment=\"1\">Altura del asiento<\/strong>: 17.3&#8243;<\/li>\n<\/ul>\n<p data-mce-fragment=\"1\">Realza tu espacio vital con esta elegante y c\u00f3moda silla giratoria tipo barril. Su combinaci\u00f3n de encanto cl\u00e1sico y funcionalidad moderna la convierte en el complemento perfecto para cualquier hogar. \ud83c\udf1f\ud83c\udfe1<\/p>\n<div><\/div>","protected":false},"excerpt":{"rendered":"<p>Silla de barril giratoria moderna \ud83e\ude91 Caracter\u00edsticas principales: M\u00e1xima comodidad: Respaldo a la altura de los hombros combinado con un acolchado de espuma de relleno grueso que garantiza un confort supremo<\/p>","protected":false},"featured_media":109506,"comment_status":"open","ping_status":"closed","template":"","meta":[],"product_brand":[],"product_cat":[30811,30971,30846,32],"product_tag":[],"class_list":{"0":"post-51682","1":"product","2":"type-product","3":"status-publish","4":"has-post-thumbnail","6":"product_cat-armchairs","7":"product_cat-hp","8":"product_cat-living-room","9":"product_cat-residential-furniture","11":"first","12":"instock","13":"sale","14":"taxable","15":"shipping-taxable","16":"purchasable","17":"product-type-variable"},"_links":{"self":[{"href":"https:\/\/nexgendecors.com\/es\/wp-json\/wp\/v2\/product\/51682","targetHints":{"allow":["GET"]}}],"collection":[{"href":"https:\/\/nexgendecors.com\/es\/wp-json\/wp\/v2\/product"}],"about":[{"href":"https:\/\/nexgendecors.com\/es\/wp-json\/wp\/v2\/types\/product"}],"replies":[{"embeddable":true,"href":"https:\/\/nexgendecors.com\/es\/wp-json\/wp\/v2\/comments?post=51682"}],"version-history":[{"count":0,"href":"https:\/\/nexgendecors.com\/es\/wp-json\/wp\/v2\/product\/51682\/revisions"}],"wp:featuredmedia":[{"embeddable":true,"href":"https:\/\/nexgendecors.com\/es\/wp-json\/wp\/v2\/media\/109506"}],"wp:attachment":[{"href":"https:\/\/nexgendecors.com\/es\/wp-json\/wp\/v2\/media?parent=51682"}],"wp:term":[{"taxonomy":"product_brand","embeddable":true,"href":"https:\/\/nexgendecors.com\/es\/wp-json\/wp\/v2\/product_brand?post=51682"},{"taxonomy":"product_cat","embeddable":true,"href":"https:\/\/nexgendecors.com\/es\/wp-json\/wp\/v2\/product_cat?post=51682"},{"taxonomy":"product_tag","embeddable":true,"href":"https:\/\/nexgendecors.com\/es\/wp-json\/wp\/v2\/product_tag?post=51682"}],"curies":[{"name":"wp","href":"https:\/\/api.w.org\/{rel}","templated":true}]}}