{"id":51696,"date":"2025-01-26T02:33:24","date_gmt":"2025-01-26T02:33:24","guid":{"rendered":"https:\/\/nexgendecors.com\/product\/chita-swivel-accent-chair-mid-century-modern-arm-chair-for-living-room-and-bedroom-linen1711879083680\/"},"modified":"2025-04-06T08:22:57","modified_gmt":"2025-04-06T08:22:57","slug":"sillon-giratorio-chita-con-acento-moderno-de-mediados-de-siglo-para-sala-de-estar-y-dormitorio-lino-1711879083680","status":"publish","type":"product","link":"https:\/\/nexgendecors.com\/es\/product\/sillon-giratorio-chita-con-acento-moderno-de-mediados-de-siglo-para-sala-de-estar-y-dormitorio-lino-1711879083680\/","title":{"rendered":"CHITA Silla de centro giratoria moderna de mediados de siglo, Lino"},"content":{"rendered":"<p data-mce-fragment=\"1\"><strong data-mce-fragment=\"1\">Elegante silla giratoria moderna de mediados de siglo<\/strong><\/p>\n<p data-mce-fragment=\"1\">\ud83c\udf1f <strong data-mce-fragment=\"1\">Caracter\u00edsticas y especificaciones clave<\/strong>:<\/p>\n<ul data-mce-fragment=\"1\">\n<li data-mce-fragment=\"1\">\n<p data-mce-fragment=\"1\"><strong data-mce-fragment=\"1\">Dise\u00f1o atemporal<\/strong>: Representando la esencia del modernismo del siglo XX, esta silla luce una silueta limpia y sencilla. Su dise\u00f1o vers\u00e1til complementa a la perfecci\u00f3n cualquier decoraci\u00f3n, convirti\u00e9ndola en el complemento perfecto para tu sala de estar o dormitorio. \ud83d\udecb\ufe0f\ud83c\udf3f<\/p>\n<\/li>\n<li data-mce-fragment=\"1\">\n<p data-mce-fragment=\"1\"><strong data-mce-fragment=\"1\">Construcci\u00f3n duradera<\/strong>Equipada con una robusta base de madera y un mecanismo giratorio oculto de 360 grados, esta silla ofrece estabilidad y flexibilidad. Fabricada con madera maciza de ingenier\u00eda y madera dura, garantiza una larga durabilidad. Adem\u00e1s, el proceso de secado al horno aumenta su resistencia y durabilidad.<\/p>\n<\/li>\n<li data-mce-fragment=\"1\">\n<p data-mce-fragment=\"1\"><strong data-mce-fragment=\"1\">Asientos c\u00f3modos<\/strong>Sum\u00e9rgete en una comodidad inigualable con nuestros lujosos cojines. El asiento cuenta con un coj\u00edn de espuma premium 2.0 de alta densidad, mientras que el respaldo cuenta con un coj\u00edn ecol\u00f3gico relleno de fibra, con acolchado y canalizado para mantener su forma con el tiempo. Ambos cojines son sueltos e irreversibles, ofreciendo una comodidad \u00f3ptima para descansar.<\/p>\n<\/li>\n<li data-mce-fragment=\"1\">\n<p data-mce-fragment=\"1\"><strong data-mce-fragment=\"1\">Dimensiones y capacidad<\/strong>Las dimensiones totales de la silla son 84 cm de profundidad x 76 cm de ancho x 84 cm de alto, con un asiento espacioso de 54 cm de profundidad x 60 cm de ancho x 48 cm de alto. La silla soporta hasta 136 kg.<\/p>\n<\/li>\n<li data-mce-fragment=\"1\">\n<p data-mce-fragment=\"1\"><strong data-mce-fragment=\"1\">Listo para disfrutar<\/strong>Esta silla no requiere ensamblaje. Simplemente desempaqu\u00e9tela y col\u00f3quela donde desee. Si tiene alguna pregunta o inquietud, nuestro equipo de atenci\u00f3n al cliente est\u00e1 disponible para ayudarle.<\/p>\n<\/li>\n<\/ul>\n<p data-mce-fragment=\"1\">Disfrute de la combinaci\u00f3n de estilo, comodidad y durabilidad que ofrece nuestra elegante silla giratoria moderna de mediados de siglo. Su dise\u00f1o cl\u00e1sico, junto con sus pr\u00e1cticas caracter\u00edsticas, promete elevar su experiencia de relajaci\u00f3n. Ya sea que se relaje despu\u00e9s de un largo d\u00eda o disfrute de su libro favorito, esta silla ofrece el refugio perfecto para sus momentos de ocio. \ud83c\udf1f\ud83e\ude91<\/p>\n<div><\/div>","protected":false},"excerpt":{"rendered":"<p>Elegante silla giratoria moderna de mediados de siglo \ud83c\udf1f Caracter\u00edsticas principales y especificaciones: Dise\u00f1o atemporal: Encarnando la esencia del modernismo del siglo XX, esta silla<\/p>","protected":false},"featured_media":109524,"comment_status":"open","ping_status":"closed","template":"","meta":[],"product_brand":[],"product_cat":[30811,30971,30846,32],"product_tag":[],"class_list":{"0":"post-51696","1":"product","2":"type-product","3":"status-publish","4":"has-post-thumbnail","6":"product_cat-armchairs","7":"product_cat-hp","8":"product_cat-living-room","9":"product_cat-residential-furniture","11":"first","12":"instock","13":"sale","14":"taxable","15":"shipping-taxable","16":"purchasable","17":"product-type-variable"},"_links":{"self":[{"href":"https:\/\/nexgendecors.com\/es\/wp-json\/wp\/v2\/product\/51696","targetHints":{"allow":["GET"]}}],"collection":[{"href":"https:\/\/nexgendecors.com\/es\/wp-json\/wp\/v2\/product"}],"about":[{"href":"https:\/\/nexgendecors.com\/es\/wp-json\/wp\/v2\/types\/product"}],"replies":[{"embeddable":true,"href":"https:\/\/nexgendecors.com\/es\/wp-json\/wp\/v2\/comments?post=51696"}],"version-history":[{"count":0,"href":"https:\/\/nexgendecors.com\/es\/wp-json\/wp\/v2\/product\/51696\/revisions"}],"wp:featuredmedia":[{"embeddable":true,"href":"https:\/\/nexgendecors.com\/es\/wp-json\/wp\/v2\/media\/109524"}],"wp:attachment":[{"href":"https:\/\/nexgendecors.com\/es\/wp-json\/wp\/v2\/media?parent=51696"}],"wp:term":[{"taxonomy":"product_brand","embeddable":true,"href":"https:\/\/nexgendecors.com\/es\/wp-json\/wp\/v2\/product_brand?post=51696"},{"taxonomy":"product_cat","embeddable":true,"href":"https:\/\/nexgendecors.com\/es\/wp-json\/wp\/v2\/product_cat?post=51696"},{"taxonomy":"product_tag","embeddable":true,"href":"https:\/\/nexgendecors.com\/es\/wp-json\/wp\/v2\/product_tag?post=51696"}],"curies":[{"name":"wp","href":"https:\/\/api.w.org\/{rel}","templated":true}]}}